{"id":344001,"date":"2021-10-14T14:08:38","date_gmt":"2021-10-14T13:08:38","guid":{"rendered":"https:\/\/www.moskito.cz\/produkt\/cuchillo-solido-sog-seal-pup-elite-negro\/"},"modified":"2024-06-12T13:48:05","modified_gmt":"2024-06-12T12:48:05","slug":"cuchillo-solido-sog-seal-pup-elite-negro","status":"publish","type":"product","link":"https:\/\/www.moskito.cz\/es\/produkt\/cuchillo-solido-sog-seal-pup-elite-negro\/","title":{"rendered":"Cuchillo S\u00f3lido SOG SEAL Pup Elite Negro"},"content":{"rendered":"<p>Nuestra historia comienza en Vietnam, donde los miembros de la fuerza de operaciones especiales ultrasecreta de Estados Unidos, conocida como MACV &#8211; <strong>SOG<\/strong> , llevaron un cuchillo secreto \u00fanico a la jungla en misiones encubiertas. Unos a\u00f1os m\u00e1s tarde, en 1986, este cuchillo inspir\u00f3 a un joven dise\u00f1ador llamado Spencer Frazer a fundar <strong>SOG<\/strong> Specialty Knives. Su misi\u00f3n: reproducir el cuchillo <strong>SOG<\/strong> Bowie original y rendir homenaje a la unidad de operaciones especiales que lo cre\u00f3. Lo que comenz\u00f3 como un \u00fanico modelo conmemorativo pronto se convirti\u00f3 en toda una l\u00ednea de herramientas innovadoras, probadas por las Fuerzas Especiales de EE. UU., incluso premiadas como el cuchillo preferido de los Navy SEAL. Hoy en d\u00eda, los cuchillos SOG se usan con confianza en las situaciones m\u00e1s exigentes. Forjado a partir de la tradici\u00f3n, endurecido en el campo, archivado para ti.<\/p>\n<p>Ya sea que est\u00e9s protegiendo a otros o liderando una expedici\u00f3n de caza \u00e9pica, afrontando uno de los desaf\u00edos cotidianos de la vida o afrontando las condiciones m\u00e1s extremas hasta el momento, sigue tu camino con <strong>SOG<\/strong> .<\/p>\n<p>Cuchillo Macizo <strong>SOG<\/strong> SEAL Pup Elite Negro.<\/p>\n<p>Hoja fija t\u00e1ctica compacta gruesa y duradera con mango de nailon reforzado con vidrio. Disponible con funda de nailon compatible con MOLLE.<\/p>\n<p>No todos los cuchillos de supervivencia necesitan ser de gran tama\u00f1o, y este cuchillo de tama\u00f1o mediano tiene muchas de las excelentes caracter\u00edsticas que esperamos y en las que confiamos de SOG. La mejor caracter\u00edstica de este cuchillo es la longevidad de su filo. S\u00e9 que aunque uso este cuchillo para algunas tareas cotidianas, seguir\u00e1 estando afilado si tengo que usarlo en una emergencia.<\/p>\n<p>Longitud total: 24 cm<br \/>\nPeso del producto: 5,40 onzas<br \/>\nLongitud de la hoja: 12,5 cm<br \/>\nL\u00ednea de productos: Seal Pup Elite<br \/>\nTiNi negro con carcasa dura<br \/>\nTipo de borde : Parcialmente dentado<br \/>\nTipo de hoja de acero: AUS-8<br \/>\nMaterial del mango: Nylon reforzado con vidrio<br \/>\nColor del mango : Negro<br \/>\nDureza: RC 57-58<br \/>\nEstuche incluido: S\u00ed<br \/>\nColor de la caja: Negro<\/p>\n<p>Hoja fija t\u00e1ctica compacta, gruesa y duradera con raspador de columna y mango de nailon reforzado con vidrio. Disponible con funda de nailon compatible con MOLLE.<\/p>\n<p>\u00abNo todos los cuchillos de supervivencia necesitan ser de gran tama\u00f1o, y este cuchillo de tama\u00f1o mediano tiene muchas de las excelentes caracter\u00edsticas que esperamos y en las que confiamos en un SOG. La mejor caracter\u00edstica de este cuchillo es la longevidad de su filo. S\u00e9 que incluso si uso este cuchillo para algunas tareas diarias, seguir\u00e1 estando afilado si tengo que usarlo en una emergencia\u00bb.<\/p>\n<p>Longitud total<br \/>\n9,5&#8243;<br \/>\nPeso del Producto<br \/>\n5,40 onzas<br \/>\nLongitud de la hoja<br \/>\n4,85&#8243;<br \/>\nGrosor de la hoja<br \/>\n0,19&#8243;<br \/>\nFamilia de productos<br \/>\nCachorro de foca de \u00e9lite<br \/>\ntipo de producto<br \/>\nHoja fija<br \/>\nPa\u00eds de origen<br \/>\nTaiw\u00e1n<br \/>\nAgujero para cord\u00f3n<br \/>\nS\u00ed<br \/>\nMaterial del cord\u00f3n<br \/>\nNylon<br \/>\ngrabable<br \/>\nS\u00ed<br \/>\nFinalizar<br \/>\nTiNi negro con carcasa dura<br \/>\nTipo de borde<br \/>\nParcialmente dentado<br \/>\nTipo de hoja de acero<br \/>\nAUS-8<br \/>\nForma de la hoja<br \/>\nPunto de recorte<br \/>\nTipo de columna<br \/>\nRaspar<br \/>\nMaterial del mango<br \/>\nNailon reforzado con vidrio<br \/>\nColor del mango<br \/>\nNegro<br \/>\nDureza<br \/>\nRC. 57-58<br \/>\nFunda incluida<br \/>\nS\u00ed<br \/>\nColor de la funda<br \/>\nNegro<\/p>\n<p>&nbsp;<\/p>\n","protected":false},"excerpt":{"rendered":"<div class=\"elementor-element elementor-element-bbb542b elementor-widget elementor-widget-woocommerce-product-short-description\" data-id=\"bbb542b\" data-element_type=\"widget\" data-widget_type=\"woocommerce-product-short-description.default\">\n<div class=\"elementor-widget-container\">\n<div class=\"woocommerce-product-details__short-description\">\n<div class=\"elementor-element elementor-element-bbb542b elementor-widget elementor-widget-woocommerce-product-short-description\" data-id=\"bbb542b\" data-element_type=\"widget\" data-widget_type=\"woocommerce-product-short-description.default\">\n<div class=\"elementor-widget-container\">\n<div class=\"woocommerce-product-details__short-description\">\n<p>Ya sea que est\u00e9s protegiendo a otros o liderando una expedici\u00f3n de caza \u00e9pica, afrontando uno de los desaf\u00edos cotidianos de la vida o afrontando las condiciones m\u00e1s extremas hasta el momento, sigue tu camino con <strong>SOG<\/strong> .<\/p>\n<p><strong>\u00a1Ofrecemos una garant\u00eda de por vida en todos los cuchillos SOG!<\/strong><\/p>\n<\/div>\n<\/div>\n<\/div>\n<\/div>\n<\/div>\n<\/div>\n","protected":false},"featured_media":344002,"comment_status":"open","ping_status":"closed","template":"","meta":[],"pwb-brand":[3848],"product_brand":[],"product_cat":[3727,3726],"product_tag":[3756],"class_list":{"0":"post-344001","1":"product","2":"type-product","3":"status-publish","4":"has-post-thumbnail","6":"pwb-brand-sog-es","7":"product_cat-cuchillos-macizos","8":"product_cat-cuchillos","9":"product_tag-b2b-es","11":"first","12":"instock","13":"taxable","14":"shipping-taxable","15":"purchasable","16":"product-type-simple"},"brands":[{"id":3848,"name":"SOG","slug":"sog-es"}],"_links":{"self":[{"href":"https:\/\/www.moskito.cz\/es\/wp-json\/wp\/v2\/product\/344001","targetHints":{"allow":["GET"]}}],"collection":[{"href":"https:\/\/www.moskito.cz\/es\/wp-json\/wp\/v2\/product"}],"about":[{"href":"https:\/\/www.moskito.cz\/es\/wp-json\/wp\/v2\/types\/product"}],"replies":[{"embeddable":true,"href":"https:\/\/www.moskito.cz\/es\/wp-json\/wp\/v2\/comments?post=344001"}],"wp:featuredmedia":[{"embeddable":true,"href":"https:\/\/www.moskito.cz\/es\/wp-json\/wp\/v2\/media\/344002"}],"wp:attachment":[{"href":"https:\/\/www.moskito.cz\/es\/wp-json\/wp\/v2\/media?parent=344001"}],"wp:term":[{"taxonomy":"pwb-brand","embeddable":true,"href":"https:\/\/www.moskito.cz\/es\/wp-json\/wp\/v2\/pwb-brand?post=344001"},{"taxonomy":"product_brand","embeddable":true,"href":"https:\/\/www.moskito.cz\/es\/wp-json\/wp\/v2\/product_brand?post=344001"},{"taxonomy":"product_cat","embeddable":true,"href":"https:\/\/www.moskito.cz\/es\/wp-json\/wp\/v2\/product_cat?post=344001"},{"taxonomy":"product_tag","embeddable":true,"href":"https:\/\/www.moskito.cz\/es\/wp-json\/wp\/v2\/product_tag?post=344001"}],"curies":[{"name":"wp","href":"https:\/\/api.w.org\/{rel}","templated":true}]}}