{"id":344067,"date":"2021-09-24T17:25:45","date_gmt":"2024-06-12T12:55:47","guid":{"rendered":"https:\/\/www.moskito.cz\/produkt\/cuchillo-de-cierre-sog-flash-at-blackout-serrado\/"},"modified":"2025-05-07T11:17:01","modified_gmt":"2025-05-07T10:17:01","slug":"cuchillo-de-cierre-sog-flash-at-blackout-serrado","status":"publish","type":"product","link":"https:\/\/www.moskito.cz\/es\/produkt\/cuchillo-de-cierre-sog-flash-at-blackout-serrado\/","title":{"rendered":"Cuchillo de Cierre SOG FLASH AT BLACKOUT SERRADO"},"content":{"rendered":"<p>Cuchillo de cierre <strong>SOG<\/strong> FLASH AT BLACKOUT SERRADO.<\/p>\n<p>Nuestra historia comienza en Vietnam, donde los miembros de la fuerza de operaciones especiales ultrasecreta de Estados Unidos, conocida como MACV &#8211; <strong>SOG<\/strong> , llevaron un cuchillo secreto \u00fanico a la jungla en misiones encubiertas. Unos a\u00f1os m\u00e1s tarde, en 1986, este cuchillo inspir\u00f3 a un joven dise\u00f1ador llamado Spencer Frazer a fundar SOG Specialty Knives. Su misi\u00f3n: reproducir el cuchillo SOG Bowie original y rendir homenaje a la unidad de operaciones especiales que lo cre\u00f3. Lo que comenz\u00f3 como un \u00fanico modelo conmemorativo pronto se convirti\u00f3 en toda una l\u00ednea de herramientas innovadoras, probadas por las Fuerzas Especiales de EE. UU., incluso premiadas como el cuchillo preferido de los Navy SEAL. Hoy en d\u00eda, los cuchillos SOG se usan con confianza en las situaciones m\u00e1s exigentes. Forjado a partir de la tradici\u00f3n, endurecido en el campo, archivado para ti.<\/p>\n<p>Ya sea que est\u00e9s protegiendo a otros o liderando una expedici\u00f3n de caza \u00e9pica, afrontando uno de los desaf\u00edos cotidianos de la vida o afrontando las condiciones m\u00e1s extremas hasta el momento, sigue tu camino con SOG.<\/p>\n<p>Dise\u00f1ado para el usuario cotidiano, Flash AT presenta una apertura asistida r\u00e1pida con el innovador bloqueo de doble cara AT-XR SOG y un dise\u00f1o de mango ergon\u00f3mico m\u00e1s aerodin\u00e1mico para un mejor agarre y comodidad. El Flash AT es compacto y f\u00e1cil de transportar, con una hoja de acero inoxidable D2 tratada t\u00e9rmicamente criog\u00e9nicamente de alto rendimiento. Su potente mecanismo de bloqueo XR tambi\u00e9n ofrece un confiable sistema de seguridad integrado de bloqueo de la hoja y un sistema de seguridad montado en la columna. Otra evoluci\u00f3n del popular Flash.<\/p>\n<p>DISE\u00d1O LOCO<br \/>\nEquilibra el dise\u00f1o moderno con un alto rendimiento y confiabilidad. El Flash AT tiene un elegante clip profundo y un mango ergon\u00f3mico eficiente.<\/p>\n<p>BLOQUEO AT-XR<br \/>\nEl candado XR patentado de SOG con tecnolog\u00eda asistida (AT) proporciona una apertura r\u00e1pida con una sola mano y un candado firme una vez abierto. Fiable y potente, capaz de soportar 1,500 libras de fuerza, el bloqueo AT-XR proporciona m\u00e1xima seguridad incorporada para bloquear la hoja al abrir, garantizando que solo se abra cuando est\u00e1 previsto.<\/p>\n<p>SEGURIDAD 2.0<br \/>\nSOG ha trabajado con los usuarios para desarrollar una seguridad bidireccional que sea tan f\u00e1cil como r\u00e1pida. Est\u00e1 dise\u00f1ado para ser intuitivo y utilizar movimientos naturales de la mano, lo que significa que no es necesario soltarlo para operarlo. Una vez abierto, se bloquea en su lugar como un tope para el pulgar. Todo lo que deber\u00eda ser la seguridad.<\/p>\n<p>ACERO ACERO CRYO D2<br \/>\nUn acero para herramientas multiusos con alto contenido de carbono que recibe un tratamiento t\u00e9rmico criog\u00e9nico seg\u00fan las especificaciones de rendimiento \u00fanicas de SOG. D2 proporciona la combinaci\u00f3n ideal de retenci\u00f3n de bordes y durabilidad para un uso prolongado con facilidad de mantenimiento.<\/p>\n<p>LARGO TOTAL: 21 cm<br \/>\nLARGO DE LA HOJA: 8,6 cm<br \/>\nPESO: 4,49 onzas<br \/>\nTIPO DE HOJA DE ACERO : Cryo D2<br \/>\nMATERIAL DEL MANGO: VERDE<br \/>\nACABADOS : Nitruro de titanio<br \/>\nMECANISMO DE BLOQUEO : AT-XR<br \/>\nMECANISMO DE APERTURA : Pulgar asistido<br \/>\nTIPO DE BORDE : Parcialmente dentado<\/p>\n<p>Dise\u00f1ado para usuarios cotidianos, Flash AT presenta una apertura r\u00e1pida asistida con el innovador bloqueo AT-XR ambidiestro de SOG y un dise\u00f1o de mango ergon\u00f3mico aerodin\u00e1mico para un mejor agarre y comodidad. Flash AT es compacto y f\u00e1cil de transportar, con una hoja de acero inoxidable D2 altamente funcional de 3,5&#8243; tratada t\u00e9rmicamente criog\u00e9nicamente. Su potente mecanismo de bloqueo XR tambi\u00e9n cuenta con un confiable sistema de seguridad de bloqueo de hoja incorporado y un sistema de seguridad montado en la columna. La pr\u00f3xima evoluci\u00f3n del popular Flash.<\/p>\n<p>LONGITUD TOTAL<br \/>\n8,29&#8243;<br \/>\nLONGITUD CERRADA<br \/>\n4,67&#8243;<br \/>\nLONGITUD DE LA HOJA<br \/>\n3,45&#8243;<br \/>\nPESO<br \/>\n4,49 onzas<br \/>\nTIPO DE ACERO DE LA HOJA<br \/>\nCrio D2<br \/>\nGROSOR DE LA HOJA<br \/>\n0,12&#8243;<br \/>\nMATERIAL DEL MANGO<br \/>\nverde<br \/>\nCOLOR DEL MANGO<br \/>\nApag\u00f3n<br \/>\nFINALIZAR<br \/>\nNitruro de titanio<br \/>\nMECANISMO DE BLOQUEO<br \/>\nAT-XR<br \/>\nSEGURO<br \/>\nSeguridad ambidiestra montada en la columna<br \/>\nMECANISMO DE APERTURA<br \/>\nPerno de pulgar asistido<br \/>\nPA\u00cdS DE ORIGEN<br \/>\nTaiw\u00e1n<br \/>\nTIPO DE BORDE<br \/>\nParcialmente dentado<br \/>\nFORMA DE LA HOJA<br \/>\nHacia atr\u00e1s<\/p>\n","protected":false},"excerpt":{"rendered":"<p>Ya sea que est\u00e9s protegiendo a otros o liderando una expedici\u00f3n de caza \u00e9pica, afrontando uno de los desaf\u00edos cotidianos de la vida o afrontando las condiciones m\u00e1s extremas hasta el momento, sigue tu camino con <strong>SOG<\/strong> .<\/p>\n<p><strong>\u00a1Ofrecemos una garant\u00eda de por vida en todos los cuchillos SOG!<\/strong><\/p>\n","protected":false},"featured_media":344068,"comment_status":"open","ping_status":"closed","template":"","meta":[],"pwb-brand":[3848],"product_brand":[],"product_cat":[3730,3726],"product_tag":[3756],"class_list":{"0":"post-344067","1":"product","2":"type-product","3":"status-publish","4":"has-post-thumbnail","6":"pwb-brand-sog-es","7":"product_cat-cuchillas-de-cierre","8":"product_cat-cuchillos","9":"product_tag-b2b-es","11":"first","12":"instock","13":"taxable","14":"shipping-taxable","15":"purchasable","16":"product-type-simple"},"brands":[{"id":3848,"name":"SOG","slug":"sog-es"}],"_links":{"self":[{"href":"https:\/\/www.moskito.cz\/es\/wp-json\/wp\/v2\/product\/344067","targetHints":{"allow":["GET"]}}],"collection":[{"href":"https:\/\/www.moskito.cz\/es\/wp-json\/wp\/v2\/product"}],"about":[{"href":"https:\/\/www.moskito.cz\/es\/wp-json\/wp\/v2\/types\/product"}],"replies":[{"embeddable":true,"href":"https:\/\/www.moskito.cz\/es\/wp-json\/wp\/v2\/comments?post=344067"}],"wp:featuredmedia":[{"embeddable":true,"href":"https:\/\/www.moskito.cz\/es\/wp-json\/wp\/v2\/media\/344068"}],"wp:attachment":[{"href":"https:\/\/www.moskito.cz\/es\/wp-json\/wp\/v2\/media?parent=344067"}],"wp:term":[{"taxonomy":"pwb-brand","embeddable":true,"href":"https:\/\/www.moskito.cz\/es\/wp-json\/wp\/v2\/pwb-brand?post=344067"},{"taxonomy":"product_brand","embeddable":true,"href":"https:\/\/www.moskito.cz\/es\/wp-json\/wp\/v2\/product_brand?post=344067"},{"taxonomy":"product_cat","embeddable":true,"href":"https:\/\/www.moskito.cz\/es\/wp-json\/wp\/v2\/product_cat?post=344067"},{"taxonomy":"product_tag","embeddable":true,"href":"https:\/\/www.moskito.cz\/es\/wp-json\/wp\/v2\/product_tag?post=344067"}],"curies":[{"name":"wp","href":"https:\/\/api.w.org\/{rel}","templated":true}]}}