{"id":344110,"date":"2022-05-02T20:59:51","date_gmt":"2024-06-13T12:58:37","guid":{"rendered":"https:\/\/www.moskito.cz\/produkt\/cuchillo-cerrador-sog-centi-ii\/"},"modified":"2025-10-20T22:48:00","modified_gmt":"2025-10-20T21:48:00","slug":"cuchillo-cerrador-sog-centi-ii","status":"publish","type":"product","link":"https:\/\/www.moskito.cz\/es\/produkt\/cuchillo-cerrador-sog-centi-ii\/","title":{"rendered":"Cuchillo Cerrador SOG CENTI II"},"content":{"rendered":"<p>Cuchillo Cerrador <strong>SOG<\/strong> CENTI II<\/p>\n<p>Dise\u00f1adas para ir a cualquier parte, las navajas Centi se pueden llevar f\u00e1cilmente en cualquier llavero o cord\u00f3n. La Centi II es una navaja de bolsillo peque\u00f1a y vers\u00e1til fabricada en acero inoxidable de calidad y dise\u00f1ada para llevarse en un llavero o escondida en un bolsillo. Cuenta con un dise\u00f1o lockback y una hoja de acero inoxidable de 2,1 pulgadas en un dise\u00f1o simple. Esta peque\u00f1a herramienta es m\u00e1s delgada que la mayor\u00eda de las llaves, pero lo suficientemente fuerte para realizar cortes ligeros. Su construcci\u00f3n totalmente de acero inoxidable la convierte en una herramienta duradera. Ll\u00e9valo contigo todo el tiempo y lo encontrar\u00e1s \u00fatil para las tareas diarias r\u00e1pidas. Est\u00e1 ah\u00ed cuando lo necesitas y no interfiere cuando no lo necesitas.<\/p>\n<p>PARAMETROS DEL PRODUCTO:<\/p>\n<p>ACERO: 3Cr13<br \/>\nLONGITUD DE LA HOJA: 5,3 cm<br \/>\nPESO: 37g<br \/>\nGROSOR DE LA HOJA: 1,8 mm<br \/>\nDe color negro<br \/>\nTIPO DE FUSIBLE: LockBack<br \/>\nTAMA\u00d1O TOTAL: 12,7 cm<br \/>\nMATERIAL DEL MANGO: Acero inoxidable<\/p>\n<p><iframe title=\"SOG Centi I &amp; II\" width=\"800\" height=\"450\" src=\"https:\/\/www.youtube.com\/embed\/o2u5vudOSWM?feature=oembed\" frameborder=\"0\" allow=\"accelerometer; autoplay; clipboard-write; encrypted-media; gyroscope; picture-in-picture; web-share\" referrerpolicy=\"strict-origin-when-cross-origin\" allowfullscreen><\/iframe><\/p>\n<p>&nbsp;<\/p>\n","protected":false},"excerpt":{"rendered":"<p>Ya sea que est\u00e9s protegiendo a otros o liderando una expedici\u00f3n de caza \u00e9pica, afrontando uno de los desaf\u00edos cotidianos de la vida o afrontando las condiciones m\u00e1s extremas hasta el momento, sigue tu camino con <strong>SOG<\/strong> .<\/p>\n<p><strong>\u00a1Ofrecemos una garant\u00eda de por vida en todos los cuchillos SOG!<\/strong><\/p>\n","protected":false},"featured_media":344111,"comment_status":"open","ping_status":"closed","template":"","meta":[],"pwb-brand":[3848],"product_brand":[],"product_cat":[3730,3726],"product_tag":[3756],"class_list":{"0":"post-344110","1":"product","2":"type-product","3":"status-publish","4":"has-post-thumbnail","6":"pwb-brand-sog-es","7":"product_cat-cuchillas-de-cierre","8":"product_cat-cuchillos","9":"product_tag-b2b-es","11":"first","12":"outofstock","13":"taxable","14":"shipping-taxable","15":"purchasable","16":"product-type-simple"},"brands":[{"id":3848,"name":"SOG","slug":"sog-es"}],"_links":{"self":[{"href":"https:\/\/www.moskito.cz\/es\/wp-json\/wp\/v2\/product\/344110","targetHints":{"allow":["GET"]}}],"collection":[{"href":"https:\/\/www.moskito.cz\/es\/wp-json\/wp\/v2\/product"}],"about":[{"href":"https:\/\/www.moskito.cz\/es\/wp-json\/wp\/v2\/types\/product"}],"replies":[{"embeddable":true,"href":"https:\/\/www.moskito.cz\/es\/wp-json\/wp\/v2\/comments?post=344110"}],"wp:featuredmedia":[{"embeddable":true,"href":"https:\/\/www.moskito.cz\/es\/wp-json\/wp\/v2\/media\/344111"}],"wp:attachment":[{"href":"https:\/\/www.moskito.cz\/es\/wp-json\/wp\/v2\/media?parent=344110"}],"wp:term":[{"taxonomy":"pwb-brand","embeddable":true,"href":"https:\/\/www.moskito.cz\/es\/wp-json\/wp\/v2\/pwb-brand?post=344110"},{"taxonomy":"product_brand","embeddable":true,"href":"https:\/\/www.moskito.cz\/es\/wp-json\/wp\/v2\/product_brand?post=344110"},{"taxonomy":"product_cat","embeddable":true,"href":"https:\/\/www.moskito.cz\/es\/wp-json\/wp\/v2\/product_cat?post=344110"},{"taxonomy":"product_tag","embeddable":true,"href":"https:\/\/www.moskito.cz\/es\/wp-json\/wp\/v2\/product_tag?post=344110"}],"curies":[{"name":"wp","href":"https:\/\/api.w.org\/{rel}","templated":true}]}}