{"id":344169,"date":"2023-03-13T22:05:01","date_gmt":"2024-06-13T13:03:09","guid":{"rendered":"https:\/\/www.moskito.cz\/produkt\/cuchillo-macizo-sog-aegis-fx-rescue-red-indigo\/"},"modified":"2025-05-07T11:17:03","modified_gmt":"2025-05-07T10:17:03","slug":"cuchillo-macizo-sog-aegis-fx-rescue-red-indigo","status":"publish","type":"product","link":"https:\/\/www.moskito.cz\/es\/produkt\/cuchillo-macizo-sog-aegis-fx-rescue-red-indigo\/","title":{"rendered":"Cuchillo Macizo SOG AEGIS FX RESCUE RED &amp; INDIGO"},"content":{"rendered":"<p>Cuchillo Macizo <strong>SOG<\/strong> AEGIS FX RESCUE RED &amp; INDIGO<\/p>\n<p><strong>El Aegis FX<\/strong> es un cuchillo intr\u00e9pido y confiable dise\u00f1ado para desempe\u00f1ar un papel integral en cualquier aventura al aire libre. Su hoja integral de acero inoxidable CRYO 4116 Krupp es resistente a la corrosi\u00f3n y est\u00e1 permanentemente afilada. Su funda adaptable compatible con el sistema de montaje universal permite m\u00faltiples opciones de transporte. Cuenta con un mango GRN con \u00e1rea de agarre de goma sobremoldeada para mayor comodidad incluso cuando se utilizan varios agarres diferentes.<\/p>\n<p><strong>MANGO VERDE Y GOMA<\/strong><br \/>\nEl mango Aegis FX GRN con inserto de goma y una textura espec\u00edfica garantiza un agarre seguro cuando hace fr\u00edo y humedad afuera.<\/p>\n<p><strong>CRYO 4116 ACERO KRUPPS<\/strong><br \/>\n4116 es un acero inoxidable de grano fino producido por los fabricantes alemanes ThyssenKrupp. El acero se desarroll\u00f3 originalmente para aplicaciones higi\u00e9nicas como la industria m\u00e9dica debido a su incre\u00edble resistencia a la corrosi\u00f3n, resistencia insuperable y excelente retenci\u00f3n de bordes.<\/p>\n<p><strong>VIVIENDA UMS<\/strong><br \/>\nEl sistema de montaje universal configurable de SOG proporciona una variedad de opciones de transporte que son compatibles con correas, cinturones y MOLLE.<\/p>\n<p>TAMA\u00d1O TOTAL: 22 cm<br \/>\nColor plata<br \/>\nACERO: CRYO KRUPP 4116<br \/>\nPESO: 139g<br \/>\nLONGITUD DE LA HOJA: 9,3 cm<br \/>\nMATERIAL DEL MANGO: 30% VERDE \/ TPU<br \/>\nMATERIAL DE LA CAJA: VERDE<\/p>\n","protected":false},"excerpt":{"rendered":"<p><strong>Aegis FX es un cuchillo para exteriores con una hoja s\u00f3lida y un filo liso. Un cuchillo muy fiable gracias al dise\u00f1o fulltang para todos los aventureros.<\/strong><\/p>\n","protected":false},"featured_media":344172,"comment_status":"open","ping_status":"closed","template":"","meta":[],"pwb-brand":[3848],"product_brand":[],"product_cat":[3726,3727],"product_tag":[3756],"class_list":{"0":"post-344169","1":"product","2":"type-product","3":"status-publish","4":"has-post-thumbnail","6":"pwb-brand-sog-es","7":"product_cat-cuchillos","8":"product_cat-cuchillos-macizos","9":"product_tag-b2b-es","11":"first","12":"instock","13":"taxable","14":"shipping-taxable","15":"purchasable","16":"product-type-simple"},"brands":[{"id":3848,"name":"SOG","slug":"sog-es"}],"_links":{"self":[{"href":"https:\/\/www.moskito.cz\/es\/wp-json\/wp\/v2\/product\/344169","targetHints":{"allow":["GET"]}}],"collection":[{"href":"https:\/\/www.moskito.cz\/es\/wp-json\/wp\/v2\/product"}],"about":[{"href":"https:\/\/www.moskito.cz\/es\/wp-json\/wp\/v2\/types\/product"}],"replies":[{"embeddable":true,"href":"https:\/\/www.moskito.cz\/es\/wp-json\/wp\/v2\/comments?post=344169"}],"wp:featuredmedia":[{"embeddable":true,"href":"https:\/\/www.moskito.cz\/es\/wp-json\/wp\/v2\/media\/344172"}],"wp:attachment":[{"href":"https:\/\/www.moskito.cz\/es\/wp-json\/wp\/v2\/media?parent=344169"}],"wp:term":[{"taxonomy":"pwb-brand","embeddable":true,"href":"https:\/\/www.moskito.cz\/es\/wp-json\/wp\/v2\/pwb-brand?post=344169"},{"taxonomy":"product_brand","embeddable":true,"href":"https:\/\/www.moskito.cz\/es\/wp-json\/wp\/v2\/product_brand?post=344169"},{"taxonomy":"product_cat","embeddable":true,"href":"https:\/\/www.moskito.cz\/es\/wp-json\/wp\/v2\/product_cat?post=344169"},{"taxonomy":"product_tag","embeddable":true,"href":"https:\/\/www.moskito.cz\/es\/wp-json\/wp\/v2\/product_tag?post=344169"}],"curies":[{"name":"wp","href":"https:\/\/api.w.org\/{rel}","templated":true}]}}