{"id":344262,"date":"2022-11-23T22:42:43","date_gmt":"2024-06-13T13:04:43","guid":{"rendered":"https:\/\/www.moskito.cz\/produkt\/cuchillo-macizo-sog-aegis-fx-indigo-acid-yellow\/"},"modified":"2025-05-07T11:17:05","modified_gmt":"2025-05-07T10:17:05","slug":"cuchillo-macizo-sog-aegis-fx-indigo-acid-yellow","status":"publish","type":"product","link":"https:\/\/www.moskito.cz\/es\/produkt\/cuchillo-macizo-sog-aegis-fx-indigo-acid-yellow\/","title":{"rendered":"Cuchillo Macizo SOG AEGIS FX INDIGO &amp; ACID YELLOW"},"content":{"rendered":"<p>Cuchillo Macizo <strong>SOG<\/strong> AEGIS FX INDIGO &amp; ACID YELLOW.<\/p>\n<p>El mango de goma moldeado permite un agarre \u00f3ptimo en todas las posiciones. La hoja de acero inoxidable CRYO 440C tiene una excelente resistencia a la corrosi\u00f3n y al desgaste. El estuche SOG compatible con UMS es reversible y ofrece m\u00faltiples opciones de montaje.<\/p>\n<p>TAN CAPAZ COMO DIF\u00cdCIL<\/p>\n<p>Recondo est\u00e1 dise\u00f1ado principalmente para profesionales uniformados de todo el mundo. Es liviano, plano y no estorbar\u00e1 cuando est\u00e9 firmemente sujeto a su equipo.<\/p>\n<p>CRIO 440C<\/p>\n<p>La hoja de acero inoxidable CRYO 440C tiene una excelente resistencia a la corrosi\u00f3n y al desgaste. Pasa por casi todo el mango.<\/p>\n<p>VIVIENDA COMPATIBLE CON UMS<\/p>\n<p>El estuche proporciona m\u00faltiples opciones de montaje y ofrece un sistema de ajuste de agarre sin herramientas. El ajuste ce\u00f1ido permite una tracci\u00f3n perfecta. El estuche es adecuado para ambos lados.<\/p>\n<p>AGARRE DE GOMA<\/p>\n<p>El mango de goma moldeado permite un agarre \u00f3ptimo en todos los agarres, incluso si tiene las palmas sucias.<\/p>\n<p>TIPO DE SEGURO: N\/A<br \/>\nTAMA\u00d1O TOTAL: 223 mm<br \/>\nGROSOR DE LA HOJA: 3,6 mm<br \/>\nLONGITUD DE LA HOJA: 93 mm<br \/>\nColor plata<br \/>\nPESO: 139 gramos<br \/>\nACERO: CRYO KRUPP 4116<br \/>\nMATERIAL DEL MANGO: 30% VERDE \/ TPU<br \/>\nMATERIAL DE LA CAJA: VERDE<\/p>\n<p>&nbsp;<\/p>\n","protected":false},"excerpt":{"rendered":"<p>Aegis FX es un cuchillo para exteriores con una hoja s\u00f3lida y un filo liso. Un cuchillo muy fiable gracias al dise\u00f1o fulltang para todos los aventureros.<\/p>\n","protected":false},"featured_media":344263,"comment_status":"open","ping_status":"closed","template":"","meta":[],"pwb-brand":[3848],"product_brand":[],"product_cat":[3726,3727],"product_tag":[3756],"class_list":{"0":"post-344262","1":"product","2":"type-product","3":"status-publish","4":"has-post-thumbnail","6":"pwb-brand-sog-es","7":"product_cat-cuchillos","8":"product_cat-cuchillos-macizos","9":"product_tag-b2b-es","11":"first","12":"instock","13":"taxable","14":"shipping-taxable","15":"purchasable","16":"product-type-simple"},"brands":[{"id":3848,"name":"SOG","slug":"sog-es"}],"_links":{"self":[{"href":"https:\/\/www.moskito.cz\/es\/wp-json\/wp\/v2\/product\/344262","targetHints":{"allow":["GET"]}}],"collection":[{"href":"https:\/\/www.moskito.cz\/es\/wp-json\/wp\/v2\/product"}],"about":[{"href":"https:\/\/www.moskito.cz\/es\/wp-json\/wp\/v2\/types\/product"}],"replies":[{"embeddable":true,"href":"https:\/\/www.moskito.cz\/es\/wp-json\/wp\/v2\/comments?post=344262"}],"wp:featuredmedia":[{"embeddable":true,"href":"https:\/\/www.moskito.cz\/es\/wp-json\/wp\/v2\/media\/344263"}],"wp:attachment":[{"href":"https:\/\/www.moskito.cz\/es\/wp-json\/wp\/v2\/media?parent=344262"}],"wp:term":[{"taxonomy":"pwb-brand","embeddable":true,"href":"https:\/\/www.moskito.cz\/es\/wp-json\/wp\/v2\/pwb-brand?post=344262"},{"taxonomy":"product_brand","embeddable":true,"href":"https:\/\/www.moskito.cz\/es\/wp-json\/wp\/v2\/product_brand?post=344262"},{"taxonomy":"product_cat","embeddable":true,"href":"https:\/\/www.moskito.cz\/es\/wp-json\/wp\/v2\/product_cat?post=344262"},{"taxonomy":"product_tag","embeddable":true,"href":"https:\/\/www.moskito.cz\/es\/wp-json\/wp\/v2\/product_tag?post=344262"}],"curies":[{"name":"wp","href":"https:\/\/api.w.org\/{rel}","templated":true}]}}