{"id":344382,"date":"2024-06-14T08:31:49","date_gmt":"2024-06-14T07:32:59","guid":{"rendered":"https:\/\/www.moskito.cz\/produkt\/cuchillo-arrojadizo-cold-steel-mini-flight-sport\/"},"modified":"2025-05-07T11:17:09","modified_gmt":"2025-05-07T10:17:09","slug":"cuchillo-arrojadizo-cold-steel-mini-flight-sport","status":"publish","type":"product","link":"https:\/\/www.moskito.cz\/es\/produkt\/cuchillo-arrojadizo-cold-steel-mini-flight-sport\/","title":{"rendered":"Cuchillo arrojadizo Cold Steel MINI FLIGHT SPORT"},"content":{"rendered":"<p>Cuchillo arrojadizo <strong>Cold Steel<\/strong> MINI FLIGHT SPORT.<\/p>\n<p>Llevamos muchos a\u00f1os ofreciendo algunos de los mejores cuchillos arrojadizos profesionales de primera calidad. Nuestros lanzadores se han convertido en un pilar de la comunidad de lanzamiento y participan regularmente en las competiciones de lanzamiento m\u00e1s importantes del mundo. Ahora, debido a la demanda popular, estamos orgullosos de presentar una nueva gama de lanzadores deportivos asequibles de gama media. Construidos con los mismos est\u00e1ndares exigentes y con el mismo temple duro que nuestros modelos de gama alta, estos modelos deportivos son ligeramente m\u00e1s delgados y livianos, pero tienen la misma durabilidad y equilibrio que nuestros clientes esperan. Son adecuados para cualquier nivel de habilidad. Son significativamente m\u00e1s baratos que nuestros modelos profesionales originales y hacen que este pasatiempo agradable y gratificante sea m\u00e1s f\u00e1cil que nunca.<\/p>\n<p>De color negro<br \/>\nPeso: 181,43 gramos<br \/>\nTama\u00f1o total: 25,4 cm<br \/>\nGrosor de la hoja: 0,35 cm.<br \/>\nAcero: acero al carbono 1055<\/p>\n","protected":false},"excerpt":{"rendered":"<p><strong>Presentamos la gama Flight Sport de cuchillos arrojadizos, que se fabrican en tres tama\u00f1os.<\/strong><\/p>\n<p><strong>El Mini Flight Sport de Cold Steel es un cuchillo arrojadizo peque\u00f1o (181 g).<\/strong><\/p>\n","protected":false},"featured_media":344378,"comment_status":"open","ping_status":"closed","template":"","meta":[],"pwb-brand":[3790],"product_brand":[],"product_cat":[3726,3728],"product_tag":[3756],"class_list":{"0":"post-344382","1":"product","2":"type-product","3":"status-publish","4":"has-post-thumbnail","6":"pwb-brand-arma-blanca","7":"product_cat-cuchillos","8":"product_cat-lanzando-cuchillos","9":"product_tag-b2b-es","11":"first","12":"outofstock","13":"taxable","14":"shipping-taxable","15":"purchasable","16":"product-type-simple"},"brands":[{"id":3790,"name":"Arma blanca","slug":"arma-blanca"}],"_links":{"self":[{"href":"https:\/\/www.moskito.cz\/es\/wp-json\/wp\/v2\/product\/344382","targetHints":{"allow":["GET"]}}],"collection":[{"href":"https:\/\/www.moskito.cz\/es\/wp-json\/wp\/v2\/product"}],"about":[{"href":"https:\/\/www.moskito.cz\/es\/wp-json\/wp\/v2\/types\/product"}],"replies":[{"embeddable":true,"href":"https:\/\/www.moskito.cz\/es\/wp-json\/wp\/v2\/comments?post=344382"}],"wp:featuredmedia":[{"embeddable":true,"href":"https:\/\/www.moskito.cz\/es\/wp-json\/wp\/v2\/media\/344378"}],"wp:attachment":[{"href":"https:\/\/www.moskito.cz\/es\/wp-json\/wp\/v2\/media?parent=344382"}],"wp:term":[{"taxonomy":"pwb-brand","embeddable":true,"href":"https:\/\/www.moskito.cz\/es\/wp-json\/wp\/v2\/pwb-brand?post=344382"},{"taxonomy":"product_brand","embeddable":true,"href":"https:\/\/www.moskito.cz\/es\/wp-json\/wp\/v2\/product_brand?post=344382"},{"taxonomy":"product_cat","embeddable":true,"href":"https:\/\/www.moskito.cz\/es\/wp-json\/wp\/v2\/product_cat?post=344382"},{"taxonomy":"product_tag","embeddable":true,"href":"https:\/\/www.moskito.cz\/es\/wp-json\/wp\/v2\/product_tag?post=344382"}],"curies":[{"name":"wp","href":"https:\/\/api.w.org\/{rel}","templated":true}]}}