{"id":344430,"date":"2024-06-14T08:58:32","date_gmt":"2024-06-14T08:00:25","guid":{"rendered":"https:\/\/www.moskito.cz\/produkt\/lanzamiento-de-estrellas-cold-steel-light-sure-strike-paquete-de-3\/"},"modified":"2025-05-07T11:17:10","modified_gmt":"2025-05-07T10:17:10","slug":"lanzamiento-de-estrellas-cold-steel-light-sure-strike-paquete-de-3","status":"publish","type":"product","link":"https:\/\/www.moskito.cz\/es\/produkt\/lanzamiento-de-estrellas-cold-steel-light-sure-strike-paquete-de-3\/","title":{"rendered":"Lanzamiento de estrellas Cold Steel LIGHT SURE STRIKE (PAQUETE DE 3)"},"content":{"rendered":"<p>Lanzamiento de estrellas <strong>Cold Steel<\/strong> LIGHT SURE STRIKE (PAQUETE DE 3).<\/p>\n<p>El <strong>Sure Strike<\/strong> es nuestra interpretaci\u00f3n del cl\u00e1sico Shuriken o estrella arrojadiza. Utilizada durante siglos en China y Jap\u00f3n, una estrella arrojadiza consiste en una pieza bien equilibrada de acero aplanado con 3 o m\u00e1s puntas afiladas. Cuando se lanza por encima de la cabeza como una pelota de b\u00e9isbol, un arma, una axila o un rev\u00e9s como un platillo volador, golpea al menos un punto cada vez. Nuestros Sure Strikes no son como las estrellas arrojadizas baratas y endebles que se ven en los mercados de pulgas, exhibiciones de armas y revistas de artes marciales. Est\u00e1n cortados con l\u00e1ser con precisi\u00f3n a partir de acero con alto contenido de carbono y tratados t\u00e9rmicamente hasta obtener un resorte duradero antes de afilarlos. Luego se tratan con un acabado epoxi horneado negro para protegerlos de las inclemencias del tiempo y los golpes repetidos. Disponible en tres variantes de peso: Ligero, Medio y Pesado.<\/p>\n<p>Peso: 79 gramos<\/p>\n<p>Grosor de la hoja: 0,2 cm.<\/p>\n<p>Cuchillas de acero: carbono 1055<\/p>\n<p>Longitud total: 14,6 cm<\/p>\n<p>Estilo: Estrella<\/p>\n<p>Familia de aceros: Aceros con alto contenido de carbono.<\/p>\n<p>&nbsp;<\/p>\n<p>&nbsp;<\/p>\n","protected":false},"excerpt":{"rendered":"<p><strong>Sure Strike es nuestra interpretaci\u00f3n del cl\u00e1sico Shuriken o estrella arrojadiza.<\/strong><\/p>\n","protected":false},"featured_media":344426,"comment_status":"open","ping_status":"closed","template":"","meta":[],"pwb-brand":[3790],"product_brand":[],"product_cat":[3728,3726],"product_tag":[3756],"class_list":{"0":"post-344430","1":"product","2":"type-product","3":"status-publish","4":"has-post-thumbnail","6":"pwb-brand-arma-blanca","7":"product_cat-lanzando-cuchillos","8":"product_cat-cuchillos","9":"product_tag-b2b-es","11":"first","12":"instock","13":"taxable","14":"shipping-taxable","15":"purchasable","16":"product-type-simple"},"brands":[{"id":3790,"name":"Arma blanca","slug":"arma-blanca"}],"_links":{"self":[{"href":"https:\/\/www.moskito.cz\/es\/wp-json\/wp\/v2\/product\/344430","targetHints":{"allow":["GET"]}}],"collection":[{"href":"https:\/\/www.moskito.cz\/es\/wp-json\/wp\/v2\/product"}],"about":[{"href":"https:\/\/www.moskito.cz\/es\/wp-json\/wp\/v2\/types\/product"}],"replies":[{"embeddable":true,"href":"https:\/\/www.moskito.cz\/es\/wp-json\/wp\/v2\/comments?post=344430"}],"wp:featuredmedia":[{"embeddable":true,"href":"https:\/\/www.moskito.cz\/es\/wp-json\/wp\/v2\/media\/344426"}],"wp:attachment":[{"href":"https:\/\/www.moskito.cz\/es\/wp-json\/wp\/v2\/media?parent=344430"}],"wp:term":[{"taxonomy":"pwb-brand","embeddable":true,"href":"https:\/\/www.moskito.cz\/es\/wp-json\/wp\/v2\/pwb-brand?post=344430"},{"taxonomy":"product_brand","embeddable":true,"href":"https:\/\/www.moskito.cz\/es\/wp-json\/wp\/v2\/product_brand?post=344430"},{"taxonomy":"product_cat","embeddable":true,"href":"https:\/\/www.moskito.cz\/es\/wp-json\/wp\/v2\/product_cat?post=344430"},{"taxonomy":"product_tag","embeddable":true,"href":"https:\/\/www.moskito.cz\/es\/wp-json\/wp\/v2\/product_tag?post=344430"}],"curies":[{"name":"wp","href":"https:\/\/api.w.org\/{rel}","templated":true}]}}