{"id":344500,"date":"2024-06-14T10:13:49","date_gmt":"2024-06-14T09:16:16","guid":{"rendered":"https:\/\/www.moskito.cz\/produkt\/juego-de-lanzamiento-de-hacha-cold-steel-plata-pack-de-3-con-funda\/"},"modified":"2025-05-07T11:17:14","modified_gmt":"2025-05-07T10:17:14","slug":"juego-de-lanzamiento-de-hacha-cold-steel-plata-pack-de-3-con-funda","status":"publish","type":"product","link":"https:\/\/www.moskito.cz\/es\/produkt\/juego-de-lanzamiento-de-hacha-cold-steel-plata-pack-de-3-con-funda\/","title":{"rendered":"Juego de Lanzamiento de Hacha Cold Steel PLATA PACK DE 3 CON FUNDA"},"content":{"rendered":"<p>Juego de Lanzamiento de Hacha <strong>Cold Steel<\/strong> PLATA PACK DE 3 CON FUNDA.<\/p>\n<p>Lleva el lanzamiento al objetivo al siguiente nivel con este conjunto de tres hachas de lanzamiento. Estas hachas de acero de una sola pieza est\u00e1n dise\u00f1adas espec\u00edficamente para el lanzamiento al blanco. Fabricado en resistente acero 420SS y alojado en un c\u00f3modo estuche de nailon. \u00a1Desaf\u00eda a tus amigos por la supremac\u00eda en el patio trasero!<\/p>\n<p>Longitud de la hoja: 11,2 cm<\/p>\n<p>Longitud total: 24 cm<\/p>\n<p>Cuchillas de acero: 420SS<\/p>\n<p>Funda: nailon<\/p>\n<div class=\"detaillist-row\">\n<div class=\"detaillist-row-name\">Peso: 253 gramos<\/div>\n<\/div>\n<pre id=\"tw-target-text\" class=\"tw-data-text tw-text-large tw-ta\" dir=\"ltr\" data-placeholder=\"P\u0159eklad\" aria-label=\"P\u0159elo\u017een\u00fd text\" data-ved=\"2ahUKEwjYueubx9qGAxV__gIHHVN4C40Q3ewLegQICBAT\"><span class=\"Y2IQFc\" lang=\"cs\"> <\/span><\/pre>\n","protected":false},"excerpt":{"rendered":"<p><strong>Lleva el lanzamiento al objetivo al siguiente nivel con este conjunto de tres hachas de lanzamiento.<\/strong><\/p>\n","protected":false},"featured_media":344474,"comment_status":"open","ping_status":"closed","template":"","meta":[],"pwb-brand":[3790],"product_brand":[],"product_cat":[3726,3728],"product_tag":[3756],"class_list":{"0":"post-344500","1":"product","2":"type-product","3":"status-publish","4":"has-post-thumbnail","6":"pwb-brand-arma-blanca","7":"product_cat-cuchillos","8":"product_cat-lanzando-cuchillos","9":"product_tag-b2b-es","11":"first","12":"instock","13":"taxable","14":"shipping-taxable","15":"purchasable","16":"product-type-simple"},"brands":[{"id":3790,"name":"Arma blanca","slug":"arma-blanca"}],"_links":{"self":[{"href":"https:\/\/www.moskito.cz\/es\/wp-json\/wp\/v2\/product\/344500","targetHints":{"allow":["GET"]}}],"collection":[{"href":"https:\/\/www.moskito.cz\/es\/wp-json\/wp\/v2\/product"}],"about":[{"href":"https:\/\/www.moskito.cz\/es\/wp-json\/wp\/v2\/types\/product"}],"replies":[{"embeddable":true,"href":"https:\/\/www.moskito.cz\/es\/wp-json\/wp\/v2\/comments?post=344500"}],"wp:featuredmedia":[{"embeddable":true,"href":"https:\/\/www.moskito.cz\/es\/wp-json\/wp\/v2\/media\/344474"}],"wp:attachment":[{"href":"https:\/\/www.moskito.cz\/es\/wp-json\/wp\/v2\/media?parent=344500"}],"wp:term":[{"taxonomy":"pwb-brand","embeddable":true,"href":"https:\/\/www.moskito.cz\/es\/wp-json\/wp\/v2\/pwb-brand?post=344500"},{"taxonomy":"product_brand","embeddable":true,"href":"https:\/\/www.moskito.cz\/es\/wp-json\/wp\/v2\/product_brand?post=344500"},{"taxonomy":"product_cat","embeddable":true,"href":"https:\/\/www.moskito.cz\/es\/wp-json\/wp\/v2\/product_cat?post=344500"},{"taxonomy":"product_tag","embeddable":true,"href":"https:\/\/www.moskito.cz\/es\/wp-json\/wp\/v2\/product_tag?post=344500"}],"curies":[{"name":"wp","href":"https:\/\/api.w.org\/{rel}","templated":true}]}}