{"id":344586,"date":"2024-06-14T10:34:52","date_gmt":"2024-06-14T09:34:52","guid":{"rendered":"https:\/\/www.moskito.cz\/produkt\/cold-steel-paquete-de-3-estrellas-lanzadores-con-bolsa\/"},"modified":"2025-05-07T11:17:17","modified_gmt":"2025-05-07T10:17:17","slug":"cold-steel-paquete-de-3-estrellas-lanzadores-con-bolsa","status":"publish","type":"product","link":"https:\/\/www.moskito.cz\/es\/produkt\/cold-steel-paquete-de-3-estrellas-lanzadores-con-bolsa\/","title":{"rendered":"Cold Steel PAQUETE DE 3 ESTRELLAS LANZADORES CON BOLSA"},"content":{"rendered":"<p><strong>Cold Steel<\/strong> PAQUETE DE 3 ESTRELLAS LANZADORES CON BOLSA.<\/p>\n<p>Estas estrellas arrojadizas son una interpretaci\u00f3n moderna del cl\u00e1sico Shuriken. Utilizada durante siglos en China y Jap\u00f3n, una estrella arrojadiza consiste en una pieza bien equilibrada de acero aplanado con 3 o m\u00e1s puntas afiladas. Cuando se lanza por encima de la cabeza como una pelota de b\u00e9isbol, un arma, una axila o un rev\u00e9s como un platillo volador, golpea al menos un punto cada vez. Este juego de tres estrellas arrojadizas est\u00e1 hecho de acero 420SS de alta calidad con un revestimiento duradero de \u00f3xido negro y est\u00e1 alojado en un pr\u00e1ctico estuche de nailon.<\/p>\n<p>De color negro<br \/>\nPeso: 43 gramos<br \/>\nTama\u00f1o total: 9,9 cm<br \/>\nLongitud de la hoja: 3,8 cm<br \/>\nGrosor de la hoja: 0,3 mm<br \/>\nAcero: 420SS<br \/>\nMaterial de la caja: nailon<\/p>\n","protected":false},"excerpt":{"rendered":"<p><strong>Estas estrellas arrojadizas son una interpretaci\u00f3n moderna del cl\u00e1sico Shuriken.<\/strong><\/p>\n","protected":false},"featured_media":344527,"comment_status":"open","ping_status":"closed","template":"","meta":[],"pwb-brand":[3790],"product_brand":[],"product_cat":[3728,3726],"product_tag":[3756],"class_list":{"0":"post-344586","1":"product","2":"type-product","3":"status-publish","4":"has-post-thumbnail","6":"pwb-brand-arma-blanca","7":"product_cat-lanzando-cuchillos","8":"product_cat-cuchillos","9":"product_tag-b2b-es","11":"first","12":"instock","13":"taxable","14":"shipping-taxable","15":"purchasable","16":"product-type-simple"},"brands":[{"id":3790,"name":"Arma blanca","slug":"arma-blanca"}],"_links":{"self":[{"href":"https:\/\/www.moskito.cz\/es\/wp-json\/wp\/v2\/product\/344586","targetHints":{"allow":["GET"]}}],"collection":[{"href":"https:\/\/www.moskito.cz\/es\/wp-json\/wp\/v2\/product"}],"about":[{"href":"https:\/\/www.moskito.cz\/es\/wp-json\/wp\/v2\/types\/product"}],"replies":[{"embeddable":true,"href":"https:\/\/www.moskito.cz\/es\/wp-json\/wp\/v2\/comments?post=344586"}],"wp:featuredmedia":[{"embeddable":true,"href":"https:\/\/www.moskito.cz\/es\/wp-json\/wp\/v2\/media\/344527"}],"wp:attachment":[{"href":"https:\/\/www.moskito.cz\/es\/wp-json\/wp\/v2\/media?parent=344586"}],"wp:term":[{"taxonomy":"pwb-brand","embeddable":true,"href":"https:\/\/www.moskito.cz\/es\/wp-json\/wp\/v2\/pwb-brand?post=344586"},{"taxonomy":"product_brand","embeddable":true,"href":"https:\/\/www.moskito.cz\/es\/wp-json\/wp\/v2\/product_brand?post=344586"},{"taxonomy":"product_cat","embeddable":true,"href":"https:\/\/www.moskito.cz\/es\/wp-json\/wp\/v2\/product_cat?post=344586"},{"taxonomy":"product_tag","embeddable":true,"href":"https:\/\/www.moskito.cz\/es\/wp-json\/wp\/v2\/product_tag?post=344586"}],"curies":[{"name":"wp","href":"https:\/\/api.w.org\/{rel}","templated":true}]}}