{"id":344631,"date":"2024-06-14T10:48:35","date_gmt":"2024-06-14T09:48:35","guid":{"rendered":"https:\/\/www.moskito.cz\/produkt\/navaja-cold-steel-micro-recon-1-tanto-lavada-a-la-piedra\/"},"modified":"2025-05-07T11:17:19","modified_gmt":"2025-05-07T10:17:19","slug":"navaja-cold-steel-micro-recon-1-tanto-lavada-a-la-piedra","status":"publish","type":"product","link":"https:\/\/www.moskito.cz\/es\/produkt\/navaja-cold-steel-micro-recon-1-tanto-lavada-a-la-piedra\/","title":{"rendered":"Navaja Cold Steel MICRO RECON 1 TANTO LAVADA A LA PIEDRA"},"content":{"rendered":"<p>Navaja <strong>plegable Cold Steel<\/strong> MICRO RECON 1 TANTO STONEWASHED.<\/p>\n<p>Nuestra serie <strong>Recon 1<\/strong> es un cuchillo popular entre militares y fuerzas del orden, equipos de bomberos y rescate, y civiles por igual, y contin\u00faa estableciendo el est\u00e1ndar para cuchillos plegables t\u00e1cticos. Estos confiables cuchillos tienen una reputaci\u00f3n de confiabilidad y resistencia ganada con esfuerzo. La serie Recon 1 est\u00e1 disponible en hojas de 2, 3, 4 y 5 \u00bd pulgadas y cada aspecto de su dise\u00f1o ha sido redise\u00f1ado para ser lo m\u00e1s duradero y eficiente posible. Cada modelo de esta diversa gama est\u00e1 equipado con nuestro bloqueo Tri-Ad, de renombre mundial, que protege sus preciosos dedos de da\u00f1os al utilizar el cuchillo incluso en las condiciones m\u00e1s exigentes. Desde el peque\u00f1o y resistente caballo de batalla que es nuestra Serie Micro hasta el brutal rendimiento de corte de nuestra Serie XL Recon 1 y todos los cuchillos intermedios, sea cual sea su misi\u00f3n, \u00a1el Recon 1 est\u00e1 aqu\u00ed para usted!<\/p>\n<p>De color negro<br \/>\nPeso: 31,18 gramos<br \/>\nTama\u00f1o total: 11,1 cm<br \/>\nLongitud de la hoja: 5 cm<br \/>\nGrosor de la hoja: 0,25 cm.<br \/>\nAcero: 4034SS<br \/>\nLongitud del mango: 6 cm<br \/>\nMaterial del mango: Griv-Ex\u2122 largo estilo G-10<\/p>\n","protected":false},"excerpt":{"rendered":"<p><strong>La navaja plegable Micro Recon 1 Tanto Point es ideal para el uso diario debido a su tama\u00f1o y peso.<\/strong><\/p>\n","protected":false},"featured_media":344630,"comment_status":"open","ping_status":"closed","template":"","meta":[],"pwb-brand":[3790],"product_brand":[],"product_cat":[3730,3726],"product_tag":[3756],"class_list":{"0":"post-344631","1":"product","2":"type-product","3":"status-publish","4":"has-post-thumbnail","6":"pwb-brand-arma-blanca","7":"product_cat-cuchillas-de-cierre","8":"product_cat-cuchillos","9":"product_tag-b2b-es","11":"first","12":"instock","13":"taxable","14":"shipping-taxable","15":"purchasable","16":"product-type-simple"},"brands":[{"id":3790,"name":"Arma blanca","slug":"arma-blanca"}],"_links":{"self":[{"href":"https:\/\/www.moskito.cz\/es\/wp-json\/wp\/v2\/product\/344631","targetHints":{"allow":["GET"]}}],"collection":[{"href":"https:\/\/www.moskito.cz\/es\/wp-json\/wp\/v2\/product"}],"about":[{"href":"https:\/\/www.moskito.cz\/es\/wp-json\/wp\/v2\/types\/product"}],"replies":[{"embeddable":true,"href":"https:\/\/www.moskito.cz\/es\/wp-json\/wp\/v2\/comments?post=344631"}],"wp:featuredmedia":[{"embeddable":true,"href":"https:\/\/www.moskito.cz\/es\/wp-json\/wp\/v2\/media\/344630"}],"wp:attachment":[{"href":"https:\/\/www.moskito.cz\/es\/wp-json\/wp\/v2\/media?parent=344631"}],"wp:term":[{"taxonomy":"pwb-brand","embeddable":true,"href":"https:\/\/www.moskito.cz\/es\/wp-json\/wp\/v2\/pwb-brand?post=344631"},{"taxonomy":"product_brand","embeddable":true,"href":"https:\/\/www.moskito.cz\/es\/wp-json\/wp\/v2\/product_brand?post=344631"},{"taxonomy":"product_cat","embeddable":true,"href":"https:\/\/www.moskito.cz\/es\/wp-json\/wp\/v2\/product_cat?post=344631"},{"taxonomy":"product_tag","embeddable":true,"href":"https:\/\/www.moskito.cz\/es\/wp-json\/wp\/v2\/product_tag?post=344631"}],"curies":[{"name":"wp","href":"https:\/\/api.w.org\/{rel}","templated":true}]}}