{"id":344701,"date":"2023-03-25T12:16:07","date_gmt":"2024-06-14T12:54:27","guid":{"rendered":"https:\/\/www.moskito.cz\/produkt\/cuchillo-plegable-cold-steel-engage-s35vn-de-35\/"},"modified":"2025-05-07T11:17:21","modified_gmt":"2025-05-07T10:17:21","slug":"cuchillo-plegable-cold-steel-engage-s35vn-de-35","status":"publish","type":"product","link":"https:\/\/www.moskito.cz\/es\/produkt\/cuchillo-plegable-cold-steel-engage-s35vn-de-35\/","title":{"rendered":"Cuchillo plegable Cold Steel Engage S35VN de 3,5&#8243;"},"content":{"rendered":"<p>Cuchillo plegable <strong>Cold Steel<\/strong> Engage S35VN de 3,5&#8243;<\/p>\n<p><strong>El Engage<\/strong> es un cuchillo para llevar f\u00e1cilmente todos los d\u00edas, con una hoja grande de acero inoxidable S35VN para una dureza y retenci\u00f3n de bordes superiores. Con el bloqueo Atlas\u2122 patentado de Cold Steel para un bloqueo consistente, duradero y confiable, es totalmente ambidiestro y totalmente capaz de realizar cualquier tarea. El mango G-10 de f\u00e1cil agarre est\u00e1 redise\u00f1ado para brindar flexibilidad y la hoja con clip satinado permite un corte detallado y preciso.<\/p>\n<p>Disponibles en una amplia gama de hojas de acero y formas, y a varios precios, los nuevos cuchillos <strong>Engage<\/strong> de Cold Steel est\u00e1n destinados a ser estrellas del transporte diario. Totalmente ambidiestros, estos cuchillos EDC de primera calidad est\u00e1n dise\u00f1ados para manejar cualquier ocasi\u00f3n con confianza, y cuentan con un bloqueo deslizante patentado Atlas\u2122 Lock que ofrece un bloqueo duradero, fuerte y confiable.<\/p>\n<p>Descripci\u00f3n:<\/p>\n<p>Material de la hoja: CPM-S35VN<br \/>\nMaterial del mango: G-10<br \/>\nSeguridad: Bloqueo Atlas<br \/>\nLongitud de la hoja: 8,9 cm<br \/>\nGrosor de la hoja: 3,8 mm<br \/>\nTipo de hoja: Punta de clip<br \/>\nUso: EDC &#8211; uso diario<br \/>\nApertura con una sola mano: s\u00ed<br \/>\nTipo de cuchilla: Cierre<\/p>\n","protected":false},"excerpt":{"rendered":"<p><strong>Los cuchillos Engage son un cl\u00e1sico de una sola mano para el uso diario.<\/strong><\/p>\n","protected":false},"featured_media":344703,"comment_status":"open","ping_status":"closed","template":"","meta":[],"pwb-brand":[3790],"product_brand":[],"product_cat":[3730,3726],"product_tag":[3756],"class_list":{"0":"post-344701","1":"product","2":"type-product","3":"status-publish","4":"has-post-thumbnail","6":"pwb-brand-arma-blanca","7":"product_cat-cuchillas-de-cierre","8":"product_cat-cuchillos","9":"product_tag-b2b-es","11":"first","12":"instock","13":"taxable","14":"shipping-taxable","15":"purchasable","16":"product-type-simple"},"brands":[{"id":3790,"name":"Arma blanca","slug":"arma-blanca"}],"_links":{"self":[{"href":"https:\/\/www.moskito.cz\/es\/wp-json\/wp\/v2\/product\/344701","targetHints":{"allow":["GET"]}}],"collection":[{"href":"https:\/\/www.moskito.cz\/es\/wp-json\/wp\/v2\/product"}],"about":[{"href":"https:\/\/www.moskito.cz\/es\/wp-json\/wp\/v2\/types\/product"}],"replies":[{"embeddable":true,"href":"https:\/\/www.moskito.cz\/es\/wp-json\/wp\/v2\/comments?post=344701"}],"wp:featuredmedia":[{"embeddable":true,"href":"https:\/\/www.moskito.cz\/es\/wp-json\/wp\/v2\/media\/344703"}],"wp:attachment":[{"href":"https:\/\/www.moskito.cz\/es\/wp-json\/wp\/v2\/media?parent=344701"}],"wp:term":[{"taxonomy":"pwb-brand","embeddable":true,"href":"https:\/\/www.moskito.cz\/es\/wp-json\/wp\/v2\/pwb-brand?post=344701"},{"taxonomy":"product_brand","embeddable":true,"href":"https:\/\/www.moskito.cz\/es\/wp-json\/wp\/v2\/product_brand?post=344701"},{"taxonomy":"product_cat","embeddable":true,"href":"https:\/\/www.moskito.cz\/es\/wp-json\/wp\/v2\/product_cat?post=344701"},{"taxonomy":"product_tag","embeddable":true,"href":"https:\/\/www.moskito.cz\/es\/wp-json\/wp\/v2\/product_tag?post=344701"}],"curies":[{"name":"wp","href":"https:\/\/api.w.org\/{rel}","templated":true}]}}