{"id":344810,"date":"2024-06-14T14:41:28","date_gmt":"2024-06-14T13:42:59","guid":{"rendered":"https:\/\/www.moskito.cz\/produkt\/cuchillo-fijo-cold-steel-lynn-thompson-signature-kobun\/"},"modified":"2025-05-07T11:17:24","modified_gmt":"2025-05-07T10:17:24","slug":"cuchillo-fijo-cold-steel-lynn-thompson-signature-kobun","status":"publish","type":"product","link":"https:\/\/www.moskito.cz\/es\/produkt\/cuchillo-fijo-cold-steel-lynn-thompson-signature-kobun\/","title":{"rendered":"Cuchillo Fijo Cold Steel LYNN THOMPSON SIGNATURE KOBUN"},"content":{"rendered":"<p>Cuchillo Fijo <strong>Cold Steel<\/strong> LYNN THOMPSON SIGNATURE KOBUN.<\/p>\n<p>Este es el sue\u00f1o de todo coleccionista de cuchillos. Limitado a 3000 piezas en todo el mundo, cada cuchillo est\u00e1 grabado con la firma de Lynn y un n\u00famero de serie \u00fanico. \u00a1Cada caja est\u00e1 firmada por Lynn!<\/p>\n<p>\u00bfBuscas mejorar tu colecci\u00f3n de equipo t\u00e1ctico? No busque m\u00e1s. Hemos creado exactamente lo que buscas con el Lynn Thompson Signature Cold Steel Kobun, una verdadera encarnaci\u00f3n del rendimiento y estilo de vanguardia que ha sido dise\u00f1ado pensando en el usuario exigente. Creado en colaboraci\u00f3n con Lynn Thompson, un reconocido pionero en la industria de los cuchillos cuya experiencia y pasi\u00f3n por las hojas brilla en cada detalle, este cuchillo liviano de hoja fija cuenta con una hoja de acero inoxidable S35VN de primera calidad que es afilada, duradera y altamente corrosiva. -resistente.<\/p>\n<p>A la hoja de 5,5 pulgadas se adjunta un mango Kray-Ex duradero y ergon\u00f3mico que proporciona un agarre seguro y c\u00f3modo incluso en condiciones adversas, ya que su superficie texturizada proporciona un agarre antideslizante para un control preciso en mojado. Con poco menos de 10 pulgadas de di\u00e1metro, el Kobun logra el equilibrio perfecto entre portabilidad y funcionalidad: lo suficientemente compacto como para transportarlo todos los d\u00edas, pero lo suficientemente resistente como para manejar con facilidad tareas dif\u00edciles de corte al aire libre. Agregue a eso un perfil de hoja discreto que ha sido numerado de serie individualmente para marcar su estado como un verdadero art\u00edculo de colecci\u00f3n, y estar\u00e1 listo para hacer una declaraci\u00f3n seria sobre lo que valora (y en lo que conf\u00eda) en una herramienta de corte de precisi\u00f3n.<\/p>\n<p>Creado para Cold Steel en colaboraci\u00f3n con la experta en cuchillos Lynn Thompson.<br \/>\nCada uno tiene un n\u00famero de serie individual para indicar el estado de la edici\u00f3n de coleccionista.<br \/>\nLa hoja de acero inoxidable S35VN de 5,5 pulgadas mantiene su filo incluso en tareas exigentes<br \/>\nEl mango Kray-Ex proporciona un agarre antideslizante incluso en condiciones h\u00famedas.<br \/>\nEl peso ligero, de 10 pulgadas de largo y con un perfil discreto, es perfecto para EDC.<\/p>\n<p>Peso: 129 gramos<br \/>\nTama\u00f1o total: 25 cm<br \/>\nLongitud de la hoja: 13,7 cm<br \/>\nGrosor de la hoja: 0,3 cm.<br \/>\nAcero: CPM-S35VN<br \/>\nLongitud del mango: 11,3 cm<br \/>\nMaterial del mango: Kray-Ex\u2122 largo<br \/>\nMaterial de la funda: Funda Secure-Ex\u00ae<\/p>\n<p><iframe title=\"Lynn Thompson&#039;s Signature Series Kobun\" width=\"800\" height=\"450\" src=\"https:\/\/www.youtube.com\/embed\/d3Mt5i6CYmE?feature=oembed\" frameborder=\"0\" allow=\"accelerometer; autoplay; clipboard-write; encrypted-media; gyroscope; picture-in-picture; web-share\" referrerpolicy=\"strict-origin-when-cross-origin\" allowfullscreen><\/iframe><\/p>\n<p>&nbsp;<\/p>\n<p>&nbsp;<\/p>\n","protected":false},"excerpt":{"rendered":"<p><strong>Este es el sue\u00f1o de todo coleccionista de cuchillos. Limitado a 3000 piezas en todo el mundo, cada cuchillo est\u00e1 grabado con la firma de Lynn y un n\u00famero de serie \u00fanico. \u00a1Cada caja est\u00e1 firmada por Lynn!<\/strong><\/p>\n<p><strong>Transporte gratuito.<\/strong><\/p>\n","protected":false},"featured_media":344763,"comment_status":"open","ping_status":"closed","template":"","meta":[],"pwb-brand":[3790],"product_brand":[],"product_cat":[3726,3727],"product_tag":[3756],"class_list":{"0":"post-344810","1":"product","2":"type-product","3":"status-publish","4":"has-post-thumbnail","6":"pwb-brand-arma-blanca","7":"product_cat-cuchillos","8":"product_cat-cuchillos-macizos","9":"product_tag-b2b-es","11":"first","12":"outofstock","13":"taxable","14":"shipping-taxable","15":"purchasable","16":"product-type-simple"},"brands":[{"id":3790,"name":"Arma blanca","slug":"arma-blanca"}],"_links":{"self":[{"href":"https:\/\/www.moskito.cz\/es\/wp-json\/wp\/v2\/product\/344810","targetHints":{"allow":["GET"]}}],"collection":[{"href":"https:\/\/www.moskito.cz\/es\/wp-json\/wp\/v2\/product"}],"about":[{"href":"https:\/\/www.moskito.cz\/es\/wp-json\/wp\/v2\/types\/product"}],"replies":[{"embeddable":true,"href":"https:\/\/www.moskito.cz\/es\/wp-json\/wp\/v2\/comments?post=344810"}],"wp:featuredmedia":[{"embeddable":true,"href":"https:\/\/www.moskito.cz\/es\/wp-json\/wp\/v2\/media\/344763"}],"wp:attachment":[{"href":"https:\/\/www.moskito.cz\/es\/wp-json\/wp\/v2\/media?parent=344810"}],"wp:term":[{"taxonomy":"pwb-brand","embeddable":true,"href":"https:\/\/www.moskito.cz\/es\/wp-json\/wp\/v2\/pwb-brand?post=344810"},{"taxonomy":"product_brand","embeddable":true,"href":"https:\/\/www.moskito.cz\/es\/wp-json\/wp\/v2\/product_brand?post=344810"},{"taxonomy":"product_cat","embeddable":true,"href":"https:\/\/www.moskito.cz\/es\/wp-json\/wp\/v2\/product_cat?post=344810"},{"taxonomy":"product_tag","embeddable":true,"href":"https:\/\/www.moskito.cz\/es\/wp-json\/wp\/v2\/product_tag?post=344810"}],"curies":[{"name":"wp","href":"https:\/\/api.w.org\/{rel}","templated":true}]}}