{"id":344831,"date":"2024-06-14T14:50:27","date_gmt":"2024-06-14T13:50:27","guid":{"rendered":"https:\/\/www.moskito.cz\/produkt\/lanzando-torpedo-cold-steel\/"},"modified":"2025-05-07T11:17:25","modified_gmt":"2025-05-07T10:17:25","slug":"lanzando-torpedo-cold-steel","status":"publish","type":"product","link":"https:\/\/www.moskito.cz\/es\/produkt\/lanzando-torpedo-cold-steel\/","title":{"rendered":"Lanzando TORPEDO Cold Steel"},"content":{"rendered":"<p>Lanzando <strong>TORPEDO Cold Steel.<\/strong><\/p>\n<p>Cold Steel Torpedo es muy divertido de lanzar a un objetivo. Las puntas doblemente biseladas se deslizan sin esfuerzo fuera de la mano para una liberaci\u00f3n definitiva y ofrecen el doble de potencial de agarre que un cuchillo arrojadizo convencional. Es m\u00e1s, las 2 libras. el peso te permite pararte lejos del objetivo (15 yardas o m\u00e1s) y lanzarlo con un poder sorprendente. Uno de los favoritos tanto entre los lanzadores deportivos como entre los aficionados, el Torpedo sigue siendo una edici\u00f3n popular de nuestra gama durante muchos a\u00f1os, \u00a1y por una buena raz\u00f3n!<\/p>\n<p>Peso: 907,18 gramos<br \/>\nTama\u00f1o total: 38 cm<br \/>\nGrosor: 2,55 cm.<br \/>\nAcero: acero al carbono 1055<\/p>\n<p><iframe title=\"COLD STEEL&#039;S TORPEDO\" width=\"800\" height=\"450\" src=\"https:\/\/www.youtube.com\/embed\/EXYMN448_60?feature=oembed\" frameborder=\"0\" allow=\"accelerometer; autoplay; clipboard-write; encrypted-media; gyroscope; picture-in-picture; web-share\" referrerpolicy=\"strict-origin-when-cross-origin\" allowfullscreen><\/iframe><\/p>\n<p>&nbsp;<\/p>\n<p>&nbsp;<\/p>\n<p>&nbsp;<\/p>\n","protected":false},"excerpt":{"rendered":"<p><strong>Cold Steel Torpedo es solo un arma arrojadiza.<\/strong><\/p>\n","protected":false},"featured_media":344820,"comment_status":"open","ping_status":"closed","template":"","meta":[],"pwb-brand":[3790],"product_brand":[],"product_cat":[3728,3726],"product_tag":[3756],"class_list":{"0":"post-344831","1":"product","2":"type-product","3":"status-publish","4":"has-post-thumbnail","6":"pwb-brand-arma-blanca","7":"product_cat-lanzando-cuchillos","8":"product_cat-cuchillos","9":"product_tag-b2b-es","11":"first","12":"instock","13":"taxable","14":"shipping-taxable","15":"purchasable","16":"product-type-simple"},"brands":[{"id":3790,"name":"Arma blanca","slug":"arma-blanca"}],"_links":{"self":[{"href":"https:\/\/www.moskito.cz\/es\/wp-json\/wp\/v2\/product\/344831","targetHints":{"allow":["GET"]}}],"collection":[{"href":"https:\/\/www.moskito.cz\/es\/wp-json\/wp\/v2\/product"}],"about":[{"href":"https:\/\/www.moskito.cz\/es\/wp-json\/wp\/v2\/types\/product"}],"replies":[{"embeddable":true,"href":"https:\/\/www.moskito.cz\/es\/wp-json\/wp\/v2\/comments?post=344831"}],"wp:featuredmedia":[{"embeddable":true,"href":"https:\/\/www.moskito.cz\/es\/wp-json\/wp\/v2\/media\/344820"}],"wp:attachment":[{"href":"https:\/\/www.moskito.cz\/es\/wp-json\/wp\/v2\/media?parent=344831"}],"wp:term":[{"taxonomy":"pwb-brand","embeddable":true,"href":"https:\/\/www.moskito.cz\/es\/wp-json\/wp\/v2\/pwb-brand?post=344831"},{"taxonomy":"product_brand","embeddable":true,"href":"https:\/\/www.moskito.cz\/es\/wp-json\/wp\/v2\/product_brand?post=344831"},{"taxonomy":"product_cat","embeddable":true,"href":"https:\/\/www.moskito.cz\/es\/wp-json\/wp\/v2\/product_cat?post=344831"},{"taxonomy":"product_tag","embeddable":true,"href":"https:\/\/www.moskito.cz\/es\/wp-json\/wp\/v2\/product_tag?post=344831"}],"curies":[{"name":"wp","href":"https:\/\/api.w.org\/{rel}","templated":true}]}}