{"id":344848,"date":"2021-07-22T08:44:13","date_gmt":"2021-07-22T07:44:13","guid":{"rendered":"https:\/\/www.moskito.cz\/produkt\/cuchillo-solido-cold-steel-bowie-spike\/"},"modified":"2025-05-07T11:17:27","modified_gmt":"2025-05-07T10:17:27","slug":"cuchillo-solido-cold-steel-bowie-spike","status":"publish","type":"product","link":"https:\/\/www.moskito.cz\/es\/produkt\/cuchillo-solido-cold-steel-bowie-spike\/","title":{"rendered":"Cuchillo S\u00f3lido Cold Steel BOWIE SPIKE"},"content":{"rendered":"<p>Cuchillo Macizo <strong>Cold Steel<\/strong> BOWIE SPIKE.<\/p>\n<p>Nuestros cuchillos para el cuello de la serie Spike son delgados, livianos y extremadamente duraderos. Sus hojas afiladas de corte cero se complementan con escamas de mango texturizadas y muy dentadas que ofrecen un agarre c\u00f3modo y seguro. Las empu\u00f1aduras ergon\u00f3micas Spike cuentan con quillones integrados para garantizar una parada segura para el dedo \u00edndice y el pulgar, mientras que el Griv-Ex moldeado y de textura profunda proporciona una excelente tracci\u00f3n positiva incluso cuando las manos est\u00e1n fr\u00edas, mojadas y resbaladizas. Disponibles en cuatro formas distintivas de hoja (Bowie, Drop Point, Tokyo y Tanto point), ofrecen toda la resistencia de una construcci\u00f3n de acero s\u00f3lido de una sola pieza y, al mismo tiempo, son lo suficientemente livianas como para transportarlas todo el d\u00eda sin fatiga. Cada Spike viene con una funda Secure-Ex que proporciona retenci\u00f3n y seguridad superiores.<\/p>\n<p>Longitud total: 205 mm<br \/>\nLa hoja est\u00e1 fabricada en acero: acero inoxidable alem\u00e1n 4116.<br \/>\nLongitud de la hoja: 103 mm<br \/>\nTallo: Imitaci\u00f3n G-10<br \/>\nIncluye vaina y cadena para el cuello.<\/p>\n<p><strong>Cold Steel<\/strong> es una empresa dedicada a la producci\u00f3n de los cuchillos m\u00e1s fuertes y afilados del mundo. Durante las \u00faltimas tres d\u00e9cadas, Cold Steel ha estado a la vanguardia de muchas innovaciones que han ayudado a definir la industria de los cuchillos. Los \u00e9xitos sucesivos, incluida la introducci\u00f3n de mangos a cuadros Kraton\u00ae y estilos de hojas de punta tanto, han pasado de caracter\u00edsticas curiosas a caracter\u00edsticas industriales de calidad y sofisticaci\u00f3n. La nueva direcci\u00f3n tambi\u00e9n se rompi\u00f3 con la introducci\u00f3n de nuevas hojas de acero \u00fanicas como San Mai III\u00ae y Tri-Ad \u2122 Lock &amp; Locking Mecanismo para navajas plegables. Por ejemplo, el Tri-Ad \u2122 Lock nunca ha sido igualado por ninguno de los competidores de Cold Steel y no se ha demostrado que supere a nada de lo que han producido hasta la fecha. Por supuesto, Cold Steel siempre mirar\u00e1 hacia el futuro y se esforzar\u00e1 constantemente por producir los cuchillos m\u00e1s fuertes y afilados del mundo. Este objetivo, igualmente esquivo y dif\u00edcil de alcanzar, ha sido el mismo durante los \u00faltimos cuarenta a\u00f1os. Acero fr\u00edo Inc. es una empresa enfocada en producir los cuchillos, espadas, hachas de guerra, machetes, cubiertos y herramientas m\u00e1s fuertes y afilados para el uso diario: EDC. Adoptado r\u00e1pidamente por el ej\u00e9rcito, las fuerzas especiales del orden p\u00fablico, los servicios de emergencia, los profesionales de la autodefensa y los miembros de la comunidad de artes marciales, Cold Steel r\u00e1pidamente se hizo un nombre por su calidad, resistencia, confiabilidad y confiabilidad en el transporte diario (EDC). . Nuestra diversa y variada l\u00ednea creci\u00f3 r\u00e1pidamente hasta incluir no solo una enorme selecci\u00f3n de navajas plegables (desde hojas &#8216;EDC&#8217; m\u00e1s peque\u00f1as hasta nuestras ic\u00f3nicas &#8216;megacarpetas&#8217; gigantes), sino tambi\u00e9n hojas fijas, espadas, sables, bastones y alabardas, como \u00a1Adem\u00e1s de suministros de caza, lanzas, rifles, hachas, machetes, hachas de guerra y herramientas! A lo largo de las d\u00e9cadas, Cold Steel ha introducido nuevos materiales y dise\u00f1os pioneros que han ayudado a dar forma al mundo de los cuchillos, las armas blancas y las herramientas modernas. Desde la introducci\u00f3n de empu\u00f1aduras a cuadros Kraton\u00ae y la hoja Tanto \u201camericanizada\u201d, hasta la inclusi\u00f3n de nuevos e innovadores aceros para hojas como San Mai III\u00ae y mecanismos de bloqueo innovadores (como nuestro Tri-Ad \u2122 Lock). Mientras miramos hacia el futuro, Cold Steel contin\u00faa aportando nuevos niveles de resistencia, seguridad y rendimiento al mercado, brindando productos probados en los que puede confiar, \u00a1en cualquier momento y en cualquier lugar!<\/p>\n","protected":false},"excerpt":{"rendered":"<p>Cuchillo macizo con funda.<\/p>\n","protected":false},"featured_media":344849,"comment_status":"open","ping_status":"closed","template":"","meta":[],"pwb-brand":[3790],"product_brand":[],"product_cat":[3727,3726],"product_tag":[],"class_list":{"0":"post-344848","1":"product","2":"type-product","3":"status-publish","4":"has-post-thumbnail","6":"pwb-brand-arma-blanca","7":"product_cat-cuchillos-macizos","8":"product_cat-cuchillos","10":"first","11":"instock","12":"taxable","13":"shipping-taxable","14":"purchasable","15":"product-type-simple"},"brands":[{"id":3790,"name":"Arma blanca","slug":"arma-blanca"}],"_links":{"self":[{"href":"https:\/\/www.moskito.cz\/es\/wp-json\/wp\/v2\/product\/344848","targetHints":{"allow":["GET"]}}],"collection":[{"href":"https:\/\/www.moskito.cz\/es\/wp-json\/wp\/v2\/product"}],"about":[{"href":"https:\/\/www.moskito.cz\/es\/wp-json\/wp\/v2\/types\/product"}],"replies":[{"embeddable":true,"href":"https:\/\/www.moskito.cz\/es\/wp-json\/wp\/v2\/comments?post=344848"}],"wp:featuredmedia":[{"embeddable":true,"href":"https:\/\/www.moskito.cz\/es\/wp-json\/wp\/v2\/media\/344849"}],"wp:attachment":[{"href":"https:\/\/www.moskito.cz\/es\/wp-json\/wp\/v2\/media?parent=344848"}],"wp:term":[{"taxonomy":"pwb-brand","embeddable":true,"href":"https:\/\/www.moskito.cz\/es\/wp-json\/wp\/v2\/pwb-brand?post=344848"},{"taxonomy":"product_brand","embeddable":true,"href":"https:\/\/www.moskito.cz\/es\/wp-json\/wp\/v2\/product_brand?post=344848"},{"taxonomy":"product_cat","embeddable":true,"href":"https:\/\/www.moskito.cz\/es\/wp-json\/wp\/v2\/product_cat?post=344848"},{"taxonomy":"product_tag","embeddable":true,"href":"https:\/\/www.moskito.cz\/es\/wp-json\/wp\/v2\/product_tag?post=344848"}],"curies":[{"name":"wp","href":"https:\/\/api.w.org\/{rel}","templated":true}]}}