{"id":344902,"date":"2024-06-14T15:12:32","date_gmt":"2024-06-14T14:12:32","guid":{"rendered":"https:\/\/www.moskito.cz\/produkt\/hachas-de-lanzamiento-de-cold-steel-hachas-de-lanzamiento-paquete-de-3-con-funda\/"},"modified":"2025-12-17T11:40:22","modified_gmt":"2025-12-17T10:40:22","slug":"hachas-de-lanzamiento-de-cold-steel-hachas-de-lanzamiento-paquete-de-3-con-funda","status":"publish","type":"product","link":"https:\/\/www.moskito.cz\/es\/produkt\/hachas-de-lanzamiento-de-cold-steel-hachas-de-lanzamiento-paquete-de-3-con-funda\/","title":{"rendered":"Hachas de lanzamiento de Cold Steel HACHAS DE LANZAMIENTO-PAQUETE DE 3 CON FUNDA"},"content":{"rendered":"<p>Juego de hachas arrojadizas <strong>de Cold Steel<\/strong> PAQUETE DE 3 HACHAS LANZADORES CON FUNDA.<\/p>\n<p>Lleva el lanzamiento al objetivo al siguiente nivel con este paquete de tres hachas arrojadizas. Estas hachas de acero de una sola pieza est\u00e1n dise\u00f1adas espec\u00edficamente para el lanzamiento al blanco. Construido con acero 420SS de alta resistencia y acabado con un revestimiento de \u00f3xido negro duradero y resistente a los ara\u00f1azos. Se pueden guardar en un pr\u00e1ctico estuche de nailon. \u00a1Desaf\u00eda a tus amigos por la supremac\u00eda en el patio trasero!<\/p>\n<p>Peso: 238 g<br \/>\nTama\u00f1o total: 27 cm<br \/>\nLongitud de la hoja: 4,4 cm<br \/>\nGrosor de la hoja: 0,39 cm<br \/>\nAcero: 420SS<br \/>\nLongitud del mango: 13 cm<br \/>\nMaterial de la vaina: Nylon<\/p>\n","protected":false},"excerpt":{"rendered":"<p><strong>Lleva el lanzamiento al objetivo al siguiente nivel con este paquete de tres hachas arrojadizas.<\/strong><\/p>\n","protected":false},"featured_media":344875,"comment_status":"open","ping_status":"closed","template":"","meta":[],"pwb-brand":[3790],"product_brand":[],"product_cat":[3728,3726],"product_tag":[3756],"class_list":{"0":"post-344902","1":"product","2":"type-product","3":"status-publish","4":"has-post-thumbnail","6":"pwb-brand-arma-blanca","7":"product_cat-lanzando-cuchillos","8":"product_cat-cuchillos","9":"product_tag-b2b-es","11":"first","12":"outofstock","13":"taxable","14":"shipping-taxable","15":"purchasable","16":"product-type-simple"},"brands":[{"id":3790,"name":"Arma blanca","slug":"arma-blanca"}],"_links":{"self":[{"href":"https:\/\/www.moskito.cz\/es\/wp-json\/wp\/v2\/product\/344902","targetHints":{"allow":["GET"]}}],"collection":[{"href":"https:\/\/www.moskito.cz\/es\/wp-json\/wp\/v2\/product"}],"about":[{"href":"https:\/\/www.moskito.cz\/es\/wp-json\/wp\/v2\/types\/product"}],"replies":[{"embeddable":true,"href":"https:\/\/www.moskito.cz\/es\/wp-json\/wp\/v2\/comments?post=344902"}],"wp:featuredmedia":[{"embeddable":true,"href":"https:\/\/www.moskito.cz\/es\/wp-json\/wp\/v2\/media\/344875"}],"wp:attachment":[{"href":"https:\/\/www.moskito.cz\/es\/wp-json\/wp\/v2\/media?parent=344902"}],"wp:term":[{"taxonomy":"pwb-brand","embeddable":true,"href":"https:\/\/www.moskito.cz\/es\/wp-json\/wp\/v2\/pwb-brand?post=344902"},{"taxonomy":"product_brand","embeddable":true,"href":"https:\/\/www.moskito.cz\/es\/wp-json\/wp\/v2\/product_brand?post=344902"},{"taxonomy":"product_cat","embeddable":true,"href":"https:\/\/www.moskito.cz\/es\/wp-json\/wp\/v2\/product_cat?post=344902"},{"taxonomy":"product_tag","embeddable":true,"href":"https:\/\/www.moskito.cz\/es\/wp-json\/wp\/v2\/product_tag?post=344902"}],"curies":[{"name":"wp","href":"https:\/\/api.w.org\/{rel}","templated":true}]}}