{"id":344930,"date":"2024-06-14T15:23:23","date_gmt":"2024-06-14T14:23:23","guid":{"rendered":"https:\/\/www.moskito.cz\/produkt\/cuchillo-plegable-talwar-de-acero-frio\/"},"modified":"2024-06-14T15:24:12","modified_gmt":"2024-06-14T14:24:12","slug":"cuchillo-plegable-talwar-de-acero-frio","status":"publish","type":"product","link":"https:\/\/www.moskito.cz\/es\/produkt\/cuchillo-plegable-talwar-de-acero-frio\/","title":{"rendered":"Cuchillo plegable TALWAR de acero fr\u00edo"},"content":{"rendered":"<p>Navaja plegable <strong>TALWAR de Cold Steel<\/strong> .<\/p>\n<p>Dise\u00f1ado por el renombrado fabricante de cuchillos personalizados Andrew Demke y la presidenta de Cold Steel Lynn C Thompson, nuestro Talwar cuenta con una hoja S35VN de 2&#8243; de ancho. El afilado plano, con un borde suavemente curvado de punta a punta, ofrece un poder de corte y perforaci\u00f3n que antes no estaba disponible en una navaja plegable.<\/p>\n<p>Para complementar el filo y la punta letal del Talwar, desarrollamos un mango verdaderamente excepcional. Elaborado a partir de American G-10, su mango de pistola texturizado y esculpido presenta ranuras para los dedos estrat\u00e9gicamente ubicadas para mayor comodidad y seguridad, y para proteger a\u00fan m\u00e1s sus preciosos dedos de esta formidable hoja, hemos equipado el Talwar con nuestro Tri-Ad l\u00edder en la industria. \u00ae. cerrar con llave. Probado y testado, este mecanismo de bloqueo s\u00faper seguro ha demostrado ser incomparable con cualquier bloqueo de cuchillo plegable en la industria, \u00a1a cualquier costo!<\/p>\n<p>M\u00e1s r\u00e1pido de dibujar que cualquier espada de tiro, nuestro Talwar presenta el revolucionario pulgar ambidiestro de Andrew Demek. \u00a1Al guardar el cuchillo en tu bolsillo, podr\u00e1s ejercer el asombroso poder de Talwar a la velocidad del rayo!<\/p>\n<p>Peso: 142 gramos<br \/>\nTama\u00f1o total: 23,5 cm<br \/>\nLongitud de la hoja: 10 cm<br \/>\nGrosor de la hoja: 0,38 cm.<br \/>\nAcero: CPM-S35VN<br \/>\nLongitud del mango: 13,4 cm<br \/>\nMaterial del mango: Largo G-10<\/p>\n","protected":false},"excerpt":{"rendered":"<p><strong>Presentamos nuestro Talwar, dise\u00f1ado por el renombrado fabricante de cuchillos personalizados Andrew Demek y la presidenta de Cold Steel, Lynn C Thompson.<\/strong><\/p>\n<p><strong>Transporte gratuito.<\/strong><\/p>\n","protected":false},"featured_media":344916,"comment_status":"open","ping_status":"closed","template":"","meta":[],"pwb-brand":[3790],"product_brand":[],"product_cat":[3730,3726],"product_tag":[3756],"class_list":{"0":"post-344930","1":"product","2":"type-product","3":"status-publish","4":"has-post-thumbnail","6":"pwb-brand-arma-blanca","7":"product_cat-cuchillas-de-cierre","8":"product_cat-cuchillos","9":"product_tag-b2b-es","11":"first","12":"instock","13":"taxable","14":"shipping-taxable","15":"purchasable","16":"product-type-simple"},"brands":[{"id":3790,"name":"Arma blanca","slug":"arma-blanca"}],"_links":{"self":[{"href":"https:\/\/www.moskito.cz\/es\/wp-json\/wp\/v2\/product\/344930","targetHints":{"allow":["GET"]}}],"collection":[{"href":"https:\/\/www.moskito.cz\/es\/wp-json\/wp\/v2\/product"}],"about":[{"href":"https:\/\/www.moskito.cz\/es\/wp-json\/wp\/v2\/types\/product"}],"replies":[{"embeddable":true,"href":"https:\/\/www.moskito.cz\/es\/wp-json\/wp\/v2\/comments?post=344930"}],"wp:featuredmedia":[{"embeddable":true,"href":"https:\/\/www.moskito.cz\/es\/wp-json\/wp\/v2\/media\/344916"}],"wp:attachment":[{"href":"https:\/\/www.moskito.cz\/es\/wp-json\/wp\/v2\/media?parent=344930"}],"wp:term":[{"taxonomy":"pwb-brand","embeddable":true,"href":"https:\/\/www.moskito.cz\/es\/wp-json\/wp\/v2\/pwb-brand?post=344930"},{"taxonomy":"product_brand","embeddable":true,"href":"https:\/\/www.moskito.cz\/es\/wp-json\/wp\/v2\/product_brand?post=344930"},{"taxonomy":"product_cat","embeddable":true,"href":"https:\/\/www.moskito.cz\/es\/wp-json\/wp\/v2\/product_cat?post=344930"},{"taxonomy":"product_tag","embeddable":true,"href":"https:\/\/www.moskito.cz\/es\/wp-json\/wp\/v2\/product_tag?post=344930"}],"curies":[{"name":"wp","href":"https:\/\/api.w.org\/{rel}","templated":true}]}}