{"id":344970,"date":"2022-06-22T21:20:10","date_gmt":"2024-06-17T08:42:22","guid":{"rendered":"https:\/\/www.moskito.cz\/produkt\/cuchillo-lanzador-kershaw-launch-13\/"},"modified":"2025-05-07T11:17:30","modified_gmt":"2025-05-07T10:17:30","slug":"cuchillo-lanzador-kershaw-launch-13","status":"publish","type":"product","link":"https:\/\/www.moskito.cz\/es\/produkt\/cuchillo-lanzador-kershaw-launch-13\/","title":{"rendered":"Cuchillo Lanzador KERSHAW LAUNCH 13"},"content":{"rendered":"<p>Cuchillo Lanzador <strong>KERSHAW<\/strong> LAUNCH 13<\/p>\n<p>El Launch 13 combina lo mejor de la delgadez y la capacidad de corte en tama\u00f1o completo. Su hoja Wharncliffe es perfecta para trabajos delicados, pero est\u00e1 ligeramente curvada para un corte m\u00e1s vers\u00e1til. El perfil estrecho y el clip de bolsillo profundo hacen que el Launch 13 sea f\u00e1cil de llevar en el bolsillo. Los detalles de dise\u00f1o completan el paquete, incluido un orificio para cord\u00f3n integrado, una hoja de dos tonos y un perno triangular personalizado.<\/p>\n<p>Hecho en EE.UU<br \/>\nEl acero para cuchillas de pulvimetalurgia CPM 154 tiene y mantiene un borde excelente, proporciona resistencia a la corrosi\u00f3n, resistencia al desgaste y dureza.<br \/>\nEl mango de aluminio anodizado s\u00f3lido y liviano tiene un contorno muy llamativo y es llamativo; orificio para cord\u00f3n integrado<br \/>\nUn bot\u00f3n de bajo perfil dificulta el despliegue accidental de la hoja<br \/>\nEsta navaja autom\u00e1tica s\u00f3lo se vende a trav\u00e9s de distribuidores autorizados de Kershaw; el sitio web es solo para informaci\u00f3n<\/p>\n<p>TENGA EN CUENTA QUE LOS MODELOS ANTIGUOS UTILIZAN EL TRATAMIENTO DLC NEGRO. LOS MODELOS DE PRODUCCI\u00d3N ACTUALES SE FABRICAN CON UNA HOJA DE SUPERFICIE CERAKOTE.<\/p>\n<p>Uso cotidiano, laboral y t\u00e1ctico.<br \/>\nTipo Cuchillo Autom\u00e1tico<br \/>\nNavaja de bolsillo con estilo<br \/>\nDise\u00f1ador Kershaw Originales<br \/>\nEstilo de espada Wharncliffe<br \/>\nBorde de la hoja liso<br \/>\nAcci\u00f3n de apertura autom\u00e1tica<br \/>\nSe abre con un bot\u00f3n<br \/>\nTipo de bloqueo Bloqueo de botones<br \/>\nClip de bolsillo Transporte profundo reversible (derecha\/izquierda, flip)<br \/>\nColor del mango Negro<br \/>\nHecho en los EE.UU. S\u00ed<br \/>\nPa\u00eds de origen EE.UU.<br \/>\nGarant\u00eda Garant\u00eda de por vida<\/p>\n<p>Material de la hoja: acero en polvo CPM-154CM<br \/>\nLongitud de la hoja: 89 mm<br \/>\nespesor de la hoja 3,1 mm<br \/>\nLongitud total: 203 mm<br \/>\nPeso: 68 gramos<br \/>\nMaterial del mango: duraluminio de aviaci\u00f3n 6061-T6<br \/>\nApertura: bot\u00f3n<br \/>\nClip para llevar en el bolsillo o en el cintur\u00f3n<br \/>\nSeguridad: Bloqueo de botones<br \/>\nHecho en EE.UU<\/p>\n<p>&nbsp;<\/p>\n<p><iframe title=\"Kershaw Launch 13 - Model 7650\" width=\"800\" height=\"450\" src=\"https:\/\/www.youtube.com\/embed\/ijA4CaFSnp4?feature=oembed\" frameborder=\"0\" allow=\"accelerometer; autoplay; clipboard-write; encrypted-media; gyroscope; picture-in-picture; web-share\" referrerpolicy=\"strict-origin-when-cross-origin\" allowfullscreen><\/iframe><\/p>\n<p>&nbsp;<\/p>\n","protected":false},"excerpt":{"rendered":"<p>El fundador de Kershaw, Pete Kershaw, conoc\u00eda la importancia de la calidad garantizada. A finales de 1974, decidi\u00f3 iniciar su propia empresa de cuchillos en una planta de cemento en Lake Oswego, Oreg\u00f3n.<\/p>\n<p>En Jap\u00f3n, el director general Kai Koji Endo cre\u00eda que Kershaw ten\u00eda a\u00fan m\u00e1s potencial de crecimiento. En 1996, Endo invirti\u00f3 en una planta de fabricaci\u00f3n estadounidense en la base de Kai USA en Wilsonville. Cre\u00eda que ayudar\u00eda a Kershaw a alcanzar su m\u00e1ximo potencial. Y pronto Kai USA contrat\u00f3 un nuevo equipo de producci\u00f3n para el trabajo.<\/p>\n","protected":false},"featured_media":344973,"comment_status":"open","ping_status":"closed","template":"","meta":[],"pwb-brand":[3777],"product_brand":[],"product_cat":[3726,3729],"product_tag":[],"class_list":{"0":"post-344970","1":"product","2":"type-product","3":"status-publish","4":"has-post-thumbnail","6":"pwb-brand-kershaw-es","7":"product_cat-cuchillos","8":"product_cat-cuchillos-de-tiro","10":"first","11":"outofstock","12":"taxable","13":"shipping-taxable","14":"purchasable","15":"product-type-simple"},"brands":[{"id":3777,"name":"Kershaw","slug":"kershaw-es"}],"_links":{"self":[{"href":"https:\/\/www.moskito.cz\/es\/wp-json\/wp\/v2\/product\/344970","targetHints":{"allow":["GET"]}}],"collection":[{"href":"https:\/\/www.moskito.cz\/es\/wp-json\/wp\/v2\/product"}],"about":[{"href":"https:\/\/www.moskito.cz\/es\/wp-json\/wp\/v2\/types\/product"}],"replies":[{"embeddable":true,"href":"https:\/\/www.moskito.cz\/es\/wp-json\/wp\/v2\/comments?post=344970"}],"wp:featuredmedia":[{"embeddable":true,"href":"https:\/\/www.moskito.cz\/es\/wp-json\/wp\/v2\/media\/344973"}],"wp:attachment":[{"href":"https:\/\/www.moskito.cz\/es\/wp-json\/wp\/v2\/media?parent=344970"}],"wp:term":[{"taxonomy":"pwb-brand","embeddable":true,"href":"https:\/\/www.moskito.cz\/es\/wp-json\/wp\/v2\/pwb-brand?post=344970"},{"taxonomy":"product_brand","embeddable":true,"href":"https:\/\/www.moskito.cz\/es\/wp-json\/wp\/v2\/product_brand?post=344970"},{"taxonomy":"product_cat","embeddable":true,"href":"https:\/\/www.moskito.cz\/es\/wp-json\/wp\/v2\/product_cat?post=344970"},{"taxonomy":"product_tag","embeddable":true,"href":"https:\/\/www.moskito.cz\/es\/wp-json\/wp\/v2\/product_tag?post=344970"}],"curies":[{"name":"wp","href":"https:\/\/api.w.org\/{rel}","templated":true}]}}