{"id":344996,"date":"2020-04-30T16:25:12","date_gmt":"2024-06-17T11:28:21","guid":{"rendered":"https:\/\/www.moskito.cz\/produkt\/cuchillo-solido-cold-steel-urban-pal-cs43ls\/"},"modified":"2025-07-11T07:51:18","modified_gmt":"2025-07-11T06:51:18","slug":"cuchillo-solido-cold-steel-urban-pal-cs43ls","status":"publish","type":"product","link":"https:\/\/www.moskito.cz\/es\/produkt\/cuchillo-solido-cold-steel-urban-pal-cs43ls\/","title":{"rendered":"Cuchillo S\u00f3lido Cold Steel Urban Pal CS43LS"},"content":{"rendered":"<p>Cuchillo Macizo Cold Steel Urban Pal CS43LS.<\/p>\n<p>La empresa estadounidense Cold Steel tiene su origen en Ventura, California. La marca se fund\u00f3 en 1980 con el objetivo de producir los cuchillos m\u00e1s fuertes y afilados del mundo. Durante las \u00faltimas tres d\u00e9cadas, Cold Steel ha estado a la vanguardia de muchas innovaciones que han ayudado a definir el cuchillo comercial en su conjunto. El fabricante mantiene una alta calidad de mano de obra y trabaja constantemente para cumplir su objetivo de ofrecer los cuchillos m\u00e1s fuertes y afilados del mundo. Una amplia gama de cuchillos t\u00e1cticos o de caza garantiza una amplia base de usuarios y seguidores leales.<\/p>\n<p>Grosor de la hoja: 2 mm<br \/>\n Longitud de la hoja: 4 cm<br \/>\n Mango: Kraton<br \/>\n Acero: AUS 8A<br \/>\n Longitud total: 8 cm<br \/>\n Funda: Funda Securex<br \/>\n Hecho en Jap\u00f3n<\/p>\n<p>\u00a1El Urban Pal deber\u00eda ser un equipo est\u00e1ndar para sobrevivir en la jungla urbana actual! Con un peso de menos de media onza, se puede llevar perfectamente sin que llame la atenci\u00f3n en un bolsillo o bolso y se puede sujetar f\u00e1cilmente a un llavero o colgar del cuello.<br \/>\n Peso: 0.7oz Grosor de la hoja: 2 mm Longitud de la hoja: 1-1\/2&#8243; Acero de la hoja: Acero inoxidable japon\u00e9s AUS8A Longitud\/material del mango: Kray-Ex\u2122 de 1-5\/8&#8243; Longitud total: 3-1\/8&#8243; Caracter\u00edsticas adicionales: Funda Secure-Ex\u00ae Tipo de cuchillo: Fijo Rango de longitud de la hoja: 3-5 in Familia de acero: AUS Forma de la hoja: Punta ca\u00edda<\/p>\n<p>&nbsp;<\/p>\n","protected":false},"excerpt":{"rendered":"<div class=\"vc-commoditydetail_annotation\">\n<div class=\"annotation wysiwyg\">La Urban Pal de COLD STEEL es una peque\u00f1a daga de empuje con hoja dentada. Un cuchillo adecuado para EDC y supervivencia cotidiana en la jungla urbana. Se puede fijar a un llavero, a un equipo o a la cremallera de una chaqueta.<\/div>\n<\/div>\n<div class=\"vc-commoditydetail_info\">\n<div class=\"items loaded\" data-module=\"vm\/CommodityDetail_Info\">\n<dl class=\"Person\">\n<dt>Fabricante<\/dt>\n<\/dl>\n<\/div>\n<\/div>\n","protected":false},"featured_media":168031,"comment_status":"open","ping_status":"closed","template":"","meta":[],"pwb-brand":[3790],"product_brand":[],"product_cat":[3726,3727],"product_tag":[3756],"class_list":{"0":"post-344996","1":"product","2":"type-product","3":"status-publish","4":"has-post-thumbnail","6":"pwb-brand-arma-blanca","7":"product_cat-cuchillos","8":"product_cat-cuchillos-macizos","9":"product_tag-b2b-es","11":"first","12":"outofstock","13":"taxable","14":"shipping-taxable","15":"purchasable","16":"product-type-simple"},"brands":[{"id":3790,"name":"Arma blanca","slug":"arma-blanca"}],"_links":{"self":[{"href":"https:\/\/www.moskito.cz\/es\/wp-json\/wp\/v2\/product\/344996","targetHints":{"allow":["GET"]}}],"collection":[{"href":"https:\/\/www.moskito.cz\/es\/wp-json\/wp\/v2\/product"}],"about":[{"href":"https:\/\/www.moskito.cz\/es\/wp-json\/wp\/v2\/types\/product"}],"replies":[{"embeddable":true,"href":"https:\/\/www.moskito.cz\/es\/wp-json\/wp\/v2\/comments?post=344996"}],"wp:featuredmedia":[{"embeddable":true,"href":"https:\/\/www.moskito.cz\/es\/wp-json\/wp\/v2\/media\/168031"}],"wp:attachment":[{"href":"https:\/\/www.moskito.cz\/es\/wp-json\/wp\/v2\/media?parent=344996"}],"wp:term":[{"taxonomy":"pwb-brand","embeddable":true,"href":"https:\/\/www.moskito.cz\/es\/wp-json\/wp\/v2\/pwb-brand?post=344996"},{"taxonomy":"product_brand","embeddable":true,"href":"https:\/\/www.moskito.cz\/es\/wp-json\/wp\/v2\/product_brand?post=344996"},{"taxonomy":"product_cat","embeddable":true,"href":"https:\/\/www.moskito.cz\/es\/wp-json\/wp\/v2\/product_cat?post=344996"},{"taxonomy":"product_tag","embeddable":true,"href":"https:\/\/www.moskito.cz\/es\/wp-json\/wp\/v2\/product_tag?post=344996"}],"curies":[{"name":"wp","href":"https:\/\/api.w.org\/{rel}","templated":true}]}}