{"id":345045,"date":"2024-06-17T15:53:04","date_gmt":"2024-06-17T14:53:04","guid":{"rendered":"https:\/\/www.moskito.cz\/produkt\/cuchillo-plegable-cold-steel-engage-negro\/"},"modified":"2025-05-07T11:17:35","modified_gmt":"2025-05-07T10:17:35","slug":"cuchillo-plegable-cold-steel-engage-negro","status":"publish","type":"product","link":"https:\/\/www.moskito.cz\/es\/produkt\/cuchillo-plegable-cold-steel-engage-negro\/","title":{"rendered":"Cuchillo plegable Cold Steel ENGAGE NEGRO"},"content":{"rendered":"<p>Cuchillo Cierre <strong>Cold Steel<\/strong> ENGAGE NEGRO.<\/p>\n<p>El Engage es un componente premium de acero inoxidable japon\u00e9s AUS-10 de 3 pulgadas, una opci\u00f3n resistente para el transporte diario que es fuerte, f\u00e1cil de afilar y mantiene un borde excepcionalmente bien. Con el bloqueo deslizante Atlas\u2122 patentado de Cold Steel para un bloqueo duradero y consistente, es totalmente ambidiestro y est\u00e1 listo para afrontar cualquier tarea diaria. Hay dos opciones de mango disponibles: el robusto GFN o la variante G10. La vers\u00e1til hoja con punta de clip es una fina piedra de PVD negra al agua.<\/p>\n<p>Disponibles en una amplia gama de hojas de acero y formas, y a varios precios, los nuevos cuchillos Engage de Cold Steel est\u00e1n destinados a ser estrellas del transporte diario. Totalmente ambidiestros, estos cuchillos EDC de primera calidad est\u00e1n dise\u00f1ados para manejar cualquier ocasi\u00f3n con confianza, y cuentan con un bloqueo deslizante patentado Atlas\u2122 Lock que ofrece un bloqueo duradero, fuerte y confiable.<\/p>\n<p>Peso: 97 gramos<br \/>\nTama\u00f1o total: 18,5 cm<br \/>\nLongitud de la hoja: 7,9 cm<br \/>\nGrosor de la hoja: 0,25 cm.<br \/>\nAcero: AUS 10A<br \/>\nLongitud del mango: 10,6 cm<br \/>\nMaterial del mango: G-10<\/p>\n<p><iframe title=\"Cold Steel&#039;s Atlas Lock Test featuring the  new Engage 3.5&quot;\" width=\"800\" height=\"450\" src=\"https:\/\/www.youtube.com\/embed\/nh_7tHY8Ypw?feature=oembed\" frameborder=\"0\" allow=\"accelerometer; autoplay; clipboard-write; encrypted-media; gyroscope; picture-in-picture; web-share\" referrerpolicy=\"strict-origin-when-cross-origin\" allowfullscreen><\/iframe><\/p>\n<p>&nbsp;<\/p>\n","protected":false},"excerpt":{"rendered":"<p><strong>Disponibles en una amplia gama de hojas de acero y formas, y a varios precios, los nuevos cuchillos Engage de Cold Steel est\u00e1n destinados a ser estrellas del transporte diario.<\/strong><\/p>\n","protected":false},"featured_media":432648,"comment_status":"open","ping_status":"closed","template":"","meta":[],"pwb-brand":[3790],"product_brand":[],"product_cat":[3730,3726],"product_tag":[3756],"class_list":{"0":"post-345045","1":"product","2":"type-product","3":"status-publish","4":"has-post-thumbnail","6":"pwb-brand-arma-blanca","7":"product_cat-cuchillas-de-cierre","8":"product_cat-cuchillos","9":"product_tag-b2b-es","11":"first","12":"instock","13":"taxable","14":"shipping-taxable","15":"purchasable","16":"product-type-simple"},"brands":[{"id":3790,"name":"Arma blanca","slug":"arma-blanca"}],"_links":{"self":[{"href":"https:\/\/www.moskito.cz\/es\/wp-json\/wp\/v2\/product\/345045","targetHints":{"allow":["GET"]}}],"collection":[{"href":"https:\/\/www.moskito.cz\/es\/wp-json\/wp\/v2\/product"}],"about":[{"href":"https:\/\/www.moskito.cz\/es\/wp-json\/wp\/v2\/types\/product"}],"replies":[{"embeddable":true,"href":"https:\/\/www.moskito.cz\/es\/wp-json\/wp\/v2\/comments?post=345045"}],"wp:featuredmedia":[{"embeddable":true,"href":"https:\/\/www.moskito.cz\/es\/wp-json\/wp\/v2\/media\/432648"}],"wp:attachment":[{"href":"https:\/\/www.moskito.cz\/es\/wp-json\/wp\/v2\/media?parent=345045"}],"wp:term":[{"taxonomy":"pwb-brand","embeddable":true,"href":"https:\/\/www.moskito.cz\/es\/wp-json\/wp\/v2\/pwb-brand?post=345045"},{"taxonomy":"product_brand","embeddable":true,"href":"https:\/\/www.moskito.cz\/es\/wp-json\/wp\/v2\/product_brand?post=345045"},{"taxonomy":"product_cat","embeddable":true,"href":"https:\/\/www.moskito.cz\/es\/wp-json\/wp\/v2\/product_cat?post=345045"},{"taxonomy":"product_tag","embeddable":true,"href":"https:\/\/www.moskito.cz\/es\/wp-json\/wp\/v2\/product_tag?post=345045"}],"curies":[{"name":"wp","href":"https:\/\/api.w.org\/{rel}","templated":true}]}}