{"id":345098,"date":"2020-01-10T14:33:00","date_gmt":"2020-01-10T13:33:00","guid":{"rendered":"https:\/\/www.moskito.cz\/produkt\/cuchillo-rambo-arreglado-last-blood-heartstopper\/"},"modified":"2025-07-11T07:50:25","modified_gmt":"2025-07-11T06:50:25","slug":"cuchillo-rambo-arreglado-last-blood-heartstopper","status":"publish","type":"product","link":"https:\/\/www.moskito.cz\/es\/produkt\/cuchillo-rambo-arreglado-last-blood-heartstopper\/","title":{"rendered":"Cuchillo Rambo arreglado Last Blood Heartstopper"},"content":{"rendered":"<p>Cuchillo fijo <strong>Rambo Last Blood<\/strong> Heartstopper.<\/p>\n<p><strong>Edici\u00f3n con licencia<\/strong> creada con el cuchillo real utilizado en la pel\u00edcula. Incluye funda para cuchillo y cord\u00f3n de piel de b\u00fafalo marr\u00f3n.<br \/>\nLa longitud total del cuchillo es de 37 cm. La longitud de la hoja satinada pulida es de 22,5 cm.<\/p>\n<p><iframe title=\"The Rambo knives\" width=\"800\" height=\"450\" src=\"https:\/\/www.youtube.com\/embed\/GtN_772bV-o?feature=oembed\" frameborder=\"0\" allow=\"accelerometer; autoplay; clipboard-write; encrypted-media; gyroscope; picture-in-picture; web-share\" referrerpolicy=\"strict-origin-when-cross-origin\" allowfullscreen><\/iframe><\/p>\n<p>&nbsp;<\/p>\n","protected":false},"excerpt":{"rendered":"<p><strong>Una versi\u00f3n con licencia del cuchillo Rambo creada con el cuchillo real utilizado en la pel\u00edcula.<\/strong><br \/>\n<strong>Transporte gratuito.<\/strong><\/p>\n","protected":false},"featured_media":176025,"comment_status":"open","ping_status":"closed","template":"","meta":[],"pwb-brand":[3903],"product_brand":[],"product_cat":[3727,3726],"product_tag":[3756],"class_list":{"0":"post-345098","1":"product","2":"type-product","3":"status-publish","4":"has-post-thumbnail","6":"pwb-brand-rambo-es","7":"product_cat-cuchillos-macizos","8":"product_cat-cuchillos","9":"product_tag-b2b-es","11":"first","12":"instock","13":"taxable","14":"shipping-taxable","15":"purchasable","16":"product-type-simple"},"brands":[{"id":3903,"name":"rambo","slug":"rambo-es"}],"_links":{"self":[{"href":"https:\/\/www.moskito.cz\/es\/wp-json\/wp\/v2\/product\/345098","targetHints":{"allow":["GET"]}}],"collection":[{"href":"https:\/\/www.moskito.cz\/es\/wp-json\/wp\/v2\/product"}],"about":[{"href":"https:\/\/www.moskito.cz\/es\/wp-json\/wp\/v2\/types\/product"}],"replies":[{"embeddable":true,"href":"https:\/\/www.moskito.cz\/es\/wp-json\/wp\/v2\/comments?post=345098"}],"wp:featuredmedia":[{"embeddable":true,"href":"https:\/\/www.moskito.cz\/es\/wp-json\/wp\/v2\/media\/176025"}],"wp:attachment":[{"href":"https:\/\/www.moskito.cz\/es\/wp-json\/wp\/v2\/media?parent=345098"}],"wp:term":[{"taxonomy":"pwb-brand","embeddable":true,"href":"https:\/\/www.moskito.cz\/es\/wp-json\/wp\/v2\/pwb-brand?post=345098"},{"taxonomy":"product_brand","embeddable":true,"href":"https:\/\/www.moskito.cz\/es\/wp-json\/wp\/v2\/product_brand?post=345098"},{"taxonomy":"product_cat","embeddable":true,"href":"https:\/\/www.moskito.cz\/es\/wp-json\/wp\/v2\/product_cat?post=345098"},{"taxonomy":"product_tag","embeddable":true,"href":"https:\/\/www.moskito.cz\/es\/wp-json\/wp\/v2\/product_tag?post=345098"}],"curies":[{"name":"wp","href":"https:\/\/api.w.org\/{rel}","templated":true}]}}