{"id":345099,"date":"2019-09-18T17:17:59","date_gmt":"2024-06-18T07:11:33","guid":{"rendered":"https:\/\/www.moskito.cz\/produkt\/rambo-primera-sangre-parte-ii-rb9295\/"},"modified":"2025-11-18T13:21:17","modified_gmt":"2025-11-18T12:21:17","slug":"rambo-primera-sangre-parte-ii-rb9295","status":"publish","type":"product","link":"https:\/\/www.moskito.cz\/es\/produkt\/rambo-primera-sangre-parte-ii-rb9295\/","title":{"rendered":"Rambo Primera Sangre Parte II RB9295"},"content":{"rendered":"<p>Cuchillo <strong>Rambo<\/strong> First Blood Parte II RB9295.<\/p>\n<p>Cuchillo de firma.<br \/>\nCuchillo Rambo con licencia oficial. Esta r\u00e9plica est\u00e1 hecha con los mejores materiales disponibles y es una r\u00e9plica exacta de la utilizada por John Rambo, tambi\u00e9n conocido como Silvester Stallone, en la \u00faltima entrega de la serie Rambo. La longitud del cuchillo es de 38 cm, la hoja es de acero inoxidable 420 con acabado mate y el mango est\u00e1 envuelto con cord\u00f3n de nailon. La r\u00e9plica tambi\u00e9n tiene dos sacapuntas y viene con una funda de piel de b\u00fafalo de alta calidad.<br \/>\nEsta r\u00e9plica presenta una copia aut\u00e9ntica de la firma de Sylvester Stallone y tambi\u00e9n es su producto oficial. Se trata de una edici\u00f3n estrictamente limitada: 10.000 piezas. Cada pieza tiene su propio n\u00famero de serie.<\/p>\n<p>Edici\u00f3n. 14&#8243; en total. Hoja de acero inoxidable con acabado satinado mate de 9&#8243; con respaldo de sierra. Mango hueco envuelto en cord\u00f3n de nailon verde OD pesado. Tapa de culata de aluminio con comp\u00e1s de precisi\u00f3n. Kit de supervivencia. Protector de acero inoxidable con orificios para amarre y destornilladores Phillips y est\u00e1ndar integrados. Funda para cintur\u00f3n de piel de flor superior con lazo en la pierna. Reproducci\u00f3n con licencia oficial. Edici\u00f3n limitada de 10.000.<\/p>\n<p><iframe title=\"The Rambo knives\" width=\"800\" height=\"450\" src=\"https:\/\/www.youtube.com\/embed\/GtN_772bV-o?feature=oembed\" frameborder=\"0\" allow=\"accelerometer; autoplay; clipboard-write; encrypted-media; gyroscope; picture-in-picture; web-share\" referrerpolicy=\"strict-origin-when-cross-origin\" allowfullscreen><\/iframe><\/p>\n<p>&nbsp;<\/p>\n","protected":false},"excerpt":{"rendered":"<p>Cuchillo <strong>Rambo<\/strong> con licencia oficial. Esta r\u00e9plica est\u00e1 hecha con los mejores materiales disponibles y es una r\u00e9plica exacta de la utilizada por John Rambo, tambi\u00e9n conocido como Silvester Stallone, en la \u00faltima entrega de la serie Rambo.<br \/>\n<strong>Transporte gratuito.<\/strong><\/p>\n","protected":false},"featured_media":165497,"comment_status":"open","ping_status":"closed","template":"","meta":[],"pwb-brand":[3903],"product_brand":[],"product_cat":[3726,3727],"product_tag":[3756,3907],"class_list":{"0":"post-345099","1":"product","2":"type-product","3":"status-publish","4":"has-post-thumbnail","6":"pwb-brand-rambo-es","7":"product_cat-cuchillos","8":"product_cat-cuchillos-macizos","9":"product_tag-b2b-es","10":"product_tag-cuchillo-rambo","12":"first","13":"outofstock","14":"taxable","15":"shipping-taxable","16":"purchasable","17":"product-type-simple"},"brands":[{"id":3903,"name":"rambo","slug":"rambo-es"}],"_links":{"self":[{"href":"https:\/\/www.moskito.cz\/es\/wp-json\/wp\/v2\/product\/345099","targetHints":{"allow":["GET"]}}],"collection":[{"href":"https:\/\/www.moskito.cz\/es\/wp-json\/wp\/v2\/product"}],"about":[{"href":"https:\/\/www.moskito.cz\/es\/wp-json\/wp\/v2\/types\/product"}],"replies":[{"embeddable":true,"href":"https:\/\/www.moskito.cz\/es\/wp-json\/wp\/v2\/comments?post=345099"}],"wp:featuredmedia":[{"embeddable":true,"href":"https:\/\/www.moskito.cz\/es\/wp-json\/wp\/v2\/media\/165497"}],"wp:attachment":[{"href":"https:\/\/www.moskito.cz\/es\/wp-json\/wp\/v2\/media?parent=345099"}],"wp:term":[{"taxonomy":"pwb-brand","embeddable":true,"href":"https:\/\/www.moskito.cz\/es\/wp-json\/wp\/v2\/pwb-brand?post=345099"},{"taxonomy":"product_brand","embeddable":true,"href":"https:\/\/www.moskito.cz\/es\/wp-json\/wp\/v2\/product_brand?post=345099"},{"taxonomy":"product_cat","embeddable":true,"href":"https:\/\/www.moskito.cz\/es\/wp-json\/wp\/v2\/product_cat?post=345099"},{"taxonomy":"product_tag","embeddable":true,"href":"https:\/\/www.moskito.cz\/es\/wp-json\/wp\/v2\/product_tag?post=345099"}],"curies":[{"name":"wp","href":"https:\/\/api.w.org\/{rel}","templated":true}]}}