{"id":345115,"date":"2019-09-18T18:34:51","date_gmt":"2019-09-18T17:34:51","guid":{"rendered":"https:\/\/www.moskito.cz\/produkt\/rambo-iii-stallone-firma-rb9297\/"},"modified":"2025-07-11T07:49:57","modified_gmt":"2025-07-11T06:49:57","slug":"rambo-iii-stallone-firma-rb9297","status":"publish","type":"product","link":"https:\/\/www.moskito.cz\/es\/produkt\/rambo-iii-stallone-firma-rb9297\/","title":{"rendered":"Rambo III Stallone Firma RB9297"},"content":{"rendered":"<p><strong>Rambo<\/strong> III Stallone Firma RB9297<\/p>\n<p>R\u00e9plica completamente aut\u00e9ntica con licencia oficial del legendario cuchillo de John Rambo, tambi\u00e9n conocido como <strong>Sylvester Stallone,<\/strong> de la pel\u00edcula Rambo 3. La longitud total del cuchillo es de 46 cm, la hoja est\u00e1 fabricada en acero inoxidable 420. El mango del cuchillo est\u00e1 fabricado en madera laminada de calidad. El paquete tambi\u00e9n incluye una funda de cuero de calidad.<\/p>\n<p>Edici\u00f3n. 18&#8243; en total. Hoja bowie grande de acero inoxidable personalizada de 13&#8243; con ranura de mira antideslumbrante. Mangos de madera laminada con guarda y pomo de acero inoxidable. Cord\u00f3n de cord\u00f3n negro. Funda de cuero de primera calidad con lazo en las piernas. Reproducci\u00f3n con licencia oficial. Edici\u00f3n limitada de 10.000.<\/p>\n<p><iframe title=\"The Rambo knives\" width=\"800\" height=\"450\" src=\"https:\/\/www.youtube.com\/embed\/GtN_772bV-o?feature=oembed\" frameborder=\"0\" allow=\"accelerometer; autoplay; clipboard-write; encrypted-media; gyroscope; picture-in-picture; web-share\" referrerpolicy=\"strict-origin-when-cross-origin\" allowfullscreen><\/iframe><\/p>\n<p>&nbsp;<\/p>\n<p>&nbsp;<\/p>\n","protected":false},"excerpt":{"rendered":"<p>Cuchillo <strong>Rambo<\/strong> con funda.<\/p>\n","protected":false},"featured_media":166435,"comment_status":"open","ping_status":"closed","template":"","meta":[],"pwb-brand":[3903],"product_brand":[],"product_cat":[3727,3726],"product_tag":[3756],"class_list":{"0":"post-345115","1":"product","2":"type-product","3":"status-publish","4":"has-post-thumbnail","6":"pwb-brand-rambo-es","7":"product_cat-cuchillos-macizos","8":"product_cat-cuchillos","9":"product_tag-b2b-es","11":"first","12":"outofstock","13":"taxable","14":"shipping-taxable","15":"purchasable","16":"product-type-simple"},"brands":[{"id":3903,"name":"rambo","slug":"rambo-es"}],"_links":{"self":[{"href":"https:\/\/www.moskito.cz\/es\/wp-json\/wp\/v2\/product\/345115","targetHints":{"allow":["GET"]}}],"collection":[{"href":"https:\/\/www.moskito.cz\/es\/wp-json\/wp\/v2\/product"}],"about":[{"href":"https:\/\/www.moskito.cz\/es\/wp-json\/wp\/v2\/types\/product"}],"replies":[{"embeddable":true,"href":"https:\/\/www.moskito.cz\/es\/wp-json\/wp\/v2\/comments?post=345115"}],"wp:featuredmedia":[{"embeddable":true,"href":"https:\/\/www.moskito.cz\/es\/wp-json\/wp\/v2\/media\/166435"}],"wp:attachment":[{"href":"https:\/\/www.moskito.cz\/es\/wp-json\/wp\/v2\/media?parent=345115"}],"wp:term":[{"taxonomy":"pwb-brand","embeddable":true,"href":"https:\/\/www.moskito.cz\/es\/wp-json\/wp\/v2\/pwb-brand?post=345115"},{"taxonomy":"product_brand","embeddable":true,"href":"https:\/\/www.moskito.cz\/es\/wp-json\/wp\/v2\/product_brand?post=345115"},{"taxonomy":"product_cat","embeddable":true,"href":"https:\/\/www.moskito.cz\/es\/wp-json\/wp\/v2\/product_cat?post=345115"},{"taxonomy":"product_tag","embeddable":true,"href":"https:\/\/www.moskito.cz\/es\/wp-json\/wp\/v2\/product_tag?post=345115"}],"curies":[{"name":"wp","href":"https:\/\/api.w.org\/{rel}","templated":true}]}}