{"id":345132,"date":"2024-06-18T10:21:10","date_gmt":"2024-06-18T09:43:47","guid":{"rendered":"https:\/\/www.moskito.cz\/produkt\/cuchillo-de-cierre-cold-steel-pro-lite-clip-point\/"},"modified":"2025-05-07T11:17:39","modified_gmt":"2025-05-07T10:17:39","slug":"cuchillo-de-cierre-cold-steel-pro-lite-clip-point","status":"publish","type":"product","link":"https:\/\/www.moskito.cz\/es\/produkt\/cuchillo-de-cierre-cold-steel-pro-lite-clip-point\/","title":{"rendered":"Cuchillo de cierre Cold Steel PRO LITE CLIP POINT"},"content":{"rendered":"<p>Cuchillo de cierre <strong>Cold Steel<\/strong> PRO LITE CLIP POINT.<\/p>\n<p>Nuestro objetivo al crear la serie Pro Lite era proporcionar una navaja plegable duradera con la resistencia y durabilidad superiores esperadas de Cold Steel a un precio asequible. Dise\u00f1ado por el famoso fabricante de cuchillos Andrew Demke, el Pro Lite cuenta con una hoja de acero inoxidable crioendurecido alem\u00e1n 4116 con un acabado duradero lavado a la piedra y un perfil de clip cl\u00e1sico. Nuestro duradero mecanismo de bloqueo Tri-Ad garantiza un bloqueo seguro. El mango texturizado est\u00e1 hecho de nailon texturizado relleno de vidrio y tiene un clip de bolsillo de acero inoxidable que se puede llevar de forma ambidiestra con la mano izquierda o derecha doblada.<\/p>\n<p>Peso: 93 gramos<br \/>\nTama\u00f1o total: 20,3 cm<br \/>\nLongitud de la hoja: 8,9 cm<br \/>\nGrosor de la hoja: 0,3 cm.<br \/>\nAcero: 4116SS<br \/>\nLongitud del mango: 11,4 cm<br \/>\nMaterial del mango: GFN largo<\/p>\n","protected":false},"excerpt":{"rendered":"<p><strong>La navaja plegable peque\u00f1a Pro Lite es una navaja de uso diario con una excelente durabilidad y resistencia.<\/strong><\/p>\n","protected":false},"featured_media":345130,"comment_status":"open","ping_status":"closed","template":"","meta":[],"pwb-brand":[3790],"product_brand":[],"product_cat":[3730,3726],"product_tag":[3756],"class_list":{"0":"post-345132","1":"product","2":"type-product","3":"status-publish","4":"has-post-thumbnail","6":"pwb-brand-arma-blanca","7":"product_cat-cuchillas-de-cierre","8":"product_cat-cuchillos","9":"product_tag-b2b-es","11":"first","12":"instock","13":"taxable","14":"shipping-taxable","15":"purchasable","16":"product-type-simple"},"brands":[{"id":3790,"name":"Arma blanca","slug":"arma-blanca"}],"_links":{"self":[{"href":"https:\/\/www.moskito.cz\/es\/wp-json\/wp\/v2\/product\/345132","targetHints":{"allow":["GET"]}}],"collection":[{"href":"https:\/\/www.moskito.cz\/es\/wp-json\/wp\/v2\/product"}],"about":[{"href":"https:\/\/www.moskito.cz\/es\/wp-json\/wp\/v2\/types\/product"}],"replies":[{"embeddable":true,"href":"https:\/\/www.moskito.cz\/es\/wp-json\/wp\/v2\/comments?post=345132"}],"wp:featuredmedia":[{"embeddable":true,"href":"https:\/\/www.moskito.cz\/es\/wp-json\/wp\/v2\/media\/345130"}],"wp:attachment":[{"href":"https:\/\/www.moskito.cz\/es\/wp-json\/wp\/v2\/media?parent=345132"}],"wp:term":[{"taxonomy":"pwb-brand","embeddable":true,"href":"https:\/\/www.moskito.cz\/es\/wp-json\/wp\/v2\/pwb-brand?post=345132"},{"taxonomy":"product_brand","embeddable":true,"href":"https:\/\/www.moskito.cz\/es\/wp-json\/wp\/v2\/product_brand?post=345132"},{"taxonomy":"product_cat","embeddable":true,"href":"https:\/\/www.moskito.cz\/es\/wp-json\/wp\/v2\/product_cat?post=345132"},{"taxonomy":"product_tag","embeddable":true,"href":"https:\/\/www.moskito.cz\/es\/wp-json\/wp\/v2\/product_tag?post=345132"}],"curies":[{"name":"wp","href":"https:\/\/api.w.org\/{rel}","templated":true}]}}