{"id":345156,"date":"2024-06-18T10:49:43","date_gmt":"2024-06-18T09:51:20","guid":{"rendered":"https:\/\/www.moskito.cz\/produkt\/lanzando-mini-torpedo-cold-steel\/"},"modified":"2025-09-12T13:50:56","modified_gmt":"2025-09-12T12:50:56","slug":"lanzando-mini-torpedo-cold-steel","status":"publish","type":"product","link":"https:\/\/www.moskito.cz\/es\/produkt\/lanzando-mini-torpedo-cold-steel\/","title":{"rendered":"Lanzando MINI TORPEDO Cold Steel"},"content":{"rendered":"<p>Lanzando MINI TORPEDO <strong>Cold Steel.<\/strong><\/p>\n<p>Uno de los favoritos entre los lanzadores deportivos y los aficionados, el Torpedo ha seguido siendo una parte favorita de nuestra l\u00ednea durante muchos a\u00f1os, \u00a1y por una buena raz\u00f3n! Los torpedos Cold Steel son muy divertidos para lanzar objetivos, cazar e incluso defenderse y ahora est\u00e1n disponibles en dos tama\u00f1os; \u00a1El Torpedo original y el nuevo Mini Torpedo! Las puntas doblemente biseladas se deslizan sin esfuerzo fuera de la mano para una liberaci\u00f3n definitiva y ofrecen el doble de potencial de agarre que un cuchillo arrojadizo convencional. M\u00e1s pesado, 2 libras. La versi\u00f3n te permite pararte lejos del objetivo (15 yardas o m\u00e1s) y lanzarlo con una potencia sorprendente, y la versi\u00f3n m\u00e1s peque\u00f1a y liviana se puede lanzar a\u00fan m\u00e1s lejos y es mucho m\u00e1s f\u00e1cil de transportar porque tiene la mitad de tama\u00f1o. masa. Ambos atacan con una fuerza aterradora y son muy efectivos.<\/p>\n<p><iframe title=\"COLD STEEL&#039;S TORPEDO\" width=\"800\" height=\"450\" src=\"https:\/\/www.youtube.com\/embed\/EXYMN448_60?feature=oembed\" frameborder=\"0\" allow=\"accelerometer; autoplay; clipboard-write; encrypted-media; gyroscope; picture-in-picture; web-share\" referrerpolicy=\"strict-origin-when-cross-origin\" allowfullscreen><\/iframe><\/p>\n<p>&nbsp;<\/p>\n","protected":false},"excerpt":{"rendered":"<p><strong>El Mini Torpedo de Cold Steel es exclusivamente un arma arrojadiza.<\/strong><\/p>\n","protected":false},"featured_media":345146,"comment_status":"open","ping_status":"closed","template":"","meta":[],"pwb-brand":[3790],"product_brand":[],"product_cat":[3726,3728],"product_tag":[3756],"class_list":{"0":"post-345156","1":"product","2":"type-product","3":"status-publish","4":"has-post-thumbnail","6":"pwb-brand-arma-blanca","7":"product_cat-cuchillos","8":"product_cat-lanzando-cuchillos","9":"product_tag-b2b-es","11":"first","12":"outofstock","13":"taxable","14":"shipping-taxable","15":"purchasable","16":"product-type-simple"},"brands":[{"id":3790,"name":"Arma blanca","slug":"arma-blanca"}],"_links":{"self":[{"href":"https:\/\/www.moskito.cz\/es\/wp-json\/wp\/v2\/product\/345156","targetHints":{"allow":["GET"]}}],"collection":[{"href":"https:\/\/www.moskito.cz\/es\/wp-json\/wp\/v2\/product"}],"about":[{"href":"https:\/\/www.moskito.cz\/es\/wp-json\/wp\/v2\/types\/product"}],"replies":[{"embeddable":true,"href":"https:\/\/www.moskito.cz\/es\/wp-json\/wp\/v2\/comments?post=345156"}],"wp:featuredmedia":[{"embeddable":true,"href":"https:\/\/www.moskito.cz\/es\/wp-json\/wp\/v2\/media\/345146"}],"wp:attachment":[{"href":"https:\/\/www.moskito.cz\/es\/wp-json\/wp\/v2\/media?parent=345156"}],"wp:term":[{"taxonomy":"pwb-brand","embeddable":true,"href":"https:\/\/www.moskito.cz\/es\/wp-json\/wp\/v2\/pwb-brand?post=345156"},{"taxonomy":"product_brand","embeddable":true,"href":"https:\/\/www.moskito.cz\/es\/wp-json\/wp\/v2\/product_brand?post=345156"},{"taxonomy":"product_cat","embeddable":true,"href":"https:\/\/www.moskito.cz\/es\/wp-json\/wp\/v2\/product_cat?post=345156"},{"taxonomy":"product_tag","embeddable":true,"href":"https:\/\/www.moskito.cz\/es\/wp-json\/wp\/v2\/product_tag?post=345156"}],"curies":[{"name":"wp","href":"https:\/\/api.w.org\/{rel}","templated":true}]}}