{"id":345200,"date":"2024-06-18T11:03:34","date_gmt":"2024-06-18T11:06:05","guid":{"rendered":"https:\/\/www.moskito.cz\/produkt\/cuchillo-plegable-stockman-de-acero-frio\/"},"modified":"2025-05-07T11:17:42","modified_gmt":"2025-05-07T10:17:42","slug":"cuchillo-plegable-stockman-de-acero-frio","status":"publish","type":"product","link":"https:\/\/www.moskito.cz\/es\/produkt\/cuchillo-plegable-stockman-de-acero-frio\/","title":{"rendered":"Cuchillo plegable STOCKMAN de acero fr\u00edo"},"content":{"rendered":"<p>Navaja plegable STOCKMAN <strong>de Cold Steel<\/strong> .<\/p>\n<p><strong>La navaja plegable Cold Steel Stockman<\/strong> es una versi\u00f3n ligeramente m\u00e1s grande y duradera de la Gentleman&#8217;s Stockman. La serie Stockman es nuestra variaci\u00f3n del cl\u00e1sico cuchillo para hombre. Tiene asas hechas de hueso real y est\u00e1 acentuada con reposacabezas de metal pulido. Los robustos mangos est\u00e1n dimensionados para trabajos pesados, incluso con guantes. Est\u00e1 construido con el dise\u00f1o tradicional Jack Knife con tres hojas de acero inoxidable pulidas 8Cr13MoV: una hoja con clip para perforar y cortar, una hoja para desollar y eviscerar y una hoja con pata de oveja para evitar pinchazos durante cualquier trabajo de corte. Es un cuchillo pr\u00e1ctico, \u00fatil para todo tipo de trabajos y que se adapta bien a casi cualquier entorno, desde la ciudad hasta el campo. Esta es una excelente navaja de bolsillo que es perfecta para proyectos dom\u00e9sticos, uso al aire libre o como cuchillo de caza.<\/p>\n<p>Longitud de la hoja 1: <span id=\"cwos\" class=\"qv3Wpe\">8,75<\/span> cm<\/p>\n<p>Longitud de la hoja 2: <span id=\"cwos\" class=\"qv3Wpe\">5,75<\/span> cm<br \/>\nLongitud de la hoja 3: 5 cm<br \/>\nFamilia de acero: Inoxidable 8Cr13MoV<\/p>\n<p>Color: Hueso<\/p>\n<p>L\u00ednea de productos: Stockman<\/p>\n<p>Mecanismo de bloqueo: junta deslizante<\/p>\n<p>&nbsp;<\/p>\n","protected":false},"excerpt":{"rendered":"<p><strong>La navaja plegable Cold Steel Stockman es una versi\u00f3n ligeramente m\u00e1s grande y duradera de la Gentleman&#8217;s Stockman. La serie Stockman es nuestra variaci\u00f3n del cl\u00e1sico cuchillo para hombre.<\/strong><\/p>\n","protected":false},"featured_media":345170,"comment_status":"open","ping_status":"closed","template":"","meta":[],"pwb-brand":[3790],"product_brand":[],"product_cat":[3730,3726],"product_tag":[3756],"class_list":{"0":"post-345200","1":"product","2":"type-product","3":"status-publish","4":"has-post-thumbnail","6":"pwb-brand-arma-blanca","7":"product_cat-cuchillas-de-cierre","8":"product_cat-cuchillos","9":"product_tag-b2b-es","11":"first","12":"outofstock","13":"taxable","14":"shipping-taxable","15":"purchasable","16":"product-type-simple"},"brands":[{"id":3790,"name":"Arma blanca","slug":"arma-blanca"}],"_links":{"self":[{"href":"https:\/\/www.moskito.cz\/es\/wp-json\/wp\/v2\/product\/345200","targetHints":{"allow":["GET"]}}],"collection":[{"href":"https:\/\/www.moskito.cz\/es\/wp-json\/wp\/v2\/product"}],"about":[{"href":"https:\/\/www.moskito.cz\/es\/wp-json\/wp\/v2\/types\/product"}],"replies":[{"embeddable":true,"href":"https:\/\/www.moskito.cz\/es\/wp-json\/wp\/v2\/comments?post=345200"}],"wp:featuredmedia":[{"embeddable":true,"href":"https:\/\/www.moskito.cz\/es\/wp-json\/wp\/v2\/media\/345170"}],"wp:attachment":[{"href":"https:\/\/www.moskito.cz\/es\/wp-json\/wp\/v2\/media?parent=345200"}],"wp:term":[{"taxonomy":"pwb-brand","embeddable":true,"href":"https:\/\/www.moskito.cz\/es\/wp-json\/wp\/v2\/pwb-brand?post=345200"},{"taxonomy":"product_brand","embeddable":true,"href":"https:\/\/www.moskito.cz\/es\/wp-json\/wp\/v2\/product_brand?post=345200"},{"taxonomy":"product_cat","embeddable":true,"href":"https:\/\/www.moskito.cz\/es\/wp-json\/wp\/v2\/product_cat?post=345200"},{"taxonomy":"product_tag","embeddable":true,"href":"https:\/\/www.moskito.cz\/es\/wp-json\/wp\/v2\/product_tag?post=345200"}],"curies":[{"name":"wp","href":"https:\/\/api.w.org\/{rel}","templated":true}]}}