{"id":345251,"date":"2024-06-18T12:20:23","date_gmt":"2024-06-18T11:20:23","guid":{"rendered":"https:\/\/www.moskito.cz\/produkt\/cold-steel-cuchillos-lanzadores-con-mango-de-paracord-paquete-de-3-con-funda\/"},"modified":"2025-05-07T11:17:44","modified_gmt":"2025-05-07T10:17:44","slug":"cold-steel-cuchillos-lanzadores-con-mango-de-paracord-paquete-de-3-con-funda","status":"publish","type":"product","link":"https:\/\/www.moskito.cz\/es\/produkt\/cold-steel-cuchillos-lanzadores-con-mango-de-paracord-paquete-de-3-con-funda\/","title":{"rendered":"Cold Steel CUCHILLOS LANZADORES CON MANGO DE PARACORD, PAQUETE DE 3 CON FUNDA"},"content":{"rendered":"<p>CUCHILLOS LANZADORES <strong>Cold Steel<\/strong> CON MANGO DE PARACORD, PAQUETE DE 3 CON FUNDA.<\/p>\n<p>Hecho de resistente acero 420SS y acabado con una capa protectora negra resistente a los ara\u00f1azos. Estos cuchillos arrojadizos est\u00e1n bellamente equilibrados para brindar precisi\u00f3n y durabilidad para una larga vida \u00fatil. Sus hojas afiladas y funcionales y sus mangos envueltos en paracord los ayudan a funcionar como excelentes cuchillos de supervivencia o bushcraft. El juego de tres se guarda f\u00e1cilmente en el estuche de nailon incluido.<\/p>\n<p>Peso: 138 gramos<br \/>\nTama\u00f1o total: 22,9 cm<br \/>\nLongitud de la hoja: 10,2 cm<br \/>\nGrosor de la hoja: 0,39 cm.<br \/>\nAcero: 420SS<br \/>\nLongitud del mango: 12,7 cm<br \/>\nMaterial de la caja: nailon<\/p>\n","protected":false},"excerpt":{"rendered":"<p><strong>Estos cuchillos arrojadizos est\u00e1n bellamente equilibrados para brindar precisi\u00f3n y durabilidad para una larga vida \u00fatil. Sus hojas afiladas y funcionales y sus mangos envueltos en paracord los ayudan a funcionar como excelentes cuchillos de supervivencia o bushcraft.<\/strong><\/p>\n","protected":false},"featured_media":345226,"comment_status":"open","ping_status":"closed","template":"","meta":[],"pwb-brand":[3790],"product_brand":[],"product_cat":[3728,3726],"product_tag":[3756],"class_list":{"0":"post-345251","1":"product","2":"type-product","3":"status-publish","4":"has-post-thumbnail","6":"pwb-brand-arma-blanca","7":"product_cat-lanzando-cuchillos","8":"product_cat-cuchillos","9":"product_tag-b2b-es","11":"first","12":"instock","13":"sold-individually","14":"taxable","15":"shipping-taxable","16":"purchasable","17":"product-type-simple"},"brands":[{"id":3790,"name":"Arma blanca","slug":"arma-blanca"}],"_links":{"self":[{"href":"https:\/\/www.moskito.cz\/es\/wp-json\/wp\/v2\/product\/345251","targetHints":{"allow":["GET"]}}],"collection":[{"href":"https:\/\/www.moskito.cz\/es\/wp-json\/wp\/v2\/product"}],"about":[{"href":"https:\/\/www.moskito.cz\/es\/wp-json\/wp\/v2\/types\/product"}],"replies":[{"embeddable":true,"href":"https:\/\/www.moskito.cz\/es\/wp-json\/wp\/v2\/comments?post=345251"}],"wp:featuredmedia":[{"embeddable":true,"href":"https:\/\/www.moskito.cz\/es\/wp-json\/wp\/v2\/media\/345226"}],"wp:attachment":[{"href":"https:\/\/www.moskito.cz\/es\/wp-json\/wp\/v2\/media?parent=345251"}],"wp:term":[{"taxonomy":"pwb-brand","embeddable":true,"href":"https:\/\/www.moskito.cz\/es\/wp-json\/wp\/v2\/pwb-brand?post=345251"},{"taxonomy":"product_brand","embeddable":true,"href":"https:\/\/www.moskito.cz\/es\/wp-json\/wp\/v2\/product_brand?post=345251"},{"taxonomy":"product_cat","embeddable":true,"href":"https:\/\/www.moskito.cz\/es\/wp-json\/wp\/v2\/product_cat?post=345251"},{"taxonomy":"product_tag","embeddable":true,"href":"https:\/\/www.moskito.cz\/es\/wp-json\/wp\/v2\/product_tag?post=345251"}],"curies":[{"name":"wp","href":"https:\/\/api.w.org\/{rel}","templated":true}]}}