{"id":345320,"date":"2024-06-19T04:21:22","date_gmt":"2024-06-19T03:22:29","guid":{"rendered":"https:\/\/www.moskito.cz\/produkt\/cuchillo-de-cierre-emerson-apache-sf\/"},"modified":"2025-05-07T11:17:46","modified_gmt":"2025-05-07T10:17:46","slug":"cuchillo-de-cierre-emerson-apache-sf","status":"publish","type":"product","link":"https:\/\/www.moskito.cz\/es\/produkt\/cuchillo-de-cierre-emerson-apache-sf\/","title":{"rendered":"Cuchillo de cierre Emerson Apache SF"},"content":{"rendered":"<p>Cuchillo de cierre <strong>Emerson<\/strong> Apache SF.<\/p>\n<p>Algunos de los indios m\u00e1s temidos del Viejo Oeste americano eran las tribus apaches. El m\u00e1s famoso de ellos fue un grupo de guerreros liderados por Ger\u00f3nimo, un apache nativo de la tribu Bedonkohe.<\/p>\n<p>Ger\u00f3nimo fue uno de los \u00faltimos grandes guerreros de las Guerras Indias, que finalmente fue capturado el d\u00eda 4. Septiembre de 1886. Fue capturado con un rifle Winchester, una pistola Colt y un cuchillo Bowie.<\/p>\n<p>Cuando estaba dise\u00f1ando el Emerson Apache, hab\u00eda algo en la apariencia, la \u00abvibraci\u00f3n\u00bb de este cuchillo que me llamaba \u00abindio\u00bb. Era primitivo, \u00e1spero y duro. Lo llam\u00e9 Apache. M\u00e1s tarde descubr\u00ed que cuando Ger\u00f3nimo finalmente entreg\u00f3 una de sus \u00faltimas y m\u00e1s valiosas posesiones fue su cuchillo Sheffield Bowie.<\/p>\n<p>Este cuchillo estaba destinado a existir. Cuando lo levantas, casi puedes o\u00edr el crujido del cuero gastado y oler la salvia en la c\u00e1lida brisa. Y puedes sentir el esp\u00edritu inquebrantable de alguien que luchar\u00e1 hasta el final.<\/p>\n<p>Mango: G-10<br \/>\nHoja: 154cm<br \/>\nTratamiento superficial de la hoja: Lavado a la piedra<\/p>\n<p>Longitud total: 22 cm<br \/>\nLongitud de la hoja: 9,25 cm<br \/>\nDureza 57-59RC<br \/>\nPeso 6,0 onzas<\/p>\n<p>&nbsp;<\/p>\n","protected":false},"excerpt":{"rendered":"<p><strong>LOS CUCHILLOS EMERSON SON BUSCADOS POR MILITARES DE \u00c9LITE Y APLICACIONES DE LA LEY<\/strong><br \/>\n<strong>POR TROPAS DE TODO EL MUNDO Y ESTABLECE EL EST\u00c1NDAR POR EL CUAL SE JUZGAN TODOS LOS DEM\u00c1S CUCHILLOS T\u00c1CTICOS.<\/strong><\/p>\n<p>Transporte gratuito.<\/p>\n","protected":false},"featured_media":345294,"comment_status":"open","ping_status":"closed","template":"","meta":[],"pwb-brand":[3782],"product_brand":[],"product_cat":[3730,3726],"product_tag":[],"class_list":{"0":"post-345320","1":"product","2":"type-product","3":"status-publish","4":"has-post-thumbnail","6":"pwb-brand-emerson-es","7":"product_cat-cuchillas-de-cierre","8":"product_cat-cuchillos","10":"first","11":"outofstock","12":"taxable","13":"shipping-taxable","14":"purchasable","15":"product-type-simple"},"brands":[{"id":3782,"name":"emerson","slug":"emerson-es"}],"_links":{"self":[{"href":"https:\/\/www.moskito.cz\/es\/wp-json\/wp\/v2\/product\/345320","targetHints":{"allow":["GET"]}}],"collection":[{"href":"https:\/\/www.moskito.cz\/es\/wp-json\/wp\/v2\/product"}],"about":[{"href":"https:\/\/www.moskito.cz\/es\/wp-json\/wp\/v2\/types\/product"}],"replies":[{"embeddable":true,"href":"https:\/\/www.moskito.cz\/es\/wp-json\/wp\/v2\/comments?post=345320"}],"wp:featuredmedia":[{"embeddable":true,"href":"https:\/\/www.moskito.cz\/es\/wp-json\/wp\/v2\/media\/345294"}],"wp:attachment":[{"href":"https:\/\/www.moskito.cz\/es\/wp-json\/wp\/v2\/media?parent=345320"}],"wp:term":[{"taxonomy":"pwb-brand","embeddable":true,"href":"https:\/\/www.moskito.cz\/es\/wp-json\/wp\/v2\/pwb-brand?post=345320"},{"taxonomy":"product_brand","embeddable":true,"href":"https:\/\/www.moskito.cz\/es\/wp-json\/wp\/v2\/product_brand?post=345320"},{"taxonomy":"product_cat","embeddable":true,"href":"https:\/\/www.moskito.cz\/es\/wp-json\/wp\/v2\/product_cat?post=345320"},{"taxonomy":"product_tag","embeddable":true,"href":"https:\/\/www.moskito.cz\/es\/wp-json\/wp\/v2\/product_tag?post=345320"}],"curies":[{"name":"wp","href":"https:\/\/api.w.org\/{rel}","templated":true}]}}