{"id":345376,"date":"2024-06-19T04:46:55","date_gmt":"2024-06-19T03:49:45","guid":{"rendered":"https:\/\/www.moskito.cz\/produkt\/cuchillo-de-cierre-emerson-hattin-sf\/"},"modified":"2025-05-07T11:17:47","modified_gmt":"2025-05-07T10:17:47","slug":"cuchillo-de-cierre-emerson-hattin-sf","status":"publish","type":"product","link":"https:\/\/www.moskito.cz\/es\/produkt\/cuchillo-de-cierre-emerson-hattin-sf\/","title":{"rendered":"Cuchillo de cierre Emerson Hattin SF"},"content":{"rendered":"<p>Cuchillo de cierre <strong>Emerson<\/strong> Hattin SF.<\/p>\n<p>Cuando los cruzados europeos se encontraron por primera vez con los ej\u00e9rcitos del Islam en el Medio Oriente, quedaron sorprendidos por las t\u00e1cticas de batalla de sus enemigos musulmanes. Por primera vez, los ej\u00e9rcitos europeos se enfrentaron a incursiones ultrarr\u00e1pidas de caballer\u00eda ligera montada que tambi\u00e9n llevaba la veloz espada, el sable. Ligera, r\u00e1pida y letal son probablemente las mejores palabras que podr\u00edan usarse para describir esta arma ex\u00f3tica y formidable.<\/p>\n<p>La cimitarra era un arma de una mano con un agarre muy seguro, y sus l\u00edneas flu\u00edan en un elegante arco cortante hasta el punto de la muerte, lo que resultaba en un arma igualmente efectiva para apu\u00f1alar y cortar. <strong>Emerson Hattin<\/strong> lleva el nombre de la Batalla de Hattin que tuvo lugar el 4 Julio de 1187, una batalla hist\u00f3rica librada en las \u00e1ridas llanuras debajo de los Cuernos de Hattin, que result\u00f3 en la aplastante derrota de los cruzados y bizantinos por el ej\u00e9rcito de Sal Al A Dina (Saladino), el m\u00e1s grande de todos los guerreros isl\u00e1micos y el enemigo posterior. de Richard Coure de Leone (Ricardo Coraz\u00f3n de Le\u00f3n).  <strong>El Emerson Hattin<\/strong> tiene una hoja estilo cimitarra y transmite exactamente el mismo significado de las tres palabras, ligero, r\u00e1pido y mortal, que se describieron por primera vez hace casi mil a\u00f1os.<\/p>\n<p>Cuando recojas uno, cierra los ojos y quiz\u00e1s puedas escuchar el grito de batalla de los guerreros y el sonido met\u00e1lico del acero afilado a lo lejos de la batalla que a\u00fan atormenta las \u00e1ridas llanuras del Medio Oriente y contin\u00faa. liderado hoy entre las fuerzas del bien y del mal.<\/p>\n<p>Ernest <strong>Emerson<\/strong> es sin duda uno de los dise\u00f1adores de cuchillos m\u00e1s prol\u00edficos de todos los tiempos. Sus dise\u00f1os han sido la fuerza m\u00e1s influyente en la industria de los cuchillos durante m\u00e1s de 20 a\u00f1os y, a juzgar por el impacto que han tenido, deben haber sido dise\u00f1os bastante buenos. Esto causa el problema. Emerson tiene m\u00e1s dise\u00f1os que cuchillos.<\/p>\n<p>En sus palabras, \u00abtengo un banco de dise\u00f1os que he hecho y que tardar\u00eda d\u00e9cadas en construirse, y todav\u00eda estoy haciendo nuevos dise\u00f1os\u00bb.<\/p>\n<p>Para ofrecerle estos dise\u00f1os, el usuario de cuchillos, <strong>Emerson Knives,<\/strong> ha presentado la idea de \u00abEjecuciones especiales\u00bb. Cada a\u00f1o producimos 6 de estos nuevos dise\u00f1os como una \u00abSerie Especial\u00bb para que usted tenga la oportunidad de poseer estos dise\u00f1os de cuchillos nuevos, \u00fanicos y emocionantes. Se lanzar\u00e1n cada dos meses en cantidades extremadamente limitadas.<\/p>\n<p>Manijas: Epoxi G-10 Negro \/ Fibra de Vidrio<br \/>\nCerradura: Titanio<br \/>\nHoja: 154cm<br \/>\nAcabado: Lavado a la piedra<br \/>\nLongitud total: 24 cm<br \/>\nLongitud de la hoja: 10 cm<br \/>\nDureza 57-59RC<\/p>\n<p><iframe title=\"Emerson Knives 3rd Special Limited Run - The Hattin. Available for Pre-sale now.\" width=\"800\" height=\"450\" src=\"https:\/\/www.youtube.com\/embed\/ASMhmI0oM6g?feature=oembed\" frameborder=\"0\" allow=\"accelerometer; autoplay; clipboard-write; encrypted-media; gyroscope; picture-in-picture; web-share\" referrerpolicy=\"strict-origin-when-cross-origin\" allowfullscreen><\/iframe><\/p>\n<p>&nbsp;<\/p>\n","protected":false},"excerpt":{"rendered":"<p><strong>Cuando recojas uno, cierra los ojos y quiz\u00e1s puedas escuchar el grito de batalla de los guerreros y el sonido met\u00e1lico del acero afilado a lo lejos de la batalla que a\u00fan atormenta las \u00e1ridas llanuras del Medio Oriente y contin\u00faa. liderado hoy entre las fuerzas del bien y del mal.<\/strong><\/p>\n<p><strong>Transporte gratuito.<\/strong><\/p>\n","protected":false},"featured_media":345334,"comment_status":"open","ping_status":"closed","template":"","meta":[],"pwb-brand":[3782],"product_brand":[],"product_cat":[3730,3726],"product_tag":[],"class_list":{"0":"post-345376","1":"product","2":"type-product","3":"status-publish","4":"has-post-thumbnail","6":"pwb-brand-emerson-es","7":"product_cat-cuchillas-de-cierre","8":"product_cat-cuchillos","10":"first","11":"outofstock","12":"taxable","13":"shipping-taxable","14":"purchasable","15":"product-type-simple"},"brands":[{"id":3782,"name":"emerson","slug":"emerson-es"}],"_links":{"self":[{"href":"https:\/\/www.moskito.cz\/es\/wp-json\/wp\/v2\/product\/345376","targetHints":{"allow":["GET"]}}],"collection":[{"href":"https:\/\/www.moskito.cz\/es\/wp-json\/wp\/v2\/product"}],"about":[{"href":"https:\/\/www.moskito.cz\/es\/wp-json\/wp\/v2\/types\/product"}],"replies":[{"embeddable":true,"href":"https:\/\/www.moskito.cz\/es\/wp-json\/wp\/v2\/comments?post=345376"}],"wp:featuredmedia":[{"embeddable":true,"href":"https:\/\/www.moskito.cz\/es\/wp-json\/wp\/v2\/media\/345334"}],"wp:attachment":[{"href":"https:\/\/www.moskito.cz\/es\/wp-json\/wp\/v2\/media?parent=345376"}],"wp:term":[{"taxonomy":"pwb-brand","embeddable":true,"href":"https:\/\/www.moskito.cz\/es\/wp-json\/wp\/v2\/pwb-brand?post=345376"},{"taxonomy":"product_brand","embeddable":true,"href":"https:\/\/www.moskito.cz\/es\/wp-json\/wp\/v2\/product_brand?post=345376"},{"taxonomy":"product_cat","embeddable":true,"href":"https:\/\/www.moskito.cz\/es\/wp-json\/wp\/v2\/product_cat?post=345376"},{"taxonomy":"product_tag","embeddable":true,"href":"https:\/\/www.moskito.cz\/es\/wp-json\/wp\/v2\/product_tag?post=345376"}],"curies":[{"name":"wp","href":"https:\/\/api.w.org\/{rel}","templated":true}]}}