{"id":345427,"date":"2024-06-19T05:06:55","date_gmt":"2024-06-19T04:07:37","guid":{"rendered":"https:\/\/www.moskito.cz\/produkt\/cuchillo-de-cierre-emerson-cqc-45-sf\/"},"modified":"2025-05-07T11:17:49","modified_gmt":"2025-05-07T10:17:49","slug":"cuchillo-de-cierre-emerson-cqc-45-sf","status":"publish","type":"product","link":"https:\/\/www.moskito.cz\/es\/produkt\/cuchillo-de-cierre-emerson-cqc-45-sf\/","title":{"rendered":"Cuchillo de cierre Emerson CQC-45 SF"},"content":{"rendered":"<p>Cuchillo de cierre <strong>Emerson<\/strong> CQC-45 SF.<\/p>\n<p>El cuchillo presenta un dise\u00f1o de mango ergon\u00f3mico cl\u00e1sico de Emerson con una hoja afilada estilo Bowie probada y atemporal. La hoja est\u00e1 hecha de acero de primera calidad Crucible 154CM, tratado t\u00e9rmicamente para obtener una dureza de trabajo \u00f3ptima de Rockwell RC 57-59.<\/p>\n<p>Cuando Les Baer me pidi\u00f3 que dise\u00f1ara un cuchillo a juego con <strong>la pistola CQC-45<\/strong>Por supuesto, eleg\u00ed el cuchillo Emerson Nineteen-11, ahora rebautizado como CQC-45. Desde sus inicios, este cuchillo fue dise\u00f1ado para encarnar la eficiencia simple y robusta del arma ic\u00f3nica que lleva su nombre. Un historiador y armero muy famoso de 1911 me dijo una vez: \u00abErnesti, si John H. Browning hubiera podido pedirle a alguien que dise\u00f1ara un cuchillo que hiciera juego con su arma, no me habr\u00eda hecho un mayor cumplido\u00bb. . Si pudiera vivir para ver aunque sea una peque\u00f1a parte de este cumplido en mi vida, ser\u00eda feliz.<\/p>\n<p>Manijas: Epoxi G-10 Negro \/ Fibra de Vidrio<br \/>\nCerradura: Titanio<br \/>\nHoja: 154cm<br \/>\nAcabado: Lavado a la piedra<br \/>\nLongitud total: 21 cm<br \/>\nLongitud de la hoja: 9 cm<br \/>\nDureza 57-59RC<\/p>\n","protected":false},"excerpt":{"rendered":"<p><strong>LOS CUCHILLOS EMERSON SON BUSCADOS POR MILITARES DE \u00c9LITE Y APLICACIONES DE LA LEY<\/strong><br \/>\n<strong>POR TROPAS DE TODO EL MUNDO Y ESTABLECE EL EST\u00c1NDAR POR EL CUAL SE JUZGAN TODOS LOS DEM\u00c1S CUCHILLOS T\u00c1CTICOS.<\/strong><\/p>\n<p>Transporte gratuito.<\/p>\n","protected":false},"featured_media":345392,"comment_status":"open","ping_status":"closed","template":"","meta":[],"pwb-brand":[3782],"product_brand":[],"product_cat":[3730,3726],"product_tag":[],"class_list":{"0":"post-345427","1":"product","2":"type-product","3":"status-publish","4":"has-post-thumbnail","6":"pwb-brand-emerson-es","7":"product_cat-cuchillas-de-cierre","8":"product_cat-cuchillos","10":"first","11":"outofstock","12":"taxable","13":"shipping-taxable","14":"purchasable","15":"product-type-simple"},"brands":[{"id":3782,"name":"emerson","slug":"emerson-es"}],"_links":{"self":[{"href":"https:\/\/www.moskito.cz\/es\/wp-json\/wp\/v2\/product\/345427","targetHints":{"allow":["GET"]}}],"collection":[{"href":"https:\/\/www.moskito.cz\/es\/wp-json\/wp\/v2\/product"}],"about":[{"href":"https:\/\/www.moskito.cz\/es\/wp-json\/wp\/v2\/types\/product"}],"replies":[{"embeddable":true,"href":"https:\/\/www.moskito.cz\/es\/wp-json\/wp\/v2\/comments?post=345427"}],"wp:featuredmedia":[{"embeddable":true,"href":"https:\/\/www.moskito.cz\/es\/wp-json\/wp\/v2\/media\/345392"}],"wp:attachment":[{"href":"https:\/\/www.moskito.cz\/es\/wp-json\/wp\/v2\/media?parent=345427"}],"wp:term":[{"taxonomy":"pwb-brand","embeddable":true,"href":"https:\/\/www.moskito.cz\/es\/wp-json\/wp\/v2\/pwb-brand?post=345427"},{"taxonomy":"product_brand","embeddable":true,"href":"https:\/\/www.moskito.cz\/es\/wp-json\/wp\/v2\/product_brand?post=345427"},{"taxonomy":"product_cat","embeddable":true,"href":"https:\/\/www.moskito.cz\/es\/wp-json\/wp\/v2\/product_cat?post=345427"},{"taxonomy":"product_tag","embeddable":true,"href":"https:\/\/www.moskito.cz\/es\/wp-json\/wp\/v2\/product_tag?post=345427"}],"curies":[{"name":"wp","href":"https:\/\/api.w.org\/{rel}","templated":true}]}}