{"id":345445,"date":"2024-06-19T05:21:15","date_gmt":"2024-06-19T04:22:21","guid":{"rendered":"https:\/\/www.moskito.cz\/produkt\/cuchillo-plegable-para-perro-pastor-emerson\/"},"modified":"2025-05-07T11:17:51","modified_gmt":"2025-05-07T10:17:51","slug":"cuchillo-plegable-para-perro-pastor-emerson","status":"publish","type":"product","link":"https:\/\/www.moskito.cz\/es\/produkt\/cuchillo-plegable-para-perro-pastor-emerson\/","title":{"rendered":"Cuchillo plegable para perro pastor Emerson"},"content":{"rendered":"<p>Cuchillo plegable para perro pastor <strong>Emerson<\/strong> .<\/p>\n<p><strong>El perro pastor<\/strong> es uno de los mejores amigos del hombre, listo para entrar en acci\u00f3n en cualquier momento para proteger al reba\u00f1o y a su familia humana. Siempre est\u00e1n de servicio y siempre son su compa\u00f1ero constante. Quiz\u00e1s ya tengas a tu \u201cperro pastor\u201d a tu lado, pero ahora podr\u00e1s tener un perro pastor que podr\u00e1s llevar en el bolsillo. Presentamos <strong>el cuchillo para perros pastores<\/strong> de <strong>Emerson Knives<\/strong> y no se deje enga\u00f1ar por su tama\u00f1o. Hay mucha resistencia, utilidad y rendimiento de alta resistencia en este protector de bolsillo. Con nuestras caracter\u00edsticas de triple apertura: bot\u00f3n para el pulgar, movimiento y aleta, est\u00e1 listo para entrar en acci\u00f3n en cualquier momento, al igual que su inspiraci\u00f3n canina. Nunca te quedes sin una versi\u00f3n EDC del mejor amigo del hombre. Lleva <strong>al perro pastor Emerson<\/strong> a donde quiera que vayas.<\/p>\n<p>Manijas: Epoxi G-10 Negro \/ Fibra de Vidrio<br \/>\nCerradura: Titanio<br \/>\nHoja: 154cm<br \/>\nAcabado: Lavado a la piedra<br \/>\nLongitud total: 18 cm<br \/>\nLongitud de la hoja: 7,5 cm<br \/>\nDureza 57-59RC<\/p>\n","protected":false},"excerpt":{"rendered":"<p><strong>Guardi\u00e1n y protector. Cuando un cuchillo es la herramienta que necesitas, el Pastor nunca te defraudar\u00e1. Para el trabajo, la aventura, las situaciones de emergencia y la protecci\u00f3n, el Pastor es el mejor amigo del hombre.  <\/strong><\/p>\n<p><strong>Transporte gratuito.<\/strong><\/p>\n","protected":false},"featured_media":345441,"comment_status":"open","ping_status":"closed","template":"","meta":[],"pwb-brand":[3782],"product_brand":[],"product_cat":[3730,3726],"product_tag":[],"class_list":{"0":"post-345445","1":"product","2":"type-product","3":"status-publish","4":"has-post-thumbnail","6":"pwb-brand-emerson-es","7":"product_cat-cuchillas-de-cierre","8":"product_cat-cuchillos","10":"first","11":"instock","12":"taxable","13":"shipping-taxable","14":"purchasable","15":"product-type-simple"},"brands":[{"id":3782,"name":"emerson","slug":"emerson-es"}],"_links":{"self":[{"href":"https:\/\/www.moskito.cz\/es\/wp-json\/wp\/v2\/product\/345445","targetHints":{"allow":["GET"]}}],"collection":[{"href":"https:\/\/www.moskito.cz\/es\/wp-json\/wp\/v2\/product"}],"about":[{"href":"https:\/\/www.moskito.cz\/es\/wp-json\/wp\/v2\/types\/product"}],"replies":[{"embeddable":true,"href":"https:\/\/www.moskito.cz\/es\/wp-json\/wp\/v2\/comments?post=345445"}],"wp:featuredmedia":[{"embeddable":true,"href":"https:\/\/www.moskito.cz\/es\/wp-json\/wp\/v2\/media\/345441"}],"wp:attachment":[{"href":"https:\/\/www.moskito.cz\/es\/wp-json\/wp\/v2\/media?parent=345445"}],"wp:term":[{"taxonomy":"pwb-brand","embeddable":true,"href":"https:\/\/www.moskito.cz\/es\/wp-json\/wp\/v2\/pwb-brand?post=345445"},{"taxonomy":"product_brand","embeddable":true,"href":"https:\/\/www.moskito.cz\/es\/wp-json\/wp\/v2\/product_brand?post=345445"},{"taxonomy":"product_cat","embeddable":true,"href":"https:\/\/www.moskito.cz\/es\/wp-json\/wp\/v2\/product_cat?post=345445"},{"taxonomy":"product_tag","embeddable":true,"href":"https:\/\/www.moskito.cz\/es\/wp-json\/wp\/v2\/product_tag?post=345445"}],"curies":[{"name":"wp","href":"https:\/\/api.w.org\/{rel}","templated":true}]}}