{"id":345486,"date":"2024-06-19T05:37:31","date_gmt":"2024-06-19T04:39:52","guid":{"rendered":"https:\/\/www.moskito.cz\/produkt\/cuchillo-plegable-emerson-bulldog\/"},"modified":"2025-05-07T11:17:52","modified_gmt":"2025-05-07T10:17:52","slug":"cuchillo-plegable-emerson-bulldog","status":"publish","type":"product","link":"https:\/\/www.moskito.cz\/es\/produkt\/cuchillo-plegable-emerson-bulldog\/","title":{"rendered":"Cuchillo plegable Emerson Bulldog"},"content":{"rendered":"<p>Cuchillo plegable <strong>Emerson Bulldog<\/strong> .<\/p>\n<p>El Emerson Bulldog es el transporte diario duradero y resistente que estaba buscando. El Bulldog es un cuchillo muy sencillo gracias a su hoja recta, que alcanza la punta tanto a trav\u00e9s de \u00e1ngulos agudos. Cuenta con una empu\u00f1adura cuadrada G-10 con protecci\u00f3n para los dedos combinada con nuestra funci\u00f3n patentada Emerson Wave para un despliegue r\u00e1pido desde el bolsillo. El Emerson Bulldog ha sido el favorito entre los agentes de polic\u00eda que buscan un cuchillo pr\u00e1ctico, peque\u00f1o pero resistente. La hoja se ofrece en su elecci\u00f3n de piedra o hoja recubierta de negro con bordes lisos o parcialmente dentados. Compruebe usted mismo por qu\u00e9 el cuchillo Bulldog es tan fiable.<\/p>\n<p>Manijas: Epoxi G-10 Negro \/ Fibra de Vidrio<br \/>\nCerradura: Titanio<br \/>\nHoja: 154cm<br \/>\nAcabado: Lavado a la piedra<br \/>\nLongitud total: 19 cm<br \/>\nLongitud de la hoja: 8 cm<br \/>\nDureza 57-59RC<\/p>\n<p><iframe title=\"The Emerson Knives Bulldog\" width=\"800\" height=\"450\" src=\"https:\/\/www.youtube.com\/embed\/EYQ1QIL6Zu0?feature=oembed\" frameborder=\"0\" allow=\"accelerometer; autoplay; clipboard-write; encrypted-media; gyroscope; picture-in-picture; web-share\" referrerpolicy=\"strict-origin-when-cross-origin\" allowfullscreen><\/iframe><\/p>\n<p><iframe title=\"Emerson Bulldog | A Closer Look\" width=\"800\" height=\"450\" src=\"https:\/\/www.youtube.com\/embed\/I8PAyCUwvn8?feature=oembed\" frameborder=\"0\" allow=\"accelerometer; autoplay; clipboard-write; encrypted-media; gyroscope; picture-in-picture; web-share\" referrerpolicy=\"strict-origin-when-cross-origin\" allowfullscreen><\/iframe><\/p>\n<p>&nbsp;<\/p>\n","protected":false},"excerpt":{"rendered":"<p><strong>Bulldog Emerson Knives, uno de los muchos dise\u00f1os de cuchillos de Emerson Knife Design\u00ae, es una excelente herramienta para llevar todos los d\u00edas o un cuchillo probado en batalla, listo para la batalla.<\/strong><\/p>\n<p><strong>Transporte gratuito.<\/strong><\/p>\n","protected":false},"featured_media":345459,"comment_status":"open","ping_status":"closed","template":"","meta":[],"pwb-brand":[3782],"product_brand":[],"product_cat":[3730,3726],"product_tag":[],"class_list":{"0":"post-345486","1":"product","2":"type-product","3":"status-publish","4":"has-post-thumbnail","6":"pwb-brand-emerson-es","7":"product_cat-cuchillas-de-cierre","8":"product_cat-cuchillos","10":"first","11":"outofstock","12":"taxable","13":"shipping-taxable","14":"purchasable","15":"product-type-simple"},"brands":[{"id":3782,"name":"emerson","slug":"emerson-es"}],"_links":{"self":[{"href":"https:\/\/www.moskito.cz\/es\/wp-json\/wp\/v2\/product\/345486","targetHints":{"allow":["GET"]}}],"collection":[{"href":"https:\/\/www.moskito.cz\/es\/wp-json\/wp\/v2\/product"}],"about":[{"href":"https:\/\/www.moskito.cz\/es\/wp-json\/wp\/v2\/types\/product"}],"replies":[{"embeddable":true,"href":"https:\/\/www.moskito.cz\/es\/wp-json\/wp\/v2\/comments?post=345486"}],"wp:featuredmedia":[{"embeddable":true,"href":"https:\/\/www.moskito.cz\/es\/wp-json\/wp\/v2\/media\/345459"}],"wp:attachment":[{"href":"https:\/\/www.moskito.cz\/es\/wp-json\/wp\/v2\/media?parent=345486"}],"wp:term":[{"taxonomy":"pwb-brand","embeddable":true,"href":"https:\/\/www.moskito.cz\/es\/wp-json\/wp\/v2\/pwb-brand?post=345486"},{"taxonomy":"product_brand","embeddable":true,"href":"https:\/\/www.moskito.cz\/es\/wp-json\/wp\/v2\/product_brand?post=345486"},{"taxonomy":"product_cat","embeddable":true,"href":"https:\/\/www.moskito.cz\/es\/wp-json\/wp\/v2\/product_cat?post=345486"},{"taxonomy":"product_tag","embeddable":true,"href":"https:\/\/www.moskito.cz\/es\/wp-json\/wp\/v2\/product_tag?post=345486"}],"curies":[{"name":"wp","href":"https:\/\/api.w.org\/{rel}","templated":true}]}}