{"id":345555,"date":"2024-06-19T06:11:10","date_gmt":"2024-06-19T05:12:40","guid":{"rendered":"https:\/\/www.moskito.cz\/produkt\/cuchillo-plegable-emerson-tiger\/"},"modified":"2025-05-07T11:17:54","modified_gmt":"2025-05-07T10:17:54","slug":"cuchillo-plegable-emerson-tiger","status":"publish","type":"product","link":"https:\/\/www.moskito.cz\/es\/produkt\/cuchillo-plegable-emerson-tiger\/","title":{"rendered":"Cuchillo plegable Emerson Tiger"},"content":{"rendered":"<p>Cuchillo plegable <strong>Emerson<\/strong> Tiger.<\/p>\n<p>El cuchillo <strong>Emerson Tiger<\/strong> es como un tigre real: un depredador superior. Es un cuchillo de combate de pura raza con una punta afilada combinada con un estilo de mango de autodefensa serio que culmina con la ergonom\u00eda legendaria de Emerson. El cuchillo t\u00e1ctico Tiger es un cuchillo en el que cualquier persona, soldado o civil, puede confiar en una situaci\u00f3n de emergencia o que ponga en peligro su vida.<\/p>\n<p>Manijas: Epoxi G-10 Negro \/ Fibra de Vidrio<br \/>\nCerradura: Titanio<br \/>\nHoja: 154cm<br \/>\nAcabado: Lavado a la piedra<br \/>\nLongitud total: 23 cm<br \/>\nLongitud de la hoja: 9,5 cm<br \/>\nDureza 57-59RC<\/p>\n<p><iframe title=\"The Emerson Knives Tiger with the Wave Feature\" width=\"800\" height=\"450\" src=\"https:\/\/www.youtube.com\/embed\/yAV8AvwiRqw?feature=oembed\" frameborder=\"0\" allow=\"accelerometer; autoplay; clipboard-write; encrypted-media; gyroscope; picture-in-picture; web-share\" referrerpolicy=\"strict-origin-when-cross-origin\" allowfullscreen><\/iframe><\/p>\n<p><iframe title=\"The Emerson Tiger | Know Your Emerson\" width=\"800\" height=\"450\" src=\"https:\/\/www.youtube.com\/embed\/xwgpmlBctdQ?feature=oembed\" frameborder=\"0\" allow=\"accelerometer; autoplay; clipboard-write; encrypted-media; gyroscope; picture-in-picture; web-share\" referrerpolicy=\"strict-origin-when-cross-origin\" allowfullscreen><\/iframe><\/p>\n<p>&nbsp;<\/p>\n<p>&nbsp;<\/p>\n","protected":false},"excerpt":{"rendered":"<p><strong>El tigre es un superdepredador que no conoce el miedo. Emerson Tiger, con su elegante espada en alto, no teme ninguna tarea que necesites de \u00e9l. Es un gran dise\u00f1o para la caza y el uso, incluso para la autodefensa en caso de que alguna vez te encuentres con un oso pardo enloquecido.  <\/strong><\/p>\n<p><strong>Transporte gratuito.<\/strong><\/p>\n","protected":false},"featured_media":345533,"comment_status":"open","ping_status":"closed","template":"","meta":[],"pwb-brand":[3782],"product_brand":[],"product_cat":[3730,3726],"product_tag":[],"class_list":{"0":"post-345555","1":"product","2":"type-product","3":"status-publish","4":"has-post-thumbnail","6":"pwb-brand-emerson-es","7":"product_cat-cuchillas-de-cierre","8":"product_cat-cuchillos","10":"first","11":"outofstock","12":"taxable","13":"shipping-taxable","14":"purchasable","15":"product-type-simple"},"brands":[{"id":3782,"name":"emerson","slug":"emerson-es"}],"_links":{"self":[{"href":"https:\/\/www.moskito.cz\/es\/wp-json\/wp\/v2\/product\/345555","targetHints":{"allow":["GET"]}}],"collection":[{"href":"https:\/\/www.moskito.cz\/es\/wp-json\/wp\/v2\/product"}],"about":[{"href":"https:\/\/www.moskito.cz\/es\/wp-json\/wp\/v2\/types\/product"}],"replies":[{"embeddable":true,"href":"https:\/\/www.moskito.cz\/es\/wp-json\/wp\/v2\/comments?post=345555"}],"wp:featuredmedia":[{"embeddable":true,"href":"https:\/\/www.moskito.cz\/es\/wp-json\/wp\/v2\/media\/345533"}],"wp:attachment":[{"href":"https:\/\/www.moskito.cz\/es\/wp-json\/wp\/v2\/media?parent=345555"}],"wp:term":[{"taxonomy":"pwb-brand","embeddable":true,"href":"https:\/\/www.moskito.cz\/es\/wp-json\/wp\/v2\/pwb-brand?post=345555"},{"taxonomy":"product_brand","embeddable":true,"href":"https:\/\/www.moskito.cz\/es\/wp-json\/wp\/v2\/product_brand?post=345555"},{"taxonomy":"product_cat","embeddable":true,"href":"https:\/\/www.moskito.cz\/es\/wp-json\/wp\/v2\/product_cat?post=345555"},{"taxonomy":"product_tag","embeddable":true,"href":"https:\/\/www.moskito.cz\/es\/wp-json\/wp\/v2\/product_tag?post=345555"}],"curies":[{"name":"wp","href":"https:\/\/api.w.org\/{rel}","templated":true}]}}