{"id":345589,"date":"2024-06-19T06:21:42","date_gmt":"2024-06-19T09:57:36","guid":{"rendered":"https:\/\/www.moskito.cz\/produkt\/cuchillo-plegable-para-carne-emerson\/"},"modified":"2025-05-07T11:17:56","modified_gmt":"2025-05-07T10:17:56","slug":"cuchillo-plegable-para-carne-emerson","status":"publish","type":"product","link":"https:\/\/www.moskito.cz\/es\/produkt\/cuchillo-plegable-para-carne-emerson\/","title":{"rendered":"Cuchillo plegable para carne Emerson"},"content":{"rendered":"<p>Cuchillo plegable para carne <strong>Emerson<\/strong> .<\/p>\n<p>Soy carn\u00edvoro. Como carne, mucha carne. Me encanta un buen bistec. Lo pido cada vez que salimos a cenar. Pero cada vez que compro uno, no importa qu\u00e9 tan bueno sea el bistec, los cuchillos para carne son terribles. La mayor\u00eda de ellos son m\u00e1s aburridos que un cuchillo de mantequilla y tan baratos y de mala calidad que, francamente, siento que son un insulto a un bistec de 60 d\u00f3lares perfectamente hecho.<\/p>\n<p>Por eso, normalmente tengo que salir de mi Emerson Commander, Roadhouse o Tiger para realizar el trabajo. De hecho, a veces mi cuchillo termina llegando a la mesa de aquellos que no tienen un cuchillo Emerson. Y en un bonito restaurante con mantel blanco, a veces veo a otros comensales mirando con un poco de sorpresa mientras pasamos un cuchillo de combate alrededor de la mesa. Pero s\u00e9 que no estoy solo porque cada semana recibimos correos electr\u00f3nicos o fotograf\u00edas de nuestros clientes que nos muestran lo que su Emerson ha hecho con un tierno corte de carne de res a\u00f1ejada en seco.<\/p>\n<p>As\u00ed que aqu\u00ed est\u00e1, el cuchillo plegable para carne <strong>de Emerson<\/strong> . Nunca asustar\u00e1s a otros comensales para que salgan de un restaurante ni ahuyentar\u00e1s a un camarero que retrocede asustado mientras vuelve a llamar al 911. Steak Knife Emerson es un dise\u00f1o especialmente dise\u00f1ado. \u00bfSu prop\u00f3sito? Para cortar f\u00e1cilmente el bistec en trozos perfectos del tama\u00f1o de un bocado. No rompas, aplastes ni destruyas una excelente cena Wagyu con un cuchillo de hojalata sin filo fabricado en China.<\/p>\n<p>Es m\u00e1s, definitivamente no se puede ignorar el \u00abfactor espect\u00e1culo\u00bb. Al igual que un jugador de billar con su propio taco de billar hecho a mano, podr\u00e1 impresionar a sus compa\u00f1eros de mesa con su propio cuchillo para carne premium Emerson. Sabr\u00e1n de inmediato que definitivamente conoces la zona de lujo de Nueva York.<\/p>\n<p>Puedes llevar este cuchillo a cualquier parte, incluso si est\u00e1s rodeado de una multitud de trajes de Armani, mientras disfrutas de la confianza y la superioridad de saber que eres un hombre que lleva tu propio cuchillo para carne. Entonces, si alguien alguna vez dice: \u00abHombre, este cuchillo ni siquiera corta mantequilla\u00bb, puedes simplemente sonre\u00edr y ofrecer: \u00abAqu\u00ed, d\u00e9jame tra\u00e9rtelo\u00bb.<\/p>\n<p>PD: Un cuchillo seguir\u00e1 cortando a alguien del cintur\u00f3n de seguridad en un accidente automovil\u00edstico. Despu\u00e9s de todo, \u00e9l es <strong>Emerson<\/strong> .<\/p>\n<p>Mangos: Richlite<br \/>\nCerradura: Titanio<br \/>\nHoja: 154cm<br \/>\nAcabado: Lavado a la piedra<br \/>\nLongitud total: 22 cm<br \/>\nLongitud de la hoja: 9,75 cm<br \/>\nDureza 57-59RC<\/p>\n<p><iframe title=\"The Signature Series Carnivore Folding Steak Knife\" width=\"800\" height=\"450\" src=\"https:\/\/www.youtube.com\/embed\/6MjRfPAKCXs?feature=oembed\" frameborder=\"0\" allow=\"accelerometer; autoplay; clipboard-write; encrypted-media; gyroscope; picture-in-picture; web-share\" referrerpolicy=\"strict-origin-when-cross-origin\" allowfullscreen><\/iframe><\/p>\n<p>&nbsp;<\/p>\n","protected":false},"excerpt":{"rendered":"<p><strong>As\u00ed que aqu\u00ed est\u00e1, el cuchillo plegable para carne de Emerson. Nunca asustar\u00e1s a otros comensales para que salgan de un restaurante ni ahuyentar\u00e1s a un camarero que retrocede asustado mientras vuelve a llamar al 911. Steak Knife Emerson es un dise\u00f1o especialmente dise\u00f1ado.<\/strong><\/p>\n<p><strong>Transporte gratuito.<\/strong><\/p>\n","protected":false},"featured_media":345568,"comment_status":"open","ping_status":"closed","template":"","meta":[],"pwb-brand":[3782],"product_brand":[],"product_cat":[3730,3726],"product_tag":[],"class_list":{"0":"post-345589","1":"product","2":"type-product","3":"status-publish","4":"has-post-thumbnail","6":"pwb-brand-emerson-es","7":"product_cat-cuchillas-de-cierre","8":"product_cat-cuchillos","10":"first","11":"outofstock","12":"taxable","13":"shipping-taxable","14":"purchasable","15":"product-type-simple"},"brands":[{"id":3782,"name":"emerson","slug":"emerson-es"}],"_links":{"self":[{"href":"https:\/\/www.moskito.cz\/es\/wp-json\/wp\/v2\/product\/345589","targetHints":{"allow":["GET"]}}],"collection":[{"href":"https:\/\/www.moskito.cz\/es\/wp-json\/wp\/v2\/product"}],"about":[{"href":"https:\/\/www.moskito.cz\/es\/wp-json\/wp\/v2\/types\/product"}],"replies":[{"embeddable":true,"href":"https:\/\/www.moskito.cz\/es\/wp-json\/wp\/v2\/comments?post=345589"}],"wp:featuredmedia":[{"embeddable":true,"href":"https:\/\/www.moskito.cz\/es\/wp-json\/wp\/v2\/media\/345568"}],"wp:attachment":[{"href":"https:\/\/www.moskito.cz\/es\/wp-json\/wp\/v2\/media?parent=345589"}],"wp:term":[{"taxonomy":"pwb-brand","embeddable":true,"href":"https:\/\/www.moskito.cz\/es\/wp-json\/wp\/v2\/pwb-brand?post=345589"},{"taxonomy":"product_brand","embeddable":true,"href":"https:\/\/www.moskito.cz\/es\/wp-json\/wp\/v2\/product_brand?post=345589"},{"taxonomy":"product_cat","embeddable":true,"href":"https:\/\/www.moskito.cz\/es\/wp-json\/wp\/v2\/product_cat?post=345589"},{"taxonomy":"product_tag","embeddable":true,"href":"https:\/\/www.moskito.cz\/es\/wp-json\/wp\/v2\/product_tag?post=345589"}],"curies":[{"name":"wp","href":"https:\/\/api.w.org\/{rel}","templated":true}]}}