{"id":345604,"date":"2024-06-19T15:20:50","date_gmt":"2024-06-19T14:23:40","guid":{"rendered":"https:\/\/www.moskito.cz\/produkt\/cuchillo-arrojadizo-de-microvuelo-de-acero-frio\/"},"modified":"2025-05-07T11:17:57","modified_gmt":"2025-05-07T10:17:57","slug":"cuchillo-arrojadizo-de-microvuelo-de-acero-frio","status":"publish","type":"product","link":"https:\/\/www.moskito.cz\/es\/produkt\/cuchillo-arrojadizo-de-microvuelo-de-acero-frio\/","title":{"rendered":"Cuchillo arrojadizo de microvuelo de acero fr\u00edo"},"content":{"rendered":"<p>Cuchillo arrojadizo de microvuelo <strong>de acero fr\u00edo<\/strong> .<\/p>\n<p><strong>El Micro Flight Thrower<\/strong> es delgado, aerodin\u00e1mico y sorprendentemente compacto. Pero no se deje enga\u00f1ar por su peque\u00f1o tama\u00f1o y precio econ\u00f3mico, ya que tiene una gran potencia por muy poco dinero. Hecho de \u00abacero para resortes\u00bb s\u00faper resistente, seguramente te brindar\u00e1 a\u00f1os de diversi\u00f3n lanzando. Y como ventaja adicional, su hoja ancha, su protector integrado y su mango de dise\u00f1o ergon\u00f3mico hacen que sea f\u00e1cil y econ\u00f3mico convertirlo en un cuchillo para zapatos muy eficaz.<\/p>\n<p>Peso: 77 gramos<br \/>\nTama\u00f1o total: 20 cm<br \/>\nGrosor de la hoja: 0,2 cm.<br \/>\nTama\u00f1o de la cabeza<br \/>\nAcero: acero al carbono 1055<\/p>\n","protected":false},"excerpt":{"rendered":"<p><strong>Micro Flight es un cuchillo arrojadizo realmente peque\u00f1o que pesa s\u00f3lo 77 g. Te divertir\u00e1s mucho con este cuchillo arrojadizo.<\/strong><\/p>\n","protected":false},"featured_media":345599,"comment_status":"open","ping_status":"closed","template":"","meta":[],"pwb-brand":[3790],"product_brand":[],"product_cat":[3726,3728],"product_tag":[],"class_list":{"0":"post-345604","1":"product","2":"type-product","3":"status-publish","4":"has-post-thumbnail","6":"pwb-brand-arma-blanca","7":"product_cat-cuchillos","8":"product_cat-lanzando-cuchillos","10":"first","11":"outofstock","12":"taxable","13":"shipping-taxable","14":"purchasable","15":"product-type-simple"},"brands":[{"id":3790,"name":"Arma blanca","slug":"arma-blanca"}],"_links":{"self":[{"href":"https:\/\/www.moskito.cz\/es\/wp-json\/wp\/v2\/product\/345604","targetHints":{"allow":["GET"]}}],"collection":[{"href":"https:\/\/www.moskito.cz\/es\/wp-json\/wp\/v2\/product"}],"about":[{"href":"https:\/\/www.moskito.cz\/es\/wp-json\/wp\/v2\/types\/product"}],"replies":[{"embeddable":true,"href":"https:\/\/www.moskito.cz\/es\/wp-json\/wp\/v2\/comments?post=345604"}],"wp:featuredmedia":[{"embeddable":true,"href":"https:\/\/www.moskito.cz\/es\/wp-json\/wp\/v2\/media\/345599"}],"wp:attachment":[{"href":"https:\/\/www.moskito.cz\/es\/wp-json\/wp\/v2\/media?parent=345604"}],"wp:term":[{"taxonomy":"pwb-brand","embeddable":true,"href":"https:\/\/www.moskito.cz\/es\/wp-json\/wp\/v2\/pwb-brand?post=345604"},{"taxonomy":"product_brand","embeddable":true,"href":"https:\/\/www.moskito.cz\/es\/wp-json\/wp\/v2\/product_brand?post=345604"},{"taxonomy":"product_cat","embeddable":true,"href":"https:\/\/www.moskito.cz\/es\/wp-json\/wp\/v2\/product_cat?post=345604"},{"taxonomy":"product_tag","embeddable":true,"href":"https:\/\/www.moskito.cz\/es\/wp-json\/wp\/v2\/product_tag?post=345604"}],"curies":[{"name":"wp","href":"https:\/\/api.w.org\/{rel}","templated":true}]}}