{"id":345617,"date":"2024-06-19T15:34:06","date_gmt":"2024-06-19T14:34:46","guid":{"rendered":"https:\/\/www.moskito.cz\/produkt\/navaja-plegable-cold-steel-counter-point-xl\/"},"modified":"2025-05-07T11:17:57","modified_gmt":"2025-05-07T10:17:57","slug":"navaja-plegable-cold-steel-counter-point-xl","status":"publish","type":"product","link":"https:\/\/www.moskito.cz\/es\/produkt\/navaja-plegable-cold-steel-counter-point-xl\/","title":{"rendered":"Navaja plegable Cold Steel Counter Point XL"},"content":{"rendered":"<p>Navaja plegable <strong>Cold Steel<\/strong> Counter Point XL.<\/p>\n<p>Hemos pasado a\u00f1os investigando cuchillos para zapatos de alta gama y ahora hemos aplicado ese conocimiento a la navaja plegable <strong>Cold Steel<\/strong> Counter Point. Counter Point est\u00e1 disponible en tres tama\u00f1os de hoja: 3&#8243;, 4&#8243; y 6&#8243;. Sus hojas de lanza inspiradas en agujas presentan un borde falso distintivo y un acabado satinado brillante, lo que la convierte en una hoja que no solo tiene un aspecto fant\u00e1stico, sino que tambi\u00e9n ofrece un rendimiento excelente. Hecho de acero japon\u00e9s AUS10A, el Counter Point es altamente resistente a la corrosi\u00f3n y las manchas y tiene un borde muy afilado y duradero, no solo muy fuerte, sino tambi\u00e9n c\u00f3modo y seguro en casi cualquier agarre. Para mayor resistencia y seguridad, hemos equipado el Counter Point con nuestro famoso mecanismo de bloqueo Tri-Ad, que ha demostrado una y otra vez ser incre\u00edblemente fuerte y resistente a los impactos.<\/p>\n<p>Peso: 224 gramos<br \/>\nTama\u00f1o total: 33,33 cm<br \/>\nLongitud de la hoja: 15,24 cm<br \/>\nGrosor de la hoja: 0,4 cm.<br \/>\nAcero: AUS 10A<br \/>\nLongitud del mango: 18 cm<br \/>\nMaterial del mango: Griv-Ex\u2122 largo<\/p>\n<p>&nbsp;<\/p>\n","protected":false},"excerpt":{"rendered":"<p><strong>Hemos pasado a\u00f1os investigando cuchillos para zapatos de alta gama y ahora hemos aplicado ese conocimiento a la navaja plegable Cold Steel Counter Point.<\/strong><\/p>\n<p><strong>Transporte gratuito.<\/strong><\/p>\n","protected":false},"featured_media":345615,"comment_status":"open","ping_status":"closed","template":"","meta":[],"pwb-brand":[3790],"product_brand":[],"product_cat":[3730,3726],"product_tag":[],"class_list":{"0":"post-345617","1":"product","2":"type-product","3":"status-publish","4":"has-post-thumbnail","6":"pwb-brand-arma-blanca","7":"product_cat-cuchillas-de-cierre","8":"product_cat-cuchillos","10":"first","11":"instock","12":"taxable","13":"shipping-taxable","14":"purchasable","15":"product-type-simple"},"brands":[{"id":3790,"name":"Arma blanca","slug":"arma-blanca"}],"_links":{"self":[{"href":"https:\/\/www.moskito.cz\/es\/wp-json\/wp\/v2\/product\/345617","targetHints":{"allow":["GET"]}}],"collection":[{"href":"https:\/\/www.moskito.cz\/es\/wp-json\/wp\/v2\/product"}],"about":[{"href":"https:\/\/www.moskito.cz\/es\/wp-json\/wp\/v2\/types\/product"}],"replies":[{"embeddable":true,"href":"https:\/\/www.moskito.cz\/es\/wp-json\/wp\/v2\/comments?post=345617"}],"wp:featuredmedia":[{"embeddable":true,"href":"https:\/\/www.moskito.cz\/es\/wp-json\/wp\/v2\/media\/345615"}],"wp:attachment":[{"href":"https:\/\/www.moskito.cz\/es\/wp-json\/wp\/v2\/media?parent=345617"}],"wp:term":[{"taxonomy":"pwb-brand","embeddable":true,"href":"https:\/\/www.moskito.cz\/es\/wp-json\/wp\/v2\/pwb-brand?post=345617"},{"taxonomy":"product_brand","embeddable":true,"href":"https:\/\/www.moskito.cz\/es\/wp-json\/wp\/v2\/product_brand?post=345617"},{"taxonomy":"product_cat","embeddable":true,"href":"https:\/\/www.moskito.cz\/es\/wp-json\/wp\/v2\/product_cat?post=345617"},{"taxonomy":"product_tag","embeddable":true,"href":"https:\/\/www.moskito.cz\/es\/wp-json\/wp\/v2\/product_tag?post=345617"}],"curies":[{"name":"wp","href":"https:\/\/api.w.org\/{rel}","templated":true}]}}