{"id":345668,"date":"2024-06-19T16:00:11","date_gmt":"2024-06-19T15:00:55","guid":{"rendered":"https:\/\/www.moskito.cz\/produkt\/cuchillo-de-cierre-sog-escape\/"},"modified":"2025-05-07T11:17:59","modified_gmt":"2025-05-07T10:17:59","slug":"cuchillo-de-cierre-sog-escape","status":"publish","type":"product","link":"https:\/\/www.moskito.cz\/es\/produkt\/cuchillo-de-cierre-sog-escape\/","title":{"rendered":"Cuchillo de cierre SOG ESCAPE"},"content":{"rendered":"<p>Cuchillo de cierre <strong>SOG<\/strong> ESCAPE.<\/p>\n<p><strong>La Escape<\/strong> es una navaja plegable que tiene el tama\u00f1o perfecto para llevarla todos los d\u00edas, pero que a\u00fan tiene una gran capacidad con una hoja que se puede abrir con una mano. Integrado en el mango hay un cortador de hilo (ideal para cortar cables, cordeles, cinturones de seguridad, etc.), un rompevidrios para casos extremos, nuestro pelacables patentado y cuchillas de corte de hilo adicionales (que se almacenan debajo de la placa del mango). Todo esto, combinado con una s\u00f3lida hoja de punta de lanza semidentada y un mango de aluminio anodizado duro, dice que estoy listo para cualquier cosa que se me presente.<\/p>\n<p>Tama\u00f1o total: 20,8 cm<br \/>\nLongitud de la hoja: 8,6 cm<br \/>\nGrosor de la hoja: 0,33 cm.<br \/>\nAcero: 9Cr18MoV<br \/>\nMaterial del mango: Aluminio anodizado 6061-T6 con cubierta de policarbonato<\/p>\n","protected":false},"excerpt":{"rendered":"<p><strong>La Escape es una navaja plegable que tiene el tama\u00f1o perfecto para llevarla todos los d\u00edas, pero que a\u00fan tiene una gran capacidad con una hoja que se puede abrir con una mano.<\/strong><\/p>\n","protected":false},"featured_media":345633,"comment_status":"open","ping_status":"closed","template":"","meta":[],"pwb-brand":[3848],"product_brand":[],"product_cat":[3730,3726],"product_tag":[],"class_list":{"0":"post-345668","1":"product","2":"type-product","3":"status-publish","4":"has-post-thumbnail","6":"pwb-brand-sog-es","7":"product_cat-cuchillas-de-cierre","8":"product_cat-cuchillos","10":"first","11":"outofstock","12":"taxable","13":"shipping-taxable","14":"purchasable","15":"product-type-simple"},"brands":[{"id":3848,"name":"SOG","slug":"sog-es"}],"_links":{"self":[{"href":"https:\/\/www.moskito.cz\/es\/wp-json\/wp\/v2\/product\/345668","targetHints":{"allow":["GET"]}}],"collection":[{"href":"https:\/\/www.moskito.cz\/es\/wp-json\/wp\/v2\/product"}],"about":[{"href":"https:\/\/www.moskito.cz\/es\/wp-json\/wp\/v2\/types\/product"}],"replies":[{"embeddable":true,"href":"https:\/\/www.moskito.cz\/es\/wp-json\/wp\/v2\/comments?post=345668"}],"wp:featuredmedia":[{"embeddable":true,"href":"https:\/\/www.moskito.cz\/es\/wp-json\/wp\/v2\/media\/345633"}],"wp:attachment":[{"href":"https:\/\/www.moskito.cz\/es\/wp-json\/wp\/v2\/media?parent=345668"}],"wp:term":[{"taxonomy":"pwb-brand","embeddable":true,"href":"https:\/\/www.moskito.cz\/es\/wp-json\/wp\/v2\/pwb-brand?post=345668"},{"taxonomy":"product_brand","embeddable":true,"href":"https:\/\/www.moskito.cz\/es\/wp-json\/wp\/v2\/product_brand?post=345668"},{"taxonomy":"product_cat","embeddable":true,"href":"https:\/\/www.moskito.cz\/es\/wp-json\/wp\/v2\/product_cat?post=345668"},{"taxonomy":"product_tag","embeddable":true,"href":"https:\/\/www.moskito.cz\/es\/wp-json\/wp\/v2\/product_tag?post=345668"}],"curies":[{"name":"wp","href":"https:\/\/api.w.org\/{rel}","templated":true}]}}