{"id":345731,"date":"2024-06-19T16:41:30","date_gmt":"2024-06-19T15:46:42","guid":{"rendered":"https:\/\/www.moskito.cz\/produkt\/cuchillo-solido-sog-rapid-rescue-rojo\/"},"modified":"2025-05-07T11:18:00","modified_gmt":"2025-05-07T10:18:00","slug":"cuchillo-solido-sog-rapid-rescue-rojo","status":"publish","type":"product","link":"https:\/\/www.moskito.cz\/es\/produkt\/cuchillo-solido-sog-rapid-rescue-rojo\/","title":{"rendered":"Cuchillo S\u00f3lido SOG Rapid Rescue Rojo"},"content":{"rendered":"<p>Cuchillo S\u00f3lido <strong>SOG<\/strong> Rapid Rescue Rojo.<\/p>\n<p>Rapid Rescue incluye cortador de cintur\u00f3n de seguridad y rompecristales. Guardado en un llavero o cord\u00f3n, el Rapid es r\u00e1pido y f\u00e1cil de implementar y pasa desapercibido cuando no est\u00e1 en uso. El dise\u00f1o del mango gu\u00eda intuitivamente los dedos a la posici\u00f3n \u00f3ptima durante el despliegue y proporciona un agarre seguro mientras trabaja. El Rapid se despliega r\u00e1pidamente desde la funda con un simple tir\u00f3n y es f\u00e1cil de operar con un dedo a trav\u00e9s del orificio del dedo \u00edndice. Fabricado con un dise\u00f1o de herramienta de espiga completa, anillo de extracci\u00f3n de aluminio y mango y cubierta GRN texturizados.<\/p>\n<p>GROSOR DE LA HOJA: 3 mm<br \/>\nACERO: 2Cr13<br \/>\nMATERIAL DE LA CAJA: 30% VERDE<br \/>\nMATERIAL DEL MANGO: VERDE<br \/>\nTAMA\u00d1O TOTAL: 7 cm<\/p>\n","protected":false},"excerpt":{"rendered":"<p><strong>Rapid Rescue es un cortador de cinturones de seguridad y rompe cristales de emergencia.<\/strong><\/p>\n","protected":false},"featured_media":345689,"comment_status":"open","ping_status":"closed","template":"","meta":[],"pwb-brand":[3848],"product_brand":[],"product_cat":[3726,3727],"product_tag":[],"class_list":{"0":"post-345731","1":"product","2":"type-product","3":"status-publish","4":"has-post-thumbnail","6":"pwb-brand-sog-es","7":"product_cat-cuchillos","8":"product_cat-cuchillos-macizos","10":"first","11":"instock","12":"taxable","13":"shipping-taxable","14":"purchasable","15":"product-type-simple"},"brands":[{"id":3848,"name":"SOG","slug":"sog-es"}],"_links":{"self":[{"href":"https:\/\/www.moskito.cz\/es\/wp-json\/wp\/v2\/product\/345731","targetHints":{"allow":["GET"]}}],"collection":[{"href":"https:\/\/www.moskito.cz\/es\/wp-json\/wp\/v2\/product"}],"about":[{"href":"https:\/\/www.moskito.cz\/es\/wp-json\/wp\/v2\/types\/product"}],"replies":[{"embeddable":true,"href":"https:\/\/www.moskito.cz\/es\/wp-json\/wp\/v2\/comments?post=345731"}],"wp:featuredmedia":[{"embeddable":true,"href":"https:\/\/www.moskito.cz\/es\/wp-json\/wp\/v2\/media\/345689"}],"wp:attachment":[{"href":"https:\/\/www.moskito.cz\/es\/wp-json\/wp\/v2\/media?parent=345731"}],"wp:term":[{"taxonomy":"pwb-brand","embeddable":true,"href":"https:\/\/www.moskito.cz\/es\/wp-json\/wp\/v2\/pwb-brand?post=345731"},{"taxonomy":"product_brand","embeddable":true,"href":"https:\/\/www.moskito.cz\/es\/wp-json\/wp\/v2\/product_brand?post=345731"},{"taxonomy":"product_cat","embeddable":true,"href":"https:\/\/www.moskito.cz\/es\/wp-json\/wp\/v2\/product_cat?post=345731"},{"taxonomy":"product_tag","embeddable":true,"href":"https:\/\/www.moskito.cz\/es\/wp-json\/wp\/v2\/product_tag?post=345731"}],"curies":[{"name":"wp","href":"https:\/\/api.w.org\/{rel}","templated":true}]}}