{"id":345784,"date":"2024-06-20T09:20:45","date_gmt":"2024-06-20T08:20:45","guid":{"rendered":"https:\/\/www.moskito.cz\/produkt\/cuchillo-fijo-tellus-fx-lobo-gris\/"},"modified":"2025-05-07T11:18:02","modified_gmt":"2025-05-07T10:18:02","slug":"cuchillo-fijo-tellus-fx-lobo-gris","status":"publish","type":"product","link":"https:\/\/www.moskito.cz\/es\/produkt\/cuchillo-fijo-tellus-fx-lobo-gris\/","title":{"rendered":"Cuchillo Fijo Tellus FX Lobo Gris"},"content":{"rendered":"<p>Navaja Fija <strong>Tellus FX<\/strong> Lobo Gris.<\/p>\n<p>Tellus FX: un cuchillo con una hoja s\u00f3lida y un filo liso. El cuchillo de trabajo definitivo. Puedes encontrar su aplicaci\u00f3n en la naturaleza.<\/p>\n<p>CRYO 440C acero inoxidable<\/p>\n<p>El acero inoxidable CRYO 440C tiene la combinaci\u00f3n perfecta de excelente resistencia a la corrosi\u00f3n y al desgaste necesaria para un cuchillo dise\u00f1ado para uso duro en exteriores. El acabado Stonewashed ofrece una mayor resistencia a la corrosi\u00f3n y oculta los rayones para que su cuchillo mantenga un excelente aspecto.<\/p>\n<p>Mango VERDE<\/p>\n<p>El nailon es un material popular para los mangos de cuchillos debido a su resistencia, resistencia al impacto, inercia qu\u00edmica y estabilidad a altas temperaturas. Todas estas propiedades se mejoran en Tellus FX al agregar fibras de vidrio al nailon para crear un material nuevo y a\u00fan m\u00e1s duradero, el nailon reforzado con fibra de vidrio (GRN).<\/p>\n<p>Estuche compatible con UMS<\/p>\n<p>La funda incorpora las mejores partes del sistema de montaje universal de SOG, lo que permite un transporte seguro y personalizado en una amplia variedad de aventuras al aire libre.<\/p>\n<p>Peso: 191<br \/>\nTama\u00f1o total: 22,9 cm<br \/>\nLongitud de la hoja: 10,8 cm<br \/>\nGrosor de la hoja: 0,38 cm.<br \/>\nAcero: CRYO 440 (9Cr18MoV)<br \/>\nMaterial del mango: GRN<\/p>\n<p>&nbsp;<\/p>\n<p><iframe title=\"Tellus and Altair Knives - Texas Axis Deer Hunt\" width=\"800\" height=\"450\" src=\"https:\/\/www.youtube.com\/embed\/3nAfH51J9f0?feature=oembed\" frameborder=\"0\" allow=\"accelerometer; autoplay; clipboard-write; encrypted-media; gyroscope; picture-in-picture; web-share\" referrerpolicy=\"strict-origin-when-cross-origin\" allowfullscreen><\/iframe><\/p>\n<p>&nbsp;<\/p>\n<p>&nbsp;<\/p>\n","protected":false},"excerpt":{"rendered":"<p><strong>Tellus FX: un cuchillo con una hoja s\u00f3lida y un filo liso. El cuchillo de trabajo definitivo.<\/strong><\/p>\n","protected":false},"featured_media":345750,"comment_status":"open","ping_status":"closed","template":"","meta":[],"pwb-brand":[3848],"product_brand":[],"product_cat":[3727,3726],"product_tag":[3756],"class_list":{"0":"post-345784","1":"product","2":"type-product","3":"status-publish","4":"has-post-thumbnail","6":"pwb-brand-sog-es","7":"product_cat-cuchillos-macizos","8":"product_cat-cuchillos","9":"product_tag-b2b-es","11":"first","12":"outofstock","13":"taxable","14":"shipping-taxable","15":"purchasable","16":"product-type-simple"},"brands":[{"id":3848,"name":"SOG","slug":"sog-es"}],"_links":{"self":[{"href":"https:\/\/www.moskito.cz\/es\/wp-json\/wp\/v2\/product\/345784","targetHints":{"allow":["GET"]}}],"collection":[{"href":"https:\/\/www.moskito.cz\/es\/wp-json\/wp\/v2\/product"}],"about":[{"href":"https:\/\/www.moskito.cz\/es\/wp-json\/wp\/v2\/types\/product"}],"replies":[{"embeddable":true,"href":"https:\/\/www.moskito.cz\/es\/wp-json\/wp\/v2\/comments?post=345784"}],"wp:featuredmedia":[{"embeddable":true,"href":"https:\/\/www.moskito.cz\/es\/wp-json\/wp\/v2\/media\/345750"}],"wp:attachment":[{"href":"https:\/\/www.moskito.cz\/es\/wp-json\/wp\/v2\/media?parent=345784"}],"wp:term":[{"taxonomy":"pwb-brand","embeddable":true,"href":"https:\/\/www.moskito.cz\/es\/wp-json\/wp\/v2\/pwb-brand?post=345784"},{"taxonomy":"product_brand","embeddable":true,"href":"https:\/\/www.moskito.cz\/es\/wp-json\/wp\/v2\/product_brand?post=345784"},{"taxonomy":"product_cat","embeddable":true,"href":"https:\/\/www.moskito.cz\/es\/wp-json\/wp\/v2\/product_cat?post=345784"},{"taxonomy":"product_tag","embeddable":true,"href":"https:\/\/www.moskito.cz\/es\/wp-json\/wp\/v2\/product_tag?post=345784"}],"curies":[{"name":"wp","href":"https:\/\/api.w.org\/{rel}","templated":true}]}}