{"id":345874,"date":"2024-06-20T09:46:24","date_gmt":"2024-06-20T08:46:58","guid":{"rendered":"https:\/\/www.moskito.cz\/produkt\/cuchillo-fijo-sog-ether-fx\/"},"modified":"2025-05-07T11:18:03","modified_gmt":"2025-05-07T10:18:03","slug":"cuchillo-fijo-sog-ether-fx","status":"publish","type":"product","link":"https:\/\/www.moskito.cz\/es\/produkt\/cuchillo-fijo-sog-ether-fx\/","title":{"rendered":"Cuchillo fijo SOG Ether FX"},"content":{"rendered":"<p>Cuchillo fijo <strong>SOG<\/strong> Ether FX.<\/p>\n<p><strong>El Ether FX<\/strong> es el compa\u00f1ero perfecto para los entusiastas de la caza y las actividades al aire libre, y su peso de 2,1 onzas lo hace ideal para transportarlo y empacarlo de manera liviana. La hoja de acero CPM S35VN garantiza una resistencia, retenci\u00f3n de bordes y resistencia a la corrosi\u00f3n excepcionales. Las hojas con acabado satinado cepillado le dan un aspecto resistente y brindan protecci\u00f3n adicional contra el desgaste. El cuchillo est\u00e1 equipado con un mango G10, conocido por su durabilidad y excelente agarre incluso cuando est\u00e1 mojado. Las escamas son extra\u00edbles, lo que hace que el Ether FX sea a\u00fan m\u00e1s liviano y delgado, al tiempo que le permite personalizar el cuchillo con envolturas de paracord para una mayor personalizaci\u00f3n y funcionalidad. Para un transporte y almacenamiento c\u00f3modos, el Ether FX viene con una funda compatible con Kydex SOG UMS que ofrece m\u00faltiples opciones de fijaci\u00f3n, lo que le permite sujetarlo de forma segura a su cintur\u00f3n, mochila o equipo.<\/p>\n<p>Dise\u00f1o ligero y compacto<br \/>\nEn t\u00e9rminos de peso y espacio, los mangos texturizados G10 se pueden quitar f\u00e1cilmente, el marco esqueletizado del cuchillo transforma el cuchillo en una herramienta compacta, m\u00e1s liviana y eficiente sin comprometer su resistencia y funcionalidad. Nuestro sistema de revestimiento UMS permite muchas formas de mantener el \u00e9ter en los lugares correctos.<\/p>\n<p>Hoja de alta calidad<br \/>\nEl acabado de su hoja satinada S35VN proporciona una apariencia robusta y distintiva al mismo tiempo que brinda una capa adicional de protecci\u00f3n contra el desgaste. La hoja realiza un corte completo a lo largo del lomo y ofrece mejor control y agarre para un corte preciso. La hoja empotrada a\u00f1ade una superficie adicional de alto contacto para un agarre seguro en todo tipo de corte.<\/p>\n<p>Acero S35VN<\/p>\n<p>Fabricado con acero CPM S35VV, Ether FX garantiza una resistencia excepcional, retenci\u00f3n de bordes y resistencia a la corrosi\u00f3n. El acabado satinado cepillado de la hoja le da un aspecto resistente y distintivo al mismo tiempo que proporciona una capa adicional de protecci\u00f3n contra el desgaste. Los hoyuelos y los saltos garantizan un agarre seguro para cualquier tipo de corte.<\/p>\n<p>Asas G10 desmontables<\/p>\n<p>El Ether FX cuenta con mangos extra\u00edbles Blaze Orange G10 que facilitan encontrar el cuchillo en el fondo de su mochila o en el suelo del bosque. El G10 es conocido por su resistencia excepcional, que permite un agarre seguro y c\u00f3modo incluso en condiciones h\u00famedas o resbaladizas.<\/p>\n<p>Funda Kydex UMS<\/p>\n<p>Para aumentar su versatilidad, Provider FX cuenta con orificios para cord\u00f3n incorporados y un vers\u00e1til sistema de montaje SOG. Estas caracter\u00edsticas permiten conectar el cuchillo a una variedad de dispositivos y accesorios, asegurando que est\u00e9 siempre a su alcance cuando m\u00e1s lo necesita.<\/p>\n<p>Peso: 60g<br \/>\nTama\u00f1o total: 18m<br \/>\nLongitud de la hoja: 7,9 cm<br \/>\nGrosor de la hoja: 0,36 cm.<br \/>\nAcero: CPM S35VN<br \/>\nMaterial del mango: GRN<br \/>\nMaterial de la caja: Kydex<\/p>\n<p>&nbsp;<\/p>\n<p><iframe title=\"Ether FX\" width=\"800\" height=\"450\" src=\"https:\/\/www.youtube.com\/embed\/u4cnd0XZUIU?feature=oembed\" frameborder=\"0\" allow=\"accelerometer; autoplay; clipboard-write; encrypted-media; gyroscope; picture-in-picture; web-share\" referrerpolicy=\"strict-origin-when-cross-origin\" allowfullscreen><\/iframe><\/p>\n<p>&nbsp;<\/p>\n","protected":false},"excerpt":{"rendered":"<p><strong>El Ether FX es el compa\u00f1ero perfecto para los entusiastas de la caza y las actividades al aire libre y su peso de 60 g lo hace ideal para transportarlo y empacarlo de manera liviana.<\/strong><\/p>\n<p><strong>Transporte gratuito.<\/strong><\/p>\n","protected":false},"featured_media":345799,"comment_status":"open","ping_status":"closed","template":"","meta":[],"pwb-brand":[3848],"product_brand":[],"product_cat":[3726,3727],"product_tag":[3756],"class_list":{"0":"post-345874","1":"product","2":"type-product","3":"status-publish","4":"has-post-thumbnail","6":"pwb-brand-sog-es","7":"product_cat-cuchillos","8":"product_cat-cuchillos-macizos","9":"product_tag-b2b-es","11":"first","12":"outofstock","13":"taxable","14":"shipping-taxable","15":"purchasable","16":"product-type-simple"},"brands":[{"id":3848,"name":"SOG","slug":"sog-es"}],"_links":{"self":[{"href":"https:\/\/www.moskito.cz\/es\/wp-json\/wp\/v2\/product\/345874","targetHints":{"allow":["GET"]}}],"collection":[{"href":"https:\/\/www.moskito.cz\/es\/wp-json\/wp\/v2\/product"}],"about":[{"href":"https:\/\/www.moskito.cz\/es\/wp-json\/wp\/v2\/types\/product"}],"replies":[{"embeddable":true,"href":"https:\/\/www.moskito.cz\/es\/wp-json\/wp\/v2\/comments?post=345874"}],"wp:featuredmedia":[{"embeddable":true,"href":"https:\/\/www.moskito.cz\/es\/wp-json\/wp\/v2\/media\/345799"}],"wp:attachment":[{"href":"https:\/\/www.moskito.cz\/es\/wp-json\/wp\/v2\/media?parent=345874"}],"wp:term":[{"taxonomy":"pwb-brand","embeddable":true,"href":"https:\/\/www.moskito.cz\/es\/wp-json\/wp\/v2\/pwb-brand?post=345874"},{"taxonomy":"product_brand","embeddable":true,"href":"https:\/\/www.moskito.cz\/es\/wp-json\/wp\/v2\/product_brand?post=345874"},{"taxonomy":"product_cat","embeddable":true,"href":"https:\/\/www.moskito.cz\/es\/wp-json\/wp\/v2\/product_cat?post=345874"},{"taxonomy":"product_tag","embeddable":true,"href":"https:\/\/www.moskito.cz\/es\/wp-json\/wp\/v2\/product_tag?post=345874"}],"curies":[{"name":"wp","href":"https:\/\/api.w.org\/{rel}","templated":true}]}}