{"id":345948,"date":"2024-06-20T10:07:47","date_gmt":"2024-06-20T09:08:47","guid":{"rendered":"https:\/\/www.moskito.cz\/produkt\/cuchillo-cierre-sog-twitch-iii-negro\/"},"modified":"2025-05-07T11:18:04","modified_gmt":"2025-05-07T10:18:04","slug":"cuchillo-cierre-sog-twitch-iii-negro","status":"publish","type":"product","link":"https:\/\/www.moskito.cz\/es\/produkt\/cuchillo-cierre-sog-twitch-iii-negro\/","title":{"rendered":"Cuchillo Cierre SOG Twitch III Negro"},"content":{"rendered":"<p>Navaja de Cierre <strong>SOG<\/strong> Twitch III Negra.<\/p>\n<p>Elegante, fuerte y mejorada con una hoja de acero mejorada de 154 cm, nuestra navaja plegable <strong>Twitch III<\/strong> lleva la popular serie Twitch al siguiente nivel. <strong>Twitch III<\/strong> presenta un perfil delgado que permite una f\u00e1cil portabilidad y manejo. Nuestra confiable tecnolog\u00eda asistida permite una implementaci\u00f3n r\u00e1pida con una sola mano. La hoja de despliegue r\u00e1pido de 3,1 pulgadas est\u00e1 unida a un aluminio texturizado cuidadosamente moldeado. Su confiable mecanismo de bloqueo mantiene la hoja en su lugar de forma segura durante el uso, para que usted est\u00e9 seguro y sin preocupaciones.<\/p>\n<p>El Twitch III es su nueva primera opci\u00f3n como navaja EDC<br \/>\nNo saldr\u00e1s de casa sin \u00e9l. La navaja plegable Twitch III lleva la popular l\u00ednea Twitch al siguiente nivel al combinar tecnolog\u00eda de punta y materiales mejorados con un dise\u00f1o c\u00f3modo y compacto.<\/p>\n<p>Mango de aluminio 6061.<\/p>\n<p>Una combinaci\u00f3n ganadora. Delgado y liviano para facilitar su transporte. Sutilmente texturizado para un agarre seguro, acabado con un clip de bolsillo profundo de doble cara.<\/p>\n<p>HOJA DE ACERO 154CM<\/p>\n<p>La robusta hoja de 154 cm endurecida CRYO de 3,1 pulgadas la mantendr\u00e1 afilada para cualquier corte en casa, en el trabajo o incluso en el bosque.<\/p>\n<p>APERTURA S\u00daPER R\u00c1PIDA<\/p>\n<p>Apertura extremadamente r\u00e1pida con una sola mano con botones dobles para el pulgar o patada en la espalda. Un simple bloqueo del lomo bloquea de forma segura la hoja en su lugar durante el uso.<\/p>\n<p>Peso: 74 gramos<br \/>\nTama\u00f1o total: 17,8 cm<br \/>\nLongitud de la hoja: 7,9 cm<br \/>\nGrosor de la hoja: 0,25 cm.<br \/>\nAcero: 154CM<br \/>\nLongitud del mango: 10,4 cm<br \/>\nMaterial del mango: Aluminio 6061<br \/>\nTipo de fusible: LockBack<\/p>\n<p><iframe title=\"Twitch III\" width=\"800\" height=\"450\" src=\"https:\/\/www.youtube.com\/embed\/FghDrJM7ITA?feature=oembed\" frameborder=\"0\" allow=\"accelerometer; autoplay; clipboard-write; encrypted-media; gyroscope; picture-in-picture; web-share\" referrerpolicy=\"strict-origin-when-cross-origin\" allowfullscreen><\/iframe><\/p>\n<p>&nbsp;<\/p>\n<p>&nbsp;<\/p>\n","protected":false},"excerpt":{"rendered":"<p><strong>El Twitch III es su nueva primera opci\u00f3n como navaja EDC<\/strong><br \/>\n<strong>No saldr\u00e1s de casa sin \u00e9l. La navaja plegable Twitch III lleva la popular l\u00ednea Twitch al siguiente nivel al combinar tecnolog\u00eda de punta y materiales mejorados con un dise\u00f1o c\u00f3modo y compacto.<\/strong><\/p>\n<p>&nbsp;<\/p>\n","protected":false},"featured_media":345889,"comment_status":"open","ping_status":"closed","template":"","meta":[],"pwb-brand":[3848],"product_brand":[],"product_cat":[3730,3726],"product_tag":[3756],"class_list":{"0":"post-345948","1":"product","2":"type-product","3":"status-publish","4":"has-post-thumbnail","6":"pwb-brand-sog-es","7":"product_cat-cuchillas-de-cierre","8":"product_cat-cuchillos","9":"product_tag-b2b-es","11":"first","12":"instock","13":"taxable","14":"shipping-taxable","15":"purchasable","16":"product-type-simple"},"brands":[{"id":3848,"name":"SOG","slug":"sog-es"}],"_links":{"self":[{"href":"https:\/\/www.moskito.cz\/es\/wp-json\/wp\/v2\/product\/345948","targetHints":{"allow":["GET"]}}],"collection":[{"href":"https:\/\/www.moskito.cz\/es\/wp-json\/wp\/v2\/product"}],"about":[{"href":"https:\/\/www.moskito.cz\/es\/wp-json\/wp\/v2\/types\/product"}],"replies":[{"embeddable":true,"href":"https:\/\/www.moskito.cz\/es\/wp-json\/wp\/v2\/comments?post=345948"}],"wp:featuredmedia":[{"embeddable":true,"href":"https:\/\/www.moskito.cz\/es\/wp-json\/wp\/v2\/media\/345889"}],"wp:attachment":[{"href":"https:\/\/www.moskito.cz\/es\/wp-json\/wp\/v2\/media?parent=345948"}],"wp:term":[{"taxonomy":"pwb-brand","embeddable":true,"href":"https:\/\/www.moskito.cz\/es\/wp-json\/wp\/v2\/pwb-brand?post=345948"},{"taxonomy":"product_brand","embeddable":true,"href":"https:\/\/www.moskito.cz\/es\/wp-json\/wp\/v2\/product_brand?post=345948"},{"taxonomy":"product_cat","embeddable":true,"href":"https:\/\/www.moskito.cz\/es\/wp-json\/wp\/v2\/product_cat?post=345948"},{"taxonomy":"product_tag","embeddable":true,"href":"https:\/\/www.moskito.cz\/es\/wp-json\/wp\/v2\/product_tag?post=345948"}],"curies":[{"name":"wp","href":"https:\/\/api.w.org\/{rel}","templated":true}]}}