{"id":346038,"date":"2024-06-20T10:37:18","date_gmt":"2024-06-20T09:37:18","guid":{"rendered":"https:\/\/www.moskito.cz\/produkt\/cuchillo-macizo-sog-bowie-2-0\/"},"modified":"2024-06-20T10:38:00","modified_gmt":"2024-06-20T09:38:00","slug":"cuchillo-macizo-sog-bowie-2-0","status":"publish","type":"product","link":"https:\/\/www.moskito.cz\/es\/produkt\/cuchillo-macizo-sog-bowie-2-0\/","title":{"rendered":"Cuchillo Macizo SOG BOWIE 2.0"},"content":{"rendered":"<p>Cuchillo Macizo <strong>SOG<\/strong> BOWIE 2.0.<\/p>\n<p>El <strong>SOG Bowie<\/strong> de hoja fija original que fund\u00f3 nuestra empresa se bas\u00f3 en un cuchillo utilizado por el Grupo de Observaci\u00f3n y Estudio de las Fuerzas Especiales de EE. UU. y otros soldados de \u00e9lite en la Guerra de Vietnam. <strong>SOG Bowie<\/strong> 2.0 combina el tradicional <strong>SOG Bowie<\/strong> con tecnolog\u00eda y materiales modernos. Se beneficia de recubrimientos duros de TiNi negro y acero AUS-8 como cuchillo de hoja fija de alto rendimiento. El SOG Bowie 2.0 se ha convertido en un cl\u00e1sico sin igual en calidad. La guarda en forma de cruz, el pulido hueco profundo y los detalles precisos y la punta facetada son firmas inconfundibles.<\/p>\n<p>Una hoja s\u00f3lida, grande y audaz.<br \/>\nEste hermoso Bowie tiene sus ra\u00edces en la herencia militar SOG, donde fue utilizado por las Fuerzas Especiales y otros soldados de \u00e9lite durante la Guerra de Vietnam.<\/p>\n<p>Hoja s\u00f3lida de gran formato con estilo y sustancia.<br \/>\nTiene una hoja integral fabricada en acero epoxi AUS-8 de alta calidad, combinada con un mango de cuero y una cruz y un cabezal de acero inoxidable.<\/p>\n<p>Dise\u00f1o de mango cl\u00e1sico<\/p>\n<p>El mango de la lavadora de cuero plisado epoxi brinda una apariencia cl\u00e1sica y una sensaci\u00f3n c\u00f3moda.<\/p>\n<p>Protector cruzado en forma<\/p>\n<p>Mantiene tus dedos seguros y saludables. Se ve genial tambi\u00e9n.<\/p>\n<p>Longitud total: <span id=\"cwos\" class=\"qv3Wpe\">27,5 cm.<\/span><br \/>\nPeso del producto: 11,20 onzas<br \/>\nLongitud de la hoja: <span id=\"cwos\" class=\"qv3Wpe\">16<\/span> cm<br \/>\nGrosor de la hoja: 0,6 cm.<br \/>\nPiedra de afilar: S\u00ed<br \/>\nOrificio para cord\u00f3n: S\u00ed<br \/>\nAcabado: TiNi negro duro<br \/>\nTipo de borde: Recto<br \/>\nTipo de acero de la hoja: AUS-8<br \/>\nMaterial del mango: Almohadillas de cuero<br \/>\nColor del mango: Marr\u00f3n<br \/>\nDureza: Rc. 57-58<br \/>\nEstuche incluido: S\u00ed<br \/>\nColor de la carcasa: Negro<br \/>\nTipo de fijaci\u00f3n de la chaqueta: Bucle<br \/>\nMaterial de la carcasa: cuero<\/p>\n<p><iframe title=\"SOG Knives Bowie 2.0\" width=\"800\" height=\"450\" src=\"https:\/\/www.youtube.com\/embed\/k6HjM-vii_M?feature=oembed\" frameborder=\"0\" allow=\"accelerometer; autoplay; clipboard-write; encrypted-media; gyroscope; picture-in-picture; web-share\" referrerpolicy=\"strict-origin-when-cross-origin\" allowfullscreen><\/iframe><\/p>\n<p>&nbsp;<\/p>\n<p>&nbsp;<\/p>\n<p>&nbsp;<\/p>\n<p>&nbsp;<\/p>\n","protected":false},"excerpt":{"rendered":"<p><strong>Este hermoso Bowie tiene sus ra\u00edces en la herencia militar SOG, donde fue utilizado por las Fuerzas Especiales y otros soldados de \u00e9lite durante la Guerra de Vietnam.<\/strong><\/p>\n<p><strong>Transporte gratuito.<\/strong><\/p>\n","protected":false},"featured_media":345962,"comment_status":"open","ping_status":"closed","template":"","meta":[],"pwb-brand":[3848],"product_brand":[],"product_cat":[3727,3726],"product_tag":[3756],"class_list":{"0":"post-346038","1":"product","2":"type-product","3":"status-publish","4":"has-post-thumbnail","6":"pwb-brand-sog-es","7":"product_cat-cuchillos-macizos","8":"product_cat-cuchillos","9":"product_tag-b2b-es","11":"first","12":"outofstock","13":"taxable","14":"shipping-taxable","15":"purchasable","16":"product-type-simple"},"brands":[{"id":3848,"name":"SOG","slug":"sog-es"}],"_links":{"self":[{"href":"https:\/\/www.moskito.cz\/es\/wp-json\/wp\/v2\/product\/346038","targetHints":{"allow":["GET"]}}],"collection":[{"href":"https:\/\/www.moskito.cz\/es\/wp-json\/wp\/v2\/product"}],"about":[{"href":"https:\/\/www.moskito.cz\/es\/wp-json\/wp\/v2\/types\/product"}],"replies":[{"embeddable":true,"href":"https:\/\/www.moskito.cz\/es\/wp-json\/wp\/v2\/comments?post=346038"}],"wp:featuredmedia":[{"embeddable":true,"href":"https:\/\/www.moskito.cz\/es\/wp-json\/wp\/v2\/media\/345962"}],"wp:attachment":[{"href":"https:\/\/www.moskito.cz\/es\/wp-json\/wp\/v2\/media?parent=346038"}],"wp:term":[{"taxonomy":"pwb-brand","embeddable":true,"href":"https:\/\/www.moskito.cz\/es\/wp-json\/wp\/v2\/pwb-brand?post=346038"},{"taxonomy":"product_brand","embeddable":true,"href":"https:\/\/www.moskito.cz\/es\/wp-json\/wp\/v2\/product_brand?post=346038"},{"taxonomy":"product_cat","embeddable":true,"href":"https:\/\/www.moskito.cz\/es\/wp-json\/wp\/v2\/product_cat?post=346038"},{"taxonomy":"product_tag","embeddable":true,"href":"https:\/\/www.moskito.cz\/es\/wp-json\/wp\/v2\/product_tag?post=346038"}],"curies":[{"name":"wp","href":"https:\/\/api.w.org\/{rel}","templated":true}]}}