{"id":346199,"date":"2024-06-20T12:33:13","date_gmt":"2024-06-20T11:44:43","guid":{"rendered":"https:\/\/www.moskito.cz\/produkt\/alicate-multifuncional-sog-aegis-mt-indigo-acid\/"},"modified":"2025-05-07T11:18:07","modified_gmt":"2025-05-07T10:18:07","slug":"alicate-multifuncional-sog-aegis-mt-indigo-acid","status":"publish","type":"product","link":"https:\/\/www.moskito.cz\/es\/produkt\/alicate-multifuncional-sog-aegis-mt-indigo-acid\/","title":{"rendered":"Alicate Multifuncional SOG Aegis MT Indigo Acid"},"content":{"rendered":"<p>Alicate Multifuncional <strong>SOG<\/strong> Aegis MT Indigo Acid.<\/p>\n<p>Presenta un dise\u00f1o ambidiestro con un s\u00f3lido mango ergon\u00f3mico GRN y un patr\u00f3n de agarre dise\u00f1ado para uso en exteriores con o sin guantes, h\u00famedo o seco. La hoja afilada de acero inoxidable CRYO 440 con punta a presi\u00f3n funciona para una variedad de trabajos de corte y al mismo tiempo proporciona una excelente retenci\u00f3n de los bordes y resistencia a la corrosi\u00f3n. El Aegis MT cuenta con cinco herramientas esenciales que incluyen alicates de punta fina con palanca compuesta patentada de SOG, cortadores de alambre blando, pinzas, un abridor de botellas y una hoja de acero inoxidable 440 de 1,9 pulgadas.<\/p>\n<p>EL COMPA\u00d1ERO ESENCIAL AL \u200b\u200bAIRE LIBRE<br \/>\nEl Aegis MT cuenta con cinco herramientas que garantizar\u00e1n que lo desee en su mochila cada vez que salga a una aventura al aire libre.<\/p>\n<p>MULTIHERRAMIENTA COMPACTA Y COMPACTA PARA USO EN EXTERIORES<br \/>\nCinco herramientas, incluida una hoja de acero inoxidable CRYO 440, alicates de palanca compuesta de SOG, abridor de botellas, pinzas y cortador de alambre, hacen del Aegis MT la herramienta que puede utilizar cuando est\u00e1 fuera de casa.<\/p>\n<p>HOJA DE ACERO INOXIDABLE CRYO 440<\/p>\n<p>Hoja de acero CRYO 440 de 1,9 pulgadas s\u00faper afilada, resistente y resistente a la corrosi\u00f3n con clip.<\/p>\n<p>MANGO VERDE<\/p>\n<p>El robusto mango GRN tiene textura para un agarre seguro tanto en h\u00famedo como en seco, sin guantes.<\/p>\n<p>PALANCA COMPUESTA<\/p>\n<p>Los puntos de pivote accionados por engranajes generan m\u00e1s recorrido del mango en relaci\u00f3n con el movimiento de los alicates, ofreciendo el doble de potencia de corte y agarre que los alicates convencionales para un uso m\u00e1s suave y f\u00e1cil.<\/p>\n<p>Peso: 68 gramos<br \/>\nTama\u00f1o total: 11,7 cm<br \/>\nLongitud de la hoja: 5 cm<br \/>\nGrosor de la hoja: 0,15 cm.<br \/>\nAcero: CRYO 440<br \/>\nLongitud del mango: 8,2 cm<br \/>\nMaterial del mango: GRN<\/p>\n<p>&nbsp;<\/p>\n<p>&nbsp;<\/p>\n<p>&nbsp;<\/p>\n<p><iframe title=\"Aegis MT\" width=\"800\" height=\"450\" src=\"https:\/\/www.youtube.com\/embed\/BYXhNxksK2k?feature=oembed\" frameborder=\"0\" allow=\"accelerometer; autoplay; clipboard-write; encrypted-media; gyroscope; picture-in-picture; web-share\" referrerpolicy=\"strict-origin-when-cross-origin\" allowfullscreen><\/iframe><\/p>\n<p>&nbsp;<\/p>\n","protected":false},"excerpt":{"rendered":"<p><strong>Aegis MT es una peque\u00f1a multiherramienta con cinco herramientas b\u00e1sicas que necesita con mayor frecuencia.<\/strong><\/p>\n","protected":false},"featured_media":346123,"comment_status":"open","ping_status":"closed","template":"","meta":[],"pwb-brand":[3848],"product_brand":[],"product_cat":[3725],"product_tag":[],"class_list":{"0":"post-346199","1":"product","2":"type-product","3":"status-publish","4":"has-post-thumbnail","6":"pwb-brand-sog-es","7":"product_cat-herramienta-multiple","9":"first","10":"instock","11":"taxable","12":"shipping-taxable","13":"purchasable","14":"product-type-simple"},"brands":[{"id":3848,"name":"SOG","slug":"sog-es"}],"_links":{"self":[{"href":"https:\/\/www.moskito.cz\/es\/wp-json\/wp\/v2\/product\/346199","targetHints":{"allow":["GET"]}}],"collection":[{"href":"https:\/\/www.moskito.cz\/es\/wp-json\/wp\/v2\/product"}],"about":[{"href":"https:\/\/www.moskito.cz\/es\/wp-json\/wp\/v2\/types\/product"}],"replies":[{"embeddable":true,"href":"https:\/\/www.moskito.cz\/es\/wp-json\/wp\/v2\/comments?post=346199"}],"wp:featuredmedia":[{"embeddable":true,"href":"https:\/\/www.moskito.cz\/es\/wp-json\/wp\/v2\/media\/346123"}],"wp:attachment":[{"href":"https:\/\/www.moskito.cz\/es\/wp-json\/wp\/v2\/media?parent=346199"}],"wp:term":[{"taxonomy":"pwb-brand","embeddable":true,"href":"https:\/\/www.moskito.cz\/es\/wp-json\/wp\/v2\/pwb-brand?post=346199"},{"taxonomy":"product_brand","embeddable":true,"href":"https:\/\/www.moskito.cz\/es\/wp-json\/wp\/v2\/product_brand?post=346199"},{"taxonomy":"product_cat","embeddable":true,"href":"https:\/\/www.moskito.cz\/es\/wp-json\/wp\/v2\/product_cat?post=346199"},{"taxonomy":"product_tag","embeddable":true,"href":"https:\/\/www.moskito.cz\/es\/wp-json\/wp\/v2\/product_tag?post=346199"}],"curies":[{"name":"wp","href":"https:\/\/api.w.org\/{rel}","templated":true}]}}