{"id":346319,"date":"2024-06-20T14:22:51","date_gmt":"2024-06-20T13:27:29","guid":{"rendered":"https:\/\/www.moskito.cz\/produkt\/proveedor-sog-de-cuchillo-solido-fx\/"},"modified":"2025-05-07T11:18:08","modified_gmt":"2025-05-07T10:18:08","slug":"proveedor-sog-de-cuchillo-solido-fx","status":"publish","type":"product","link":"https:\/\/www.moskito.cz\/es\/produkt\/proveedor-sog-de-cuchillo-solido-fx\/","title":{"rendered":"Proveedor SOG de cuchillo s\u00f3lido FX"},"content":{"rendered":"<p>Proveedor <strong>de SOG<\/strong> de cuchillo s\u00f3lido FX.<\/p>\n<p>Provider FX es un compa\u00f1ero vers\u00e1til y confiable para cazadores y entusiastas del aire libre. Construido teniendo en cuenta la precisi\u00f3n y la durabilidad, este excepcional cuchillo est\u00e1 dise\u00f1ado para ofrecer un rendimiento superior en la naturaleza. Cuenta con una hoja de acero para piedra de 154 cm y 3,75 pulgadas conocida por su excelente retenci\u00f3n de bordes y resistencia a la corrosi\u00f3n. La hoja realiza un corte completo a lo largo del lomo y ofrece mejor control y agarre para un corte preciso. El mango texturizado y robusto de la b\u00e1scula G10 proporciona un agarre seguro y se puede quitar f\u00e1cilmente para obtener un paquete liviano y compacto. La funda Kydex cuenta con un vers\u00e1til sistema de montaje SOG que te permite tener este cuchillo a mano siempre que lo necesites.<\/p>\n<p>Construido para el rendimiento<br \/>\nEl acabado de su hoja de 154 cm de espesor proporciona una apariencia robusta y distintiva al mismo tiempo que proporciona una capa adicional de protecci\u00f3n contra el desgaste. La hoja realiza un corte completo a lo largo del lomo y ofrece mejor control y agarre para un corte preciso.<\/p>\n<p>Ya sea que est\u00e9s siguiendo un juego o conquistando la naturaleza, Provider FX es el compa\u00f1ero perfecto para tus aventuras al aire libre.<br \/>\nSu construcci\u00f3n robusta, materiales de primera calidad y dise\u00f1o bien pensado la convierten en una herramienta indispensable tanto para cazadores, campistas y amantes de la naturaleza. Conf\u00ede en un proveedor de FX que ofrece rendimiento y confiabilidad excepcionales en cada paso del camino.<\/p>\n<p>Acero 154CM<\/p>\n<p>El coraz\u00f3n del Provider FX es una hoja forjada con acero de 154 cm de alta calidad. Conocido por su excelente retenci\u00f3n de la hoja y resistencia a la corrosi\u00f3n, este acero de primera calidad garantiza que su cuchillo permanecer\u00e1 afilado y confiable incluso con un uso prolongado en condiciones dif\u00edciles. La longitud de la hoja es de 3,75&#8243;, que es el equilibrio perfecto entre versatilidad y maniobrabilidad. Con una longitud total de 8,1&#8243;, este cuchillo proporciona suficiente alcance manteniendo un dise\u00f1o compacto y port\u00e1til.<\/p>\n<p>Asas G10 desmontables<\/p>\n<p>Dise\u00f1ado para satisfacer sus necesidades, el Provider FX cuenta con un mango G10 verde desmontable para un transporte y embalaje liviano y compacto. El G10 es conocido por su resistencia excepcional, que permite un agarre seguro y c\u00f3modo incluso en condiciones h\u00famedas o resbaladizas.<\/p>\n<p>Peso: 142 gramos<br \/>\nTama\u00f1o total: 20,5 cm.<br \/>\nLongitud de la hoja: 9,5 cm<br \/>\nGrosor de la hoja: 0,36 cm.<br \/>\nAcero: CRIO 154CM<br \/>\nMaterial del mango: GRN<br \/>\nMaterial de la caja: Kydex<\/p>\n<p><iframe title=\"Provider FX\" width=\"800\" height=\"450\" src=\"https:\/\/www.youtube.com\/embed\/8uWEDZD3w4k?feature=oembed\" frameborder=\"0\" allow=\"accelerometer; autoplay; clipboard-write; encrypted-media; gyroscope; picture-in-picture; web-share\" referrerpolicy=\"strict-origin-when-cross-origin\" allowfullscreen><\/iframe><\/p>\n<p>&nbsp;<\/p>\n<p>&nbsp;<\/p>\n","protected":false},"excerpt":{"rendered":"<p><strong>El Provider FX es un cuchillo s\u00f3lido vers\u00e1til y confiable para cazadores y entusiastas del aire libre con una construcci\u00f3n de espiga completa.<\/strong><\/p>\n<p><strong>Transporte gratuito.<\/strong><\/p>\n","protected":false},"featured_media":346260,"comment_status":"open","ping_status":"closed","template":"","meta":[],"pwb-brand":[3848],"product_brand":[],"product_cat":[3726,3727],"product_tag":[],"class_list":{"0":"post-346319","1":"product","2":"type-product","3":"status-publish","4":"has-post-thumbnail","6":"pwb-brand-sog-es","7":"product_cat-cuchillos","8":"product_cat-cuchillos-macizos","10":"first","11":"instock","12":"taxable","13":"shipping-taxable","14":"purchasable","15":"product-type-simple"},"brands":[{"id":3848,"name":"SOG","slug":"sog-es"}],"_links":{"self":[{"href":"https:\/\/www.moskito.cz\/es\/wp-json\/wp\/v2\/product\/346319","targetHints":{"allow":["GET"]}}],"collection":[{"href":"https:\/\/www.moskito.cz\/es\/wp-json\/wp\/v2\/product"}],"about":[{"href":"https:\/\/www.moskito.cz\/es\/wp-json\/wp\/v2\/types\/product"}],"replies":[{"embeddable":true,"href":"https:\/\/www.moskito.cz\/es\/wp-json\/wp\/v2\/comments?post=346319"}],"wp:featuredmedia":[{"embeddable":true,"href":"https:\/\/www.moskito.cz\/es\/wp-json\/wp\/v2\/media\/346260"}],"wp:attachment":[{"href":"https:\/\/www.moskito.cz\/es\/wp-json\/wp\/v2\/media?parent=346319"}],"wp:term":[{"taxonomy":"pwb-brand","embeddable":true,"href":"https:\/\/www.moskito.cz\/es\/wp-json\/wp\/v2\/pwb-brand?post=346319"},{"taxonomy":"product_brand","embeddable":true,"href":"https:\/\/www.moskito.cz\/es\/wp-json\/wp\/v2\/product_brand?post=346319"},{"taxonomy":"product_cat","embeddable":true,"href":"https:\/\/www.moskito.cz\/es\/wp-json\/wp\/v2\/product_cat?post=346319"},{"taxonomy":"product_tag","embeddable":true,"href":"https:\/\/www.moskito.cz\/es\/wp-json\/wp\/v2\/product_tag?post=346319"}],"curies":[{"name":"wp","href":"https:\/\/api.w.org\/{rel}","templated":true}]}}