{"id":346407,"date":"2024-06-20T14:49:03","date_gmt":"2024-06-20T13:49:03","guid":{"rendered":"https:\/\/www.moskito.cz\/produkt\/cuchillo-fijo-super-sog-bowie\/"},"modified":"2024-06-20T14:50:45","modified_gmt":"2024-06-20T13:50:45","slug":"cuchillo-fijo-super-sog-bowie","status":"publish","type":"product","link":"https:\/\/www.moskito.cz\/es\/produkt\/cuchillo-fijo-super-sog-bowie\/","title":{"rendered":"Cuchillo Fijo SUPER SOG BOWIE"},"content":{"rendered":"<p>Cuchillo Fijo SUPER <strong>SOG<\/strong> BOWIE.<\/p>\n<p>Hasta nuestro 20. En 2006, aniversario, lanzamos una nueva adaptaci\u00f3n del SOG original de Bowie, quien fund\u00f3 la empresa. Esta hoja de gran formato le sorprender\u00e1 por su construcci\u00f3n precisa y sus l\u00edneas de afilado. A diferencia del original, todas las piezas est\u00e1n protegidas por un revestimiento s\u00f3lido de TiNi negro para una mejor apariencia y rendimiento. Mantiene sus ra\u00edces con un mango de lavadora de cuero doblado y un dise\u00f1o general.<\/p>\n<p>Pala fija XL de gran formato cuyo estilo y esencia lanzaron SOG.<br \/>\nCuenta con una hoja TiNi negra de 7,5 pulgadas hecha de acero AUS-8 de calidad con un respaldo de cuero doblado con epoxi y una protecci\u00f3n cruzada y un pomo de acero inoxidable.<\/p>\n<p>Protector cruzado en forma<\/p>\n<p>Mantiene tus dedos seguros y saludables. Se ve genial tambi\u00e9n.<\/p>\n<p>Dise\u00f1o de mango cl\u00e1sico<\/p>\n<p>El mango de la lavadora de cuero plisado epoxi brinda una apariencia cl\u00e1sica y una sensaci\u00f3n c\u00f3moda.<\/p>\n<p>Hoja fija de gran formato.<\/p>\n<p>Hoja resistente y duradera.<\/p>\n<p>Peso: 493 gramos<br \/>\nTama\u00f1o total: 32,7 cm<br \/>\nLongitud de la hoja: 19,1 cm<br \/>\nGrosor de la hoja: 0,64 cm.<br \/>\nAcero: AUS-8<br \/>\nMaterial del mango: Arandelas de cuero epoxidado apiladas<br \/>\nMaterial de la caja: Cuero<\/p>\n<p>&nbsp;<\/p>\n<p>&nbsp;<\/p>\n","protected":false},"excerpt":{"rendered":"<p><strong>Hasta nuestro 20. En 2006, aniversario, lanzamos una nueva adaptaci\u00f3n del SOG original de Bowie, quien fund\u00f3 la empresa. Esta pala de gran formato te sorprender\u00e1 por su construcci\u00f3n precisa.<\/strong><\/p>\n<p><strong>Transporte gratuito.<\/strong><\/p>\n","protected":false},"featured_media":346334,"comment_status":"open","ping_status":"closed","template":"","meta":[],"pwb-brand":[3848],"product_brand":[],"product_cat":[3727,3726],"product_tag":[],"class_list":{"0":"post-346407","1":"product","2":"type-product","3":"status-publish","4":"has-post-thumbnail","6":"pwb-brand-sog-es","7":"product_cat-cuchillos-macizos","8":"product_cat-cuchillos","10":"first","11":"instock","12":"taxable","13":"shipping-taxable","14":"purchasable","15":"product-type-simple"},"brands":[{"id":3848,"name":"SOG","slug":"sog-es"}],"_links":{"self":[{"href":"https:\/\/www.moskito.cz\/es\/wp-json\/wp\/v2\/product\/346407","targetHints":{"allow":["GET"]}}],"collection":[{"href":"https:\/\/www.moskito.cz\/es\/wp-json\/wp\/v2\/product"}],"about":[{"href":"https:\/\/www.moskito.cz\/es\/wp-json\/wp\/v2\/types\/product"}],"replies":[{"embeddable":true,"href":"https:\/\/www.moskito.cz\/es\/wp-json\/wp\/v2\/comments?post=346407"}],"wp:featuredmedia":[{"embeddable":true,"href":"https:\/\/www.moskito.cz\/es\/wp-json\/wp\/v2\/media\/346334"}],"wp:attachment":[{"href":"https:\/\/www.moskito.cz\/es\/wp-json\/wp\/v2\/media?parent=346407"}],"wp:term":[{"taxonomy":"pwb-brand","embeddable":true,"href":"https:\/\/www.moskito.cz\/es\/wp-json\/wp\/v2\/pwb-brand?post=346407"},{"taxonomy":"product_brand","embeddable":true,"href":"https:\/\/www.moskito.cz\/es\/wp-json\/wp\/v2\/product_brand?post=346407"},{"taxonomy":"product_cat","embeddable":true,"href":"https:\/\/www.moskito.cz\/es\/wp-json\/wp\/v2\/product_cat?post=346407"},{"taxonomy":"product_tag","embeddable":true,"href":"https:\/\/www.moskito.cz\/es\/wp-json\/wp\/v2\/product_tag?post=346407"}],"curies":[{"name":"wp","href":"https:\/\/api.w.org\/{rel}","templated":true}]}}