{"id":346459,"date":"2022-11-24T23:20:55","date_gmt":"2024-06-20T14:14:45","guid":{"rendered":"https:\/\/www.moskito.cz\/produkt\/cuchillo-fijo-extrema-ratio-misericordia-black-warfare-edicion-limitada\/"},"modified":"2025-05-07T11:18:10","modified_gmt":"2025-05-07T10:18:10","slug":"cuchillo-fijo-extrema-ratio-misericordia-black-warfare-edicion-limitada","status":"publish","type":"product","link":"https:\/\/www.moskito.cz\/es\/produkt\/cuchillo-fijo-extrema-ratio-misericordia-black-warfare-edicion-limitada\/","title":{"rendered":"Cuchillo Fijo Extrema Ratio MISERICORDIA BLACK WARFARE EDICI\u00d3N LIMITADA"},"content":{"rendered":"<p>Cuchillo Fijo <strong>Extrema Ratio<\/strong> MISERICORDIA BLACK WARFARE EDICI\u00d3N LIMITADA.<\/p>\n<p>Extrema Ratio Misericordia Black Warfare es una edici\u00f3n limitada de s\u00f3lo 500 piezas. Tiene todas las caracter\u00edsticas de la famosa Misericordia adoptada el d\u00eda 4. por el Regimiento Alpino de Paracaidistas, que contribuy\u00f3 a su desarrollo y pruebas, y lo eligi\u00f3 por sus caracter\u00edsticas \u00fanicas que lo hacen particularmente adecuado para el combate de emboscada.<\/p>\n<p>La hoja est\u00e1 fresada en acero B\u00f6hler N690 y tratada t\u00e9rmicamente a 58 HRC para obtener la mejor combinaci\u00f3n de retenci\u00f3n de bordes y dureza. Tiene 118 mm (4,65 \u201d) de largo y 4 mm (0,16 \u201d) de espesor con un rectificado plano. El cuchillo pesa s\u00f3lo 87 g (3,1 oz). La hoja tiene forma de punta de lanza con una longitud m\u00e1s completa que la hace a\u00fan m\u00e1s ligera y tiene un doble filo falso hasta 3\/4 de su longitud. Su acabado, Black Warfare, est\u00e1 fabricado a partir del innovador y original patr\u00f3n Geotech Camo de Extrema Ratio, grabado con l\u00e1ser en la superficie. El mango conserva el perfil ergon\u00f3mico caracter\u00edstico de Extrema Ratio y est\u00e1 fabricado de nailon reforzado con fibra de vidrio para ofrecer la m\u00e1xima dureza en todo momento, incluso en los usos m\u00e1s duros.<\/p>\n<p>El anillo distintivo en la ojiva ayuda al soldado a obtener un mejor agarre para un tir\u00f3n m\u00e1s seguro y efectivo, aumentando exponencialmente la efectividad en combate de la Misericordia. La funda Kydex se puede sujetar a un clip para cintur\u00f3n, ULTICLIP y clip malicia, as\u00ed como a una correa MOLLE con paracord. Tambi\u00e9n hay una funda de nailon resistente opcional con dos bucles ajustables para sujetarla a una correa MOLLE.<\/p>\n<p>Misericordia Black Warfare viene en un estuche impermeable de polipropileno IP67 resistente a la intemperie, al polvo y a los golpes con v\u00e1lvula de presi\u00f3n que tambi\u00e9n lleva una funda Kydex, doble ulticlip, doble afilador (cer\u00e1mico y diamante sint\u00e9tico) y placa met\u00e1lica con n\u00fameros progresivos dentro de la serie de edici\u00f3n limitada.<\/p>\n<p>PESO G: 87<br \/>\nONZAS DE PESO: 3.1<br \/>\nLONGITUD DE LA HOJA (MM): 118<br \/>\nLARGO DE LA HOJA (PULGADAS): 4,64<br \/>\nLONGITUD TOTAL (MM): 233<br \/>\nLONGITUD TOTAL (H): 9,17<br \/>\nGROSOR DE LA HOJA (MM): 4<br \/>\nGROSOR DE LA HOJA (PULGADAS): 0,16<br \/>\nMATERIAL DE LA HOJA: ACERO B\u00d6HLER N690 (58HRC)<br \/>\nTRATAMIENTO DE LA SUPERFICIE DE LA HOJA: MIL-C-13924 BURNISHING GEOTECH CAMO<br \/>\nREJILLA PRINCIPAL: PLANA<br \/>\nMATERIAL DEL MANGO: NYLON \/ FIBRA DE VIDRIO (FRN)<\/p>\n<p><iframe title=\"New Misericordia Black Warfare\" width=\"800\" height=\"450\" src=\"https:\/\/www.youtube.com\/embed\/2IxpuJsoT1E?feature=oembed\" frameborder=\"0\" allow=\"accelerometer; autoplay; clipboard-write; encrypted-media; gyroscope; picture-in-picture; web-share\" referrerpolicy=\"strict-origin-when-cross-origin\" allowfullscreen><\/iframe><\/p>\n<p>&nbsp;<\/p>\n","protected":false},"excerpt":{"rendered":"<p>Con sede en Prato, Italia <strong>, Extrema Ratio<\/strong> ha estado dise\u00f1ando y fabricando cuchillos t\u00e1cticos, militares, de cocina, de cocina y de combate de alto rendimiento desde 1997 y tiene una reputaci\u00f3n de calidad superior insuperable en la industria de cuchillos militares y t\u00e1cticos. <strong>Transporte gratuito.<\/strong><\/p>\n","protected":false},"featured_media":346460,"comment_status":"open","ping_status":"closed","template":"","meta":[],"pwb-brand":[3766],"product_brand":[],"product_cat":[3726,3727],"product_tag":[3756],"class_list":{"0":"post-346459","1":"product","2":"type-product","3":"status-publish","4":"has-post-thumbnail","6":"pwb-brand-relacion-extrema","7":"product_cat-cuchillos","8":"product_cat-cuchillos-macizos","9":"product_tag-b2b-es","11":"first","12":"instock","13":"taxable","14":"shipping-taxable","15":"purchasable","16":"product-type-simple"},"brands":[{"id":3766,"name":"Relaci\u00f3n extrema","slug":"relacion-extrema"}],"_links":{"self":[{"href":"https:\/\/www.moskito.cz\/es\/wp-json\/wp\/v2\/product\/346459","targetHints":{"allow":["GET"]}}],"collection":[{"href":"https:\/\/www.moskito.cz\/es\/wp-json\/wp\/v2\/product"}],"about":[{"href":"https:\/\/www.moskito.cz\/es\/wp-json\/wp\/v2\/types\/product"}],"replies":[{"embeddable":true,"href":"https:\/\/www.moskito.cz\/es\/wp-json\/wp\/v2\/comments?post=346459"}],"wp:featuredmedia":[{"embeddable":true,"href":"https:\/\/www.moskito.cz\/es\/wp-json\/wp\/v2\/media\/346460"}],"wp:attachment":[{"href":"https:\/\/www.moskito.cz\/es\/wp-json\/wp\/v2\/media?parent=346459"}],"wp:term":[{"taxonomy":"pwb-brand","embeddable":true,"href":"https:\/\/www.moskito.cz\/es\/wp-json\/wp\/v2\/pwb-brand?post=346459"},{"taxonomy":"product_brand","embeddable":true,"href":"https:\/\/www.moskito.cz\/es\/wp-json\/wp\/v2\/product_brand?post=346459"},{"taxonomy":"product_cat","embeddable":true,"href":"https:\/\/www.moskito.cz\/es\/wp-json\/wp\/v2\/product_cat?post=346459"},{"taxonomy":"product_tag","embeddable":true,"href":"https:\/\/www.moskito.cz\/es\/wp-json\/wp\/v2\/product_tag?post=346459"}],"curies":[{"name":"wp","href":"https:\/\/api.w.org\/{rel}","templated":true}]}}