{"id":346518,"date":"2024-06-20T20:31:52","date_gmt":"2024-06-20T19:32:42","guid":{"rendered":"https:\/\/www.moskito.cz\/produkt\/cuchillo-de-tiro-boker-kalashnikov-wiener-warrior-cuchillo-automatico-rojo\/"},"modified":"2025-05-07T11:18:10","modified_gmt":"2025-05-07T10:18:10","slug":"cuchillo-de-tiro-boker-kalashnikov-wiener-warrior-cuchillo-automatico-rojo","status":"publish","type":"product","link":"https:\/\/www.moskito.cz\/es\/produkt\/cuchillo-de-tiro-boker-kalashnikov-wiener-warrior-cuchillo-automatico-rojo\/","title":{"rendered":"Cuchillo de tiro Boker Kalashnikov Wiener Warrior Cuchillo autom\u00e1tico Rojo"},"content":{"rendered":"<p>Cuchillo de Tiro <strong>Boker<\/strong> Kalashnikov Wiener Warrior Cuchillo Autom\u00e1tico Rojo.<\/p>\n<p>\u00a1Presentamos <strong>al guerrero del postre<\/strong> ! Es posible que hayamos roto las reglas al comenzar con algo dulce, pero estamos aqu\u00ed para compensarlo con una abundante porci\u00f3n de prote\u00edna directamente del famoso Warrior Buffet. Saluda a <strong>WIENER WARRIOR KALASHNIKOV<\/strong> , una exclusiva fresca y brillante <strong>de Moskito s.r.o.<\/strong> Ahora bien, cuando se trata de hot dogs, son ordinarios y luego extraordinarios. Estamos hablando del tipo que se obtiene en un partido de b\u00e9isbol, untado con mostaza y repleto de pulpa jugosa. Es una maravilla total, sin rellenos. Experimenta una ola de nostalgia americana con <strong>Wiener Warrior.<\/strong> Inspirado en el ic\u00f3nico rifle, el cuchillo Boker Kalashnikov cuenta con un dise\u00f1o simple pero muy funcional. Elaborado con materiales de primera calidad, este cuchillo ofrece un rendimiento y un valor excepcionales. Y justo cuando pensabas que no pod\u00edamos divertirnos m\u00e1s, te presentamos el Kalashnikov con este dise\u00f1o vien\u00e9s s\u00faper divertido que seguramente generar\u00e1 conversaci\u00f3n. \u00a1As\u00ed que toma tus especias y disfruta del Wiener Warrior!<\/p>\n<p>ESPECIFICACIONES: Hoja de acero: D 2<br \/>\nN\u00famero de modelo: 01 Kals 178 Nsoi<br \/>\nTipo de bloqueo: Bot\u00f3n<br \/>\nGrosor de la hoja: 0,3 cm.<br \/>\nGrosor del mango: 1,67 cm.<br \/>\nLongitud de la hoja: 8,12 cm<br \/>\nLongitud abierta: 19,12 cm<br \/>\nBorde de la hoja: liso<br \/>\nColor del acabado: rojo<br \/>\nMaterial del mango: aluminio<br \/>\nCaso de uso: EDC<\/p>\n","protected":false},"excerpt":{"rendered":"<p>Cuchillo de Tiro Boker Kalashnikov Wiener Warrior Cuchillo Autom\u00e1tico Rojo. \u00a1Presentamos al guerrero del postre ! Es posible que hayamos roto las reglas al comenzar con algo dulce, pero estamos aqu\u00ed para compensarlo con una abundante porci\u00f3n de prote\u00edna directamente del famoso Warrior Buffet. Saluda a WIENER WARRIOR KALASHNIKOV , una exclusiva fresca y brillante [&hellip;]<\/p>\n","protected":false},"featured_media":346484,"comment_status":"open","ping_status":"closed","template":"","meta":[],"pwb-brand":[3800],"product_brand":[],"product_cat":[3729,3726],"product_tag":[3756],"class_list":{"0":"post-346518","1":"product","2":"type-product","3":"status-publish","4":"has-post-thumbnail","6":"pwb-brand-boker-es","7":"product_cat-cuchillos-de-tiro","8":"product_cat-cuchillos","9":"product_tag-b2b-es","11":"first","12":"instock","13":"taxable","14":"shipping-taxable","15":"purchasable","16":"product-type-simple"},"brands":[{"id":3800,"name":"B\u00f3ker","slug":"boker-es"}],"_links":{"self":[{"href":"https:\/\/www.moskito.cz\/es\/wp-json\/wp\/v2\/product\/346518","targetHints":{"allow":["GET"]}}],"collection":[{"href":"https:\/\/www.moskito.cz\/es\/wp-json\/wp\/v2\/product"}],"about":[{"href":"https:\/\/www.moskito.cz\/es\/wp-json\/wp\/v2\/types\/product"}],"replies":[{"embeddable":true,"href":"https:\/\/www.moskito.cz\/es\/wp-json\/wp\/v2\/comments?post=346518"}],"wp:featuredmedia":[{"embeddable":true,"href":"https:\/\/www.moskito.cz\/es\/wp-json\/wp\/v2\/media\/346484"}],"wp:attachment":[{"href":"https:\/\/www.moskito.cz\/es\/wp-json\/wp\/v2\/media?parent=346518"}],"wp:term":[{"taxonomy":"pwb-brand","embeddable":true,"href":"https:\/\/www.moskito.cz\/es\/wp-json\/wp\/v2\/pwb-brand?post=346518"},{"taxonomy":"product_brand","embeddable":true,"href":"https:\/\/www.moskito.cz\/es\/wp-json\/wp\/v2\/product_brand?post=346518"},{"taxonomy":"product_cat","embeddable":true,"href":"https:\/\/www.moskito.cz\/es\/wp-json\/wp\/v2\/product_cat?post=346518"},{"taxonomy":"product_tag","embeddable":true,"href":"https:\/\/www.moskito.cz\/es\/wp-json\/wp\/v2\/product_tag?post=346518"}],"curies":[{"name":"wp","href":"https:\/\/api.w.org\/{rel}","templated":true}]}}