{"id":346784,"date":"2024-06-21T14:27:29","date_gmt":"2024-06-21T13:28:06","guid":{"rendered":"https:\/\/www.moskito.cz\/produkt\/cuchillo-arrojadizo-muela-pro-80l-14\/"},"modified":"2024-06-21T14:28:06","modified_gmt":"2024-06-21T13:28:06","slug":"cuchillo-arrojadizo-muela-pro-80l-14","status":"publish","type":"product","link":"https:\/\/www.moskito.cz\/es\/produkt\/cuchillo-arrojadizo-muela-pro-80l-14\/","title":{"rendered":"Cuchillo arrojadizo Muela PRO-80L-14"},"content":{"rendered":"<p>Cuchillo arrojadizo <strong>Muela<\/strong> PRO-80L-14.<\/p>\n<p><strong>PRO-THROW<\/strong> , un cuchillo arrojadizo (dardo) con dise\u00f1o de espiga completa de la conocida empresa espa\u00f1ola <strong>Muela<\/strong> . Masivo, perfectamente equilibrado, ideal para profesionales y entusiastas del lanzamiento. El entrenamiento con cuchillo permite desarrollar h\u00e1bitos de agarre adecuado al lanzar, evaluaci\u00f3n r\u00e1pida de la distancia al objetivo y t\u00e9cnica de lanzamiento correcta. Hecho de acero inoxidable duradero 420H, endurecido entre 54-58 HRC.<\/p>\n<p>Estuche &#8211; de cuero negro natural. La funda tiene un cintur\u00f3n que permite llevar el cuchillo en posici\u00f3n vertical.<\/p>\n<p>Datos t\u00e9cnicos:<br \/>\nN\u00famero de producto: PRO-80L-14<br \/>\nNombre: PRO-LANZAMIENTO<br \/>\nTipo de acero: 420H<br \/>\nDureza de la hoja seg\u00fan Rockwell: 54-58 HRC<br \/>\nAncho de la hoja: 3,6 cm\/1,42&#8243;<br \/>\nGrosor de la hoja: 0,45 cm\/0,18&#8243;<br \/>\nLongitud total: 25 cm\/9,84 pulgadas<br \/>\nPeso: 203 g\/7,16 oz<br \/>\nTipo de borde: Liso<br \/>\nTipo de hoja: Daga (daga)<br \/>\nMaterial del mango: Acero inoxidable<br \/>\nVaina: Cuero<br \/>\nFabricante: Muela, Espa\u00f1a<\/p>\n<p>&nbsp;<\/p>\n","protected":false},"excerpt":{"rendered":"<p><strong>PRO-THROW, un cuchillo arrojadizo (dardo) con dise\u00f1o de espiga completa de la conocida empresa espa\u00f1ola Muela. Masivo, perfectamente equilibrado, ideal para profesionales y entusiastas del lanzamiento.<\/strong><\/p>\n","protected":false},"featured_media":346767,"comment_status":"open","ping_status":"closed","template":"","meta":[],"pwb-brand":[3908],"product_brand":[],"product_cat":[3728,3726],"product_tag":[],"class_list":{"0":"post-346784","1":"product","2":"type-product","3":"status-publish","4":"has-post-thumbnail","6":"pwb-brand-ella-tenia-que","7":"product_cat-lanzando-cuchillos","8":"product_cat-cuchillos","10":"first","11":"outofstock","12":"taxable","13":"shipping-taxable","14":"purchasable","15":"product-type-simple"},"brands":[{"id":3908,"name":"Ella ten\u00eda que","slug":"ella-tenia-que"}],"_links":{"self":[{"href":"https:\/\/www.moskito.cz\/es\/wp-json\/wp\/v2\/product\/346784","targetHints":{"allow":["GET"]}}],"collection":[{"href":"https:\/\/www.moskito.cz\/es\/wp-json\/wp\/v2\/product"}],"about":[{"href":"https:\/\/www.moskito.cz\/es\/wp-json\/wp\/v2\/types\/product"}],"replies":[{"embeddable":true,"href":"https:\/\/www.moskito.cz\/es\/wp-json\/wp\/v2\/comments?post=346784"}],"wp:featuredmedia":[{"embeddable":true,"href":"https:\/\/www.moskito.cz\/es\/wp-json\/wp\/v2\/media\/346767"}],"wp:attachment":[{"href":"https:\/\/www.moskito.cz\/es\/wp-json\/wp\/v2\/media?parent=346784"}],"wp:term":[{"taxonomy":"pwb-brand","embeddable":true,"href":"https:\/\/www.moskito.cz\/es\/wp-json\/wp\/v2\/pwb-brand?post=346784"},{"taxonomy":"product_brand","embeddable":true,"href":"https:\/\/www.moskito.cz\/es\/wp-json\/wp\/v2\/product_brand?post=346784"},{"taxonomy":"product_cat","embeddable":true,"href":"https:\/\/www.moskito.cz\/es\/wp-json\/wp\/v2\/product_cat?post=346784"},{"taxonomy":"product_tag","embeddable":true,"href":"https:\/\/www.moskito.cz\/es\/wp-json\/wp\/v2\/product_tag?post=346784"}],"curies":[{"name":"wp","href":"https:\/\/api.w.org\/{rel}","templated":true}]}}