{"id":347149,"date":"2024-06-24T14:15:38","date_gmt":"2024-06-24T13:18:37","guid":{"rendered":"https:\/\/www.moskito.cz\/produkt\/cuchillo-macizo-muela-col-7mic\/"},"modified":"2025-05-07T11:18:31","modified_gmt":"2025-05-07T10:18:31","slug":"cuchillo-macizo-muela-col-7mic","status":"publish","type":"product","link":"https:\/\/www.moskito.cz\/es\/produkt\/cuchillo-macizo-muela-col-7mic\/","title":{"rendered":"Cuchillo Macizo Muela COL-7MIC"},"content":{"rendered":"<p>Cuchillo Macizo <strong>Muela<\/strong> COL-7MIC.<\/p>\n<p>COL-7MIC, cuchillo de caza compacto y satinado con construcci\u00f3n integral de acero X50CrMoV15. El acero se someti\u00f3 a un tratamiento criog\u00e9nico CRYO-T, tambi\u00e9n conocido como congelaci\u00f3n de acero. Esto mejora la dureza y resistencia de la hoja. \u00a1Mango de granito!<\/p>\n<p>1.4116 (X50CrMoV15): acero inoxidable martens\u00edtico con alto contenido de carbono y molibdeno-vanadio, altamente resistente a la corrosi\u00f3n y al desgaste. Se utiliza en la fabricaci\u00f3n de cuchillos, cubiertos de \u00faltima generaci\u00f3n e instrumentos quir\u00fargicos. Se caracteriza por una dureza relativamente alta para los aceros inoxidables de 56-58 HRC. La composici\u00f3n qu\u00edmica del acero se enriqueci\u00f3 dopando con 15,0% de cromo, 0,80% de molibdeno y 0,20% de vanadio.<\/p>\n<p>El acero fue sometido a un tratamiento criog\u00e9nico CRYO-T, tambi\u00e9n conocido como congelaci\u00f3n-descongelaci\u00f3n. CRYO-T da como resultado una estructura interna homog\u00e9nea del acero, lo que se refleja en un aumento significativo de la resistencia de la hoja, un aumento de la resistencia al impacto, la tensi\u00f3n y la torsi\u00f3n.<\/p>\n<p>Hoja: hoja ancha y s\u00f3lida Drop Point con un elegante acabado satinado. A pesar de su grosor, el rectificado plano proporciona excelentes propiedades de corte combinadas con una excelente durabilidad. La protecci\u00f3n ligeramente inclinada protege los dedos contra resbalones sobre la hoja mientras trabaja.<\/p>\n<p>Funda &#8211; cosida a mano, hecha de piel de vacuno marr\u00f3n de alta calidad con el logotipo del fabricante en relieve. Los bordes del estuche est\u00e1n cosidos con hilo decorativo. El accesorio para cintur\u00f3n permite transportar el cuchillo en posici\u00f3n vertical.<\/p>\n<p>Grupo Muela es actualmente una de las empresas l\u00edderes en el sector de los cuchillos de caza artesanales, tanto en Espa\u00f1a como a nivel mundial, y sus cuchillos y navajas gozan de gran prestigio por su superior calidad de elaboraci\u00f3n.<\/p>\n<p>Datos t\u00e9cnicos:<br \/>\nN\u00famero de producto: COL-7MIC<\/p>\n<p>Largo total: 15,50 cm \/ 6,1\u2033<br \/>\nLongitud de la hoja: 7,2 cm \/ 2,8 \u2033<br \/>\nGrosor de la hoja: 0,29 cm \/ 0,114\u2033<br \/>\nPeso: 90,0 g\/3,17 oz<\/p>\n<p>Material de la hoja: X50CrMoV15<br \/>\nDureza de la hoja: 56-58 HRc<br \/>\nRectificado de la hoja: Plano<br \/>\nTratamiento superficial de la hoja: satinado.<\/p>\n<p>Material del mango: Micarta, Lat\u00f3n<br \/>\nVaina (funda): Cuero<br \/>\nOtros accesorios: Ninguno<\/p>\n<p>Dise\u00f1ador: Muela<br \/>\nNombre de la marca: Muela<br \/>\nFabricante: Muela, Espa\u00f1a<br \/>\nPa\u00eds de origen: Espa\u00f1a<\/p>\n","protected":false},"excerpt":{"rendered":"<p><strong>Colibri Granite, Satin, cuchillo de caza compacto con una construcci\u00f3n integral de acero X50CrMoV15. El acero se someti\u00f3 a un tratamiento criog\u00e9nico CRYO-T, tambi\u00e9n conocido como congelaci\u00f3n de acero. Esto mejora la dureza y resistencia de la hoja.<\/strong><\/p>\n","protected":false},"featured_media":347113,"comment_status":"open","ping_status":"closed","template":"","meta":[],"pwb-brand":[3908],"product_brand":[],"product_cat":[3726,3727],"product_tag":[3756],"class_list":{"0":"post-347149","1":"product","2":"type-product","3":"status-publish","4":"has-post-thumbnail","6":"pwb-brand-ella-tenia-que","7":"product_cat-cuchillos","8":"product_cat-cuchillos-macizos","9":"product_tag-b2b-es","11":"first","12":"instock","13":"taxable","14":"shipping-taxable","15":"purchasable","16":"product-type-simple"},"brands":[{"id":3908,"name":"Ella ten\u00eda que","slug":"ella-tenia-que"}],"_links":{"self":[{"href":"https:\/\/www.moskito.cz\/es\/wp-json\/wp\/v2\/product\/347149","targetHints":{"allow":["GET"]}}],"collection":[{"href":"https:\/\/www.moskito.cz\/es\/wp-json\/wp\/v2\/product"}],"about":[{"href":"https:\/\/www.moskito.cz\/es\/wp-json\/wp\/v2\/types\/product"}],"replies":[{"embeddable":true,"href":"https:\/\/www.moskito.cz\/es\/wp-json\/wp\/v2\/comments?post=347149"}],"wp:featuredmedia":[{"embeddable":true,"href":"https:\/\/www.moskito.cz\/es\/wp-json\/wp\/v2\/media\/347113"}],"wp:attachment":[{"href":"https:\/\/www.moskito.cz\/es\/wp-json\/wp\/v2\/media?parent=347149"}],"wp:term":[{"taxonomy":"pwb-brand","embeddable":true,"href":"https:\/\/www.moskito.cz\/es\/wp-json\/wp\/v2\/pwb-brand?post=347149"},{"taxonomy":"product_brand","embeddable":true,"href":"https:\/\/www.moskito.cz\/es\/wp-json\/wp\/v2\/product_brand?post=347149"},{"taxonomy":"product_cat","embeddable":true,"href":"https:\/\/www.moskito.cz\/es\/wp-json\/wp\/v2\/product_cat?post=347149"},{"taxonomy":"product_tag","embeddable":true,"href":"https:\/\/www.moskito.cz\/es\/wp-json\/wp\/v2\/product_tag?post=347149"}],"curies":[{"name":"wp","href":"https:\/\/api.w.org\/{rel}","templated":true}]}}