{"id":347237,"date":"2024-06-24T15:32:50","date_gmt":"2024-06-24T14:33:38","guid":{"rendered":"https:\/\/www.moskito.cz\/produkt\/navaja-muela-plegable-con-estuche-pq-9r\/"},"modified":"2025-05-07T11:18:34","modified_gmt":"2025-05-07T10:18:34","slug":"navaja-muela-plegable-con-estuche-pq-9r","status":"publish","type":"product","link":"https:\/\/www.moskito.cz\/es\/produkt\/navaja-muela-plegable-con-estuche-pq-9r\/","title":{"rendered":"Navaja Muela Plegable con Estuche PQ-9R"},"content":{"rendered":"<p>Navaja <strong>Muela<\/strong> Plegable con Estuche PQ-9R.<\/p>\n<p>Navaja de bolsillo con mango de madera PQ-9R &#8211; Muela<\/p>\n<p>Las navajas Muela est\u00e1n consideradas las mejores navajas de caza y acabado de la cuchiller\u00eda espa\u00f1ola.<\/p>\n<p>Ideal para caza, pesca, supervivencia, bushcraft, camping, senderismo, actividades al aire libre y monta\u00f1ismo.<\/p>\n<p>A veces, los productos recibidos no tendr\u00e1n el mismo tono o vitalidad que las im\u00e1genes porque los materiales naturales como los tipos de madera o los cuernos y astas de animales pueden variar. Por favor tenga esto en cuenta.<\/p>\n<p>Longitud: Navaja de bolsillo 21 cm (hoja 9,5 cm; mango 11,5 cm)<br \/>\nAncho: Navaja de bolsillo 2 cm<br \/>\nAlto: Navaja de bolsillo 1,5 cm<br \/>\nPeso: Navaja de bolsillo 102 g; Concha 20g<\/p>\n<p>&nbsp;<\/p>\n","protected":false},"excerpt":{"rendered":"<p><strong>Ideal para caza, pesca, supervivencia, bushcraft, camping, senderismo, actividades al aire libre y monta\u00f1ismo.<\/strong><\/p>\n","protected":false},"featured_media":347218,"comment_status":"open","ping_status":"closed","template":"","meta":[],"pwb-brand":[3908],"product_brand":[],"product_cat":[3730,3726],"product_tag":[3756],"class_list":{"0":"post-347237","1":"product","2":"type-product","3":"status-publish","4":"has-post-thumbnail","6":"pwb-brand-ella-tenia-que","7":"product_cat-cuchillas-de-cierre","8":"product_cat-cuchillos","9":"product_tag-b2b-es","11":"first","12":"instock","13":"taxable","14":"shipping-taxable","15":"purchasable","16":"product-type-simple"},"brands":[{"id":3908,"name":"Ella ten\u00eda que","slug":"ella-tenia-que"}],"_links":{"self":[{"href":"https:\/\/www.moskito.cz\/es\/wp-json\/wp\/v2\/product\/347237","targetHints":{"allow":["GET"]}}],"collection":[{"href":"https:\/\/www.moskito.cz\/es\/wp-json\/wp\/v2\/product"}],"about":[{"href":"https:\/\/www.moskito.cz\/es\/wp-json\/wp\/v2\/types\/product"}],"replies":[{"embeddable":true,"href":"https:\/\/www.moskito.cz\/es\/wp-json\/wp\/v2\/comments?post=347237"}],"wp:featuredmedia":[{"embeddable":true,"href":"https:\/\/www.moskito.cz\/es\/wp-json\/wp\/v2\/media\/347218"}],"wp:attachment":[{"href":"https:\/\/www.moskito.cz\/es\/wp-json\/wp\/v2\/media?parent=347237"}],"wp:term":[{"taxonomy":"pwb-brand","embeddable":true,"href":"https:\/\/www.moskito.cz\/es\/wp-json\/wp\/v2\/pwb-brand?post=347237"},{"taxonomy":"product_brand","embeddable":true,"href":"https:\/\/www.moskito.cz\/es\/wp-json\/wp\/v2\/product_brand?post=347237"},{"taxonomy":"product_cat","embeddable":true,"href":"https:\/\/www.moskito.cz\/es\/wp-json\/wp\/v2\/product_cat?post=347237"},{"taxonomy":"product_tag","embeddable":true,"href":"https:\/\/www.moskito.cz\/es\/wp-json\/wp\/v2\/product_tag?post=347237"}],"curies":[{"name":"wp","href":"https:\/\/api.w.org\/{rel}","templated":true}]}}