{"id":347284,"date":"2024-06-24T15:45:53","date_gmt":"2024-06-24T14:47:33","guid":{"rendered":"https:\/\/www.moskito.cz\/produkt\/cuchillo-cerrador-muela-con-estuche-sw-8r\/"},"modified":"2025-05-07T11:18:35","modified_gmt":"2025-05-07T10:18:35","slug":"cuchillo-cerrador-muela-con-estuche-sw-8r","status":"publish","type":"product","link":"https:\/\/www.moskito.cz\/es\/produkt\/cuchillo-cerrador-muela-con-estuche-sw-8r\/","title":{"rendered":"Cuchillo Cerrador Muela con Estuche SW-8R"},"content":{"rendered":"<p>Navaja Cerradora <strong>Muela<\/strong> con Estuche SW-8R.<\/p>\n<p>Cuchillo de caza con cierre y gancho pelador ideal para cazadores y cazadoras. La forma de la hoja facilita el desollado y hay un gancho pelador en la parte superior. El cuchillo es compacto y, gracias a sus dimensiones, cabe c\u00f3modamente en un bolsillo y no pesa nada a la hora de cazar. La hoja est\u00e1 fabricada en acero inoxidable X50CrMoV15 de alta calidad. Para mayor seguridad en el trabajo, el cuchillo est\u00e1 equipado con un bloqueo de revestimiento. El mango est\u00e1 fabricado en madera de pakka. Viene con una funda de nailon negra.<\/p>\n<p>Peso del cuchillo: 100 g<\/p>\n<p>Longitud de la hoja: 175 mm<\/p>\n<p>Longitud de la hoja: 75 mm<\/p>\n<p>Acero: 440<\/p>\n<p>Dureza: 58-60 HRC<\/p>\n<p>Material del mango: madera<\/p>\n<p>Caso: nailon<\/p>\n","protected":false},"excerpt":{"rendered":"<p><strong>Cuchillo de caza con cierre y gancho pelador ideal para cazadores y cazadoras.<\/strong><\/p>\n","protected":false},"featured_media":347251,"comment_status":"open","ping_status":"closed","template":"","meta":[],"pwb-brand":[3908],"product_brand":[],"product_cat":[3730,3726],"product_tag":[3756],"class_list":{"0":"post-347284","1":"product","2":"type-product","3":"status-publish","4":"has-post-thumbnail","6":"pwb-brand-ella-tenia-que","7":"product_cat-cuchillas-de-cierre","8":"product_cat-cuchillos","9":"product_tag-b2b-es","11":"first","12":"instock","13":"taxable","14":"shipping-taxable","15":"purchasable","16":"product-type-simple"},"brands":[{"id":3908,"name":"Ella ten\u00eda que","slug":"ella-tenia-que"}],"_links":{"self":[{"href":"https:\/\/www.moskito.cz\/es\/wp-json\/wp\/v2\/product\/347284","targetHints":{"allow":["GET"]}}],"collection":[{"href":"https:\/\/www.moskito.cz\/es\/wp-json\/wp\/v2\/product"}],"about":[{"href":"https:\/\/www.moskito.cz\/es\/wp-json\/wp\/v2\/types\/product"}],"replies":[{"embeddable":true,"href":"https:\/\/www.moskito.cz\/es\/wp-json\/wp\/v2\/comments?post=347284"}],"wp:featuredmedia":[{"embeddable":true,"href":"https:\/\/www.moskito.cz\/es\/wp-json\/wp\/v2\/media\/347251"}],"wp:attachment":[{"href":"https:\/\/www.moskito.cz\/es\/wp-json\/wp\/v2\/media?parent=347284"}],"wp:term":[{"taxonomy":"pwb-brand","embeddable":true,"href":"https:\/\/www.moskito.cz\/es\/wp-json\/wp\/v2\/pwb-brand?post=347284"},{"taxonomy":"product_brand","embeddable":true,"href":"https:\/\/www.moskito.cz\/es\/wp-json\/wp\/v2\/product_brand?post=347284"},{"taxonomy":"product_cat","embeddable":true,"href":"https:\/\/www.moskito.cz\/es\/wp-json\/wp\/v2\/product_cat?post=347284"},{"taxonomy":"product_tag","embeddable":true,"href":"https:\/\/www.moskito.cz\/es\/wp-json\/wp\/v2\/product_tag?post=347284"}],"curies":[{"name":"wp","href":"https:\/\/api.w.org\/{rel}","templated":true}]}}